{"id":79078,"date":"2025-07-14T15:34:27","date_gmt":"2025-07-14T12:34:27","guid":{"rendered":"https:\/\/demo8.ecube.lv\/sezona.lv\/products\/zone-dzemperis-hitech-peleks\/"},"modified":"2025-07-14T15:34:27","modified_gmt":"2025-07-14T12:34:27","slug":"zone-dzemperis-hitech-peleks","status":"publish","type":"product","link":"https:\/\/sezona.lv\/en\/products\/zone-dzemperis-hitech-peleks\/","title":{"rendered":"Zone d\u017eemperis HITECH Pel\u0113ks"},"content":{"rendered":"<p>Izm\u0113rs: M, L, XL<\/p>\n<p>Kr\u0101sa: Pel\u0113ks<\/p>\n","protected":false},"excerpt":{"rendered":"<p>Izm\u0113rs: M, L, XL Kr\u0101sa: Pel\u0113ks<\/p>\n","protected":false},"featured_media":0,"template":"","meta":[],"product_brand":[],"product_cat":[4587,4645],"product_tag":[],"class_list":{"0":"post-79078","1":"product","2":"type-product","3":"status-publish","5":"product_cat-sports","6":"product_cat-floorball-clothes-floorball-summer-sports-sports","8":"first","9":"instock","10":"shipping-taxable","11":"purchasable","12":"product-type-simple"},"_links":{"self":[{"href":"https:\/\/sezona.lv\/en\/wp-json\/wp\/v2\/product\/79078","targetHints":{"allow":["GET"]}}],"collection":[{"href":"https:\/\/sezona.lv\/en\/wp-json\/wp\/v2\/product"}],"about":[{"href":"https:\/\/sezona.lv\/en\/wp-json\/wp\/v2\/types\/product"}],"wp:attachment":[{"href":"https:\/\/sezona.lv\/en\/wp-json\/wp\/v2\/media?parent=79078"}],"wp:term":[{"taxonomy":"product_brand","embeddable":true,"href":"https:\/\/sezona.lv\/en\/wp-json\/wp\/v2\/product_brand?post=79078"},{"taxonomy":"product_cat","embeddable":true,"href":"https:\/\/sezona.lv\/en\/wp-json\/wp\/v2\/product_cat?post=79078"},{"taxonomy":"product_tag","embeddable":true,"href":"https:\/\/sezona.lv\/en\/wp-json\/wp\/v2\/product_tag?post=79078"}],"curies":[{"name":"wp","href":"https:\/\/api.w.org\/{rel}","templated":true}]}}