{"id":79083,"date":"2025-07-14T15:34:31","date_gmt":"2025-07-14T12:34:31","guid":{"rendered":"https:\/\/demo8.ecube.lv\/sezona.lv\/products\/zone-t-krekls-ar-garam-rokam\/"},"modified":"2025-07-14T15:34:31","modified_gmt":"2025-07-14T12:34:31","slug":"zone-t-krekls-ar-garam-rokam","status":"publish","type":"product","link":"https:\/\/sezona.lv\/en\/products\/zone-t-krekls-ar-garam-rokam\/","title":{"rendered":"Zone T-krekls ar gar\u0101m rok\u0101m"},"content":{"rendered":"<p>T-krekls ar gar\u0101m rok\u0101m.<\/p>\n<p>Izm\u0113rs: S, M, L, XL<\/p>\n<p>Kr\u0101sa: Melns vai Pel\u0113ks<\/p>\n<p>&nbsp;<\/p>\n","protected":false},"excerpt":{"rendered":"<p>T-krekls ar gar\u0101m rok\u0101m. Izm\u0113rs: S, M, L, XL Kr\u0101sa: Melns vai Pel\u0113ks &nbsp;<\/p>\n","protected":false},"featured_media":0,"template":"","meta":[],"product_brand":[],"product_cat":[4587,4645],"product_tag":[],"class_list":{"0":"post-79083","1":"product","2":"type-product","3":"status-publish","5":"product_cat-sports","6":"product_cat-floorball-clothes-floorball-summer-sports-sports","8":"first","9":"instock","10":"shipping-taxable","11":"purchasable","12":"product-type-simple"},"_links":{"self":[{"href":"https:\/\/sezona.lv\/en\/wp-json\/wp\/v2\/product\/79083","targetHints":{"allow":["GET"]}}],"collection":[{"href":"https:\/\/sezona.lv\/en\/wp-json\/wp\/v2\/product"}],"about":[{"href":"https:\/\/sezona.lv\/en\/wp-json\/wp\/v2\/types\/product"}],"wp:attachment":[{"href":"https:\/\/sezona.lv\/en\/wp-json\/wp\/v2\/media?parent=79083"}],"wp:term":[{"taxonomy":"product_brand","embeddable":true,"href":"https:\/\/sezona.lv\/en\/wp-json\/wp\/v2\/product_brand?post=79083"},{"taxonomy":"product_cat","embeddable":true,"href":"https:\/\/sezona.lv\/en\/wp-json\/wp\/v2\/product_cat?post=79083"},{"taxonomy":"product_tag","embeddable":true,"href":"https:\/\/sezona.lv\/en\/wp-json\/wp\/v2\/product_tag?post=79083"}],"curies":[{"name":"wp","href":"https:\/\/api.w.org\/{rel}","templated":true}]}}