{"id":79096,"date":"2025-07-14T15:34:43","date_gmt":"2025-07-14T12:34:43","guid":{"rendered":"https:\/\/demo8.ecube.lv\/sezona.lv\/products\/blindsave-kompresijas-krekls-isam-rokam\/"},"modified":"2025-07-14T15:34:43","modified_gmt":"2025-07-14T12:34:43","slug":"blindsave-kompresijas-krekls-isam-rokam","status":"publish","type":"product","link":"https:\/\/sezona.lv\/en\/products\/blindsave-kompresijas-krekls-isam-rokam\/","title":{"rendered":"Blindsave kompresijas krekls \u012bs\u0101m rok\u0101m"},"content":{"rendered":"<p>Kompresijas krekls ar \u012bs\u0101m rok\u0101m.<\/p>\n<p>Izm\u0113rs: XS &#8211; XL<\/p>\n<p>Kr\u0101sa: Melns vai Balts<\/p>\n<p>&nbsp;<\/p>\n<p>&nbsp;<\/p>\n<p>&nbsp;<\/p>\n","protected":false},"excerpt":{"rendered":"<p>Kompresijas krekls ar \u012bs\u0101m rok\u0101m. Izm\u0113rs: XS &#8211; XL Kr\u0101sa: Melns vai Balts &nbsp; &nbsp; &nbsp;<\/p>\n","protected":false},"featured_media":0,"template":"","meta":[],"product_brand":[3410],"product_cat":[4587,4602,4633,4645],"product_tag":[],"class_list":{"0":"post-79096","1":"product","2":"type-product","3":"status-publish","5":"product_brand-blindsave","6":"product_cat-sports","7":"product_cat-summer-sports-sports","8":"product_cat-floorball-summer-sports-sports","9":"product_cat-floorball-clothes-floorball-summer-sports-sports","11":"first","12":"instock","13":"shipping-taxable","14":"purchasable","15":"product-type-simple"},"_links":{"self":[{"href":"https:\/\/sezona.lv\/en\/wp-json\/wp\/v2\/product\/79096","targetHints":{"allow":["GET"]}}],"collection":[{"href":"https:\/\/sezona.lv\/en\/wp-json\/wp\/v2\/product"}],"about":[{"href":"https:\/\/sezona.lv\/en\/wp-json\/wp\/v2\/types\/product"}],"wp:attachment":[{"href":"https:\/\/sezona.lv\/en\/wp-json\/wp\/v2\/media?parent=79096"}],"wp:term":[{"taxonomy":"product_brand","embeddable":true,"href":"https:\/\/sezona.lv\/en\/wp-json\/wp\/v2\/product_brand?post=79096"},{"taxonomy":"product_cat","embeddable":true,"href":"https:\/\/sezona.lv\/en\/wp-json\/wp\/v2\/product_cat?post=79096"},{"taxonomy":"product_tag","embeddable":true,"href":"https:\/\/sezona.lv\/en\/wp-json\/wp\/v2\/product_tag?post=79096"}],"curies":[{"name":"wp","href":"https:\/\/api.w.org\/{rel}","templated":true}]}}