{"id":79107,"date":"2025-07-14T15:34:53","date_gmt":"2025-07-14T12:34:53","guid":{"rendered":"https:\/\/demo8.ecube.lv\/sezona.lv\/products\/zone-toolbag-weightlifter-melna-balta-10-nujam\/"},"modified":"2025-07-14T15:34:53","modified_gmt":"2025-07-14T12:34:53","slug":"zone-toolbag-weightlifter-melna-balta-10-nujam","status":"publish","type":"product","link":"https:\/\/sezona.lv\/en\/products\/zone-toolbag-weightlifter-melna-balta-10-nujam\/","title":{"rendered":"Zone toolbag weightlifter melna\/balta (10 n\u016bj\u0101m)"},"content":{"rendered":"<p>soma paradz\u0113ta 10 n\u016bj\u0101m<\/p>\n","protected":false},"excerpt":{"rendered":"<p>soma paradz\u0113ta 10 n\u016bj\u0101m<\/p>\n","protected":false},"featured_media":0,"template":"","meta":[],"product_brand":[],"product_cat":[4587,4602,4633,4643],"product_tag":[],"class_list":{"0":"post-79107","1":"product","2":"type-product","3":"status-publish","5":"product_cat-sports","6":"product_cat-summer-sports-sports","7":"product_cat-floorball-summer-sports-sports","8":"product_cat-floorball-accessories-floorball-summer-sports-sports","10":"first","11":"instock","12":"shipping-taxable","13":"purchasable","14":"product-type-simple"},"_links":{"self":[{"href":"https:\/\/sezona.lv\/en\/wp-json\/wp\/v2\/product\/79107","targetHints":{"allow":["GET"]}}],"collection":[{"href":"https:\/\/sezona.lv\/en\/wp-json\/wp\/v2\/product"}],"about":[{"href":"https:\/\/sezona.lv\/en\/wp-json\/wp\/v2\/types\/product"}],"wp:attachment":[{"href":"https:\/\/sezona.lv\/en\/wp-json\/wp\/v2\/media?parent=79107"}],"wp:term":[{"taxonomy":"product_brand","embeddable":true,"href":"https:\/\/sezona.lv\/en\/wp-json\/wp\/v2\/product_brand?post=79107"},{"taxonomy":"product_cat","embeddable":true,"href":"https:\/\/sezona.lv\/en\/wp-json\/wp\/v2\/product_cat?post=79107"},{"taxonomy":"product_tag","embeddable":true,"href":"https:\/\/sezona.lv\/en\/wp-json\/wp\/v2\/product_tag?post=79107"}],"curies":[{"name":"wp","href":"https:\/\/api.w.org\/{rel}","templated":true}]}}