{"id":79120,"date":"2025-07-14T15:35:10","date_gmt":"2025-07-14T12:35:10","guid":{"rendered":"https:\/\/demo8.ecube.lv\/sezona.lv\/products\/selfie-nuja-unihoc-bluetooth\/"},"modified":"2025-07-14T15:35:10","modified_gmt":"2025-07-14T12:35:10","slug":"selfie-nuja-unihoc-bluetooth","status":"publish","type":"product","link":"https:\/\/sezona.lv\/en\/products\/selfie-nuja-unihoc-bluetooth\/","title":{"rendered":"Selfie n\u016bja Unihoc (bluetooth)"},"content":{"rendered":"<p>N\u016bja selfiju uz\u0146em&scaron;anai<\/p>\n<p>&nbsp;<\/p>\n","protected":false},"excerpt":{"rendered":"<p>N\u016bja selfiju uz\u0146em&scaron;anai &nbsp;<\/p>\n","protected":false},"featured_media":0,"template":"","meta":[],"product_brand":[],"product_cat":[4587,4602,4640],"product_tag":[],"class_list":{"0":"post-79120","1":"product","2":"type-product","3":"status-publish","5":"product_cat-sports","6":"product_cat-summer-sports-sports","7":"product_cat-recreation","9":"first","10":"instock","11":"shipping-taxable","12":"purchasable","13":"product-type-simple"},"_links":{"self":[{"href":"https:\/\/sezona.lv\/en\/wp-json\/wp\/v2\/product\/79120","targetHints":{"allow":["GET"]}}],"collection":[{"href":"https:\/\/sezona.lv\/en\/wp-json\/wp\/v2\/product"}],"about":[{"href":"https:\/\/sezona.lv\/en\/wp-json\/wp\/v2\/types\/product"}],"wp:attachment":[{"href":"https:\/\/sezona.lv\/en\/wp-json\/wp\/v2\/media?parent=79120"}],"wp:term":[{"taxonomy":"product_brand","embeddable":true,"href":"https:\/\/sezona.lv\/en\/wp-json\/wp\/v2\/product_brand?post=79120"},{"taxonomy":"product_cat","embeddable":true,"href":"https:\/\/sezona.lv\/en\/wp-json\/wp\/v2\/product_cat?post=79120"},{"taxonomy":"product_tag","embeddable":true,"href":"https:\/\/sezona.lv\/en\/wp-json\/wp\/v2\/product_tag?post=79120"}],"curies":[{"name":"wp","href":"https:\/\/api.w.org\/{rel}","templated":true}]}}