{"id":79137,"date":"2025-07-14T15:35:26","date_gmt":"2025-07-14T12:35:26","guid":{"rendered":"https:\/\/demo8.ecube.lv\/sezona.lv\/products\/unihoc-vartsarga-krekls-shield-melns-sarkans\/"},"modified":"2025-07-14T15:35:26","modified_gmt":"2025-07-14T12:35:26","slug":"unihoc-vartsarga-krekls-shield-melns-sarkans","status":"publish","type":"product","link":"https:\/\/sezona.lv\/en\/products\/unihoc-vartsarga-krekls-shield-melns-sarkans\/","title":{"rendered":"Unihoc V\u0101rtsarga krekls Shield melns\/sarkans"},"content":{"rendered":"<p>V\u0101rtsarga krekls ar iestr\u0101d\u0101tiem polsteriem kr\u016b&scaron;u rajon\u0101<\/p>\n<p>Izm\u0113rs: L<\/p>\n<p>Kr\u0101sa: Melna\/Sarkana<\/p>\n<p>&nbsp;<\/p>\n<p>&nbsp;<\/p>\n<p>&nbsp;<\/p>\n","protected":false},"excerpt":{"rendered":"<p>V\u0101rtsarga krekls ar iestr\u0101d\u0101tiem polsteriem kr\u016b&scaron;u rajon\u0101 Izm\u0113rs: L Kr\u0101sa: Melna\/Sarkana &nbsp; &nbsp; &nbsp;<\/p>\n","protected":false},"featured_media":0,"template":"","meta":[],"product_brand":[],"product_cat":[4587,4602,4633,4645],"product_tag":[],"class_list":{"0":"post-79137","1":"product","2":"type-product","3":"status-publish","5":"product_cat-sports","6":"product_cat-summer-sports-sports","7":"product_cat-floorball-summer-sports-sports","8":"product_cat-floorball-clothes-floorball-summer-sports-sports","10":"first","11":"instock","12":"shipping-taxable","13":"purchasable","14":"product-type-simple"},"_links":{"self":[{"href":"https:\/\/sezona.lv\/en\/wp-json\/wp\/v2\/product\/79137","targetHints":{"allow":["GET"]}}],"collection":[{"href":"https:\/\/sezona.lv\/en\/wp-json\/wp\/v2\/product"}],"about":[{"href":"https:\/\/sezona.lv\/en\/wp-json\/wp\/v2\/types\/product"}],"wp:attachment":[{"href":"https:\/\/sezona.lv\/en\/wp-json\/wp\/v2\/media?parent=79137"}],"wp:term":[{"taxonomy":"product_brand","embeddable":true,"href":"https:\/\/sezona.lv\/en\/wp-json\/wp\/v2\/product_brand?post=79137"},{"taxonomy":"product_cat","embeddable":true,"href":"https:\/\/sezona.lv\/en\/wp-json\/wp\/v2\/product_cat?post=79137"},{"taxonomy":"product_tag","embeddable":true,"href":"https:\/\/sezona.lv\/en\/wp-json\/wp\/v2\/product_tag?post=79137"}],"curies":[{"name":"wp","href":"https:\/\/api.w.org\/{rel}","templated":true}]}}