{"id":79147,"date":"2025-07-14T15:35:37","date_gmt":"2025-07-14T12:35:37","guid":{"rendered":"https:\/\/demo8.ecube.lv\/sezona.lv\/products\/blindsave-celsargi\/"},"modified":"2025-07-14T15:35:37","modified_gmt":"2025-07-14T12:35:37","slug":"blindsave-celsargi","status":"publish","type":"product","link":"https:\/\/sezona.lv\/en\/products\/blindsave-celsargi\/","title":{"rendered":"Blindsave Ce\u013csargi"},"content":{"rendered":"<p>Ce\u013cu da\u013c\u0101 iestr\u0101d\u0101ts polster\u0113jums, maksim\u0101ls komforts.<\/p>\n<p>Kr\u0101sa:Melna<\/p>\n<p>&nbsp;<\/p>\n<p>&nbsp;<\/p>\n","protected":false},"excerpt":{"rendered":"<p>Ce\u013cu da\u013c\u0101 iestr\u0101d\u0101ts polster\u0113jums, maksim\u0101ls komforts. Kr\u0101sa:Melna &nbsp; &nbsp;<\/p>\n","protected":false},"featured_media":0,"template":"","meta":[],"product_brand":[3410],"product_cat":[4587,4602,4633,4645],"product_tag":[],"class_list":{"0":"post-79147","1":"product","2":"type-product","3":"status-publish","5":"product_brand-blindsave","6":"product_cat-sports","7":"product_cat-summer-sports-sports","8":"product_cat-floorball-summer-sports-sports","9":"product_cat-floorball-clothes-floorball-summer-sports-sports","11":"first","12":"instock","13":"shipping-taxable","14":"purchasable","15":"product-type-simple"},"_links":{"self":[{"href":"https:\/\/sezona.lv\/en\/wp-json\/wp\/v2\/product\/79147","targetHints":{"allow":["GET"]}}],"collection":[{"href":"https:\/\/sezona.lv\/en\/wp-json\/wp\/v2\/product"}],"about":[{"href":"https:\/\/sezona.lv\/en\/wp-json\/wp\/v2\/types\/product"}],"wp:attachment":[{"href":"https:\/\/sezona.lv\/en\/wp-json\/wp\/v2\/media?parent=79147"}],"wp:term":[{"taxonomy":"product_brand","embeddable":true,"href":"https:\/\/sezona.lv\/en\/wp-json\/wp\/v2\/product_brand?post=79147"},{"taxonomy":"product_cat","embeddable":true,"href":"https:\/\/sezona.lv\/en\/wp-json\/wp\/v2\/product_cat?post=79147"},{"taxonomy":"product_tag","embeddable":true,"href":"https:\/\/sezona.lv\/en\/wp-json\/wp\/v2\/product_tag?post=79147"}],"curies":[{"name":"wp","href":"https:\/\/api.w.org\/{rel}","templated":true}]}}