{"id":79148,"date":"2025-07-14T15:35:37","date_gmt":"2025-07-14T12:35:37","guid":{"rendered":"https:\/\/demo8.ecube.lv\/sezona.lv\/products\/zone-kivere-monster-1-8-melna-tirkiza\/"},"modified":"2025-07-14T15:35:37","modified_gmt":"2025-07-14T12:35:37","slug":"zone-kivere-monster-1-8-melna-tirkiza","status":"publish","type":"product","link":"https:\/\/sezona.lv\/en\/products\/zone-kivere-monster-1-8-melna-tirkiza\/","title":{"rendered":"Zone \u0136ivere Monster 1.8 melna\/tirkiza"},"content":{"rendered":"<p>Aizsarg\u0137ivere v\u0101rtsargiem.<\/p>\n<p>Kr\u0101sa:Melna\/Tirk\u012bza<\/p>\n<p>&nbsp;<\/p>\n","protected":false},"excerpt":{"rendered":"<p>Aizsarg\u0137ivere v\u0101rtsargiem. Kr\u0101sa:Melna\/Tirk\u012bza &nbsp;<\/p>\n","protected":false},"featured_media":0,"template":"","meta":[],"product_brand":[],"product_cat":[4587,4602,4633,4646],"product_tag":[],"class_list":{"0":"post-79148","1":"product","2":"type-product","3":"status-publish","5":"product_cat-sports","6":"product_cat-summer-sports-sports","7":"product_cat-floorball-summer-sports-sports","8":"product_cat-floorball-masks-floorball-summer-sports-sports","10":"first","11":"instock","12":"shipping-taxable","13":"purchasable","14":"product-type-simple"},"_links":{"self":[{"href":"https:\/\/sezona.lv\/en\/wp-json\/wp\/v2\/product\/79148","targetHints":{"allow":["GET"]}}],"collection":[{"href":"https:\/\/sezona.lv\/en\/wp-json\/wp\/v2\/product"}],"about":[{"href":"https:\/\/sezona.lv\/en\/wp-json\/wp\/v2\/types\/product"}],"wp:attachment":[{"href":"https:\/\/sezona.lv\/en\/wp-json\/wp\/v2\/media?parent=79148"}],"wp:term":[{"taxonomy":"product_brand","embeddable":true,"href":"https:\/\/sezona.lv\/en\/wp-json\/wp\/v2\/product_brand?post=79148"},{"taxonomy":"product_cat","embeddable":true,"href":"https:\/\/sezona.lv\/en\/wp-json\/wp\/v2\/product_cat?post=79148"},{"taxonomy":"product_tag","embeddable":true,"href":"https:\/\/sezona.lv\/en\/wp-json\/wp\/v2\/product_tag?post=79148"}],"curies":[{"name":"wp","href":"https:\/\/api.w.org\/{rel}","templated":true}]}}