{"id":79158,"date":"2025-07-14T15:35:45","date_gmt":"2025-07-14T12:35:45","guid":{"rendered":"https:\/\/demo8.ecube.lv\/sezona.lv\/products\/zone-lapstina-hyper\/"},"modified":"2025-07-14T15:35:45","modified_gmt":"2025-07-14T12:35:45","slug":"zone-lapstina-hyper","status":"publish","type":"product","link":"https:\/\/sezona.lv\/en\/products\/zone-lapstina-hyper\/","title":{"rendered":"Zone L\u0101psti\u0146a Hyper"},"content":{"rendered":"<p>L\u0101psti\u0146as modelis: Hyper<\/p>\n<p>L\u0101psti\u0146as ciet\u012bba: Vid\u0113ji cieta<\/p>\n<p>Svars: 77g<\/p>\n<p>Kr\u0101sa: Dzeltena, Melna, Balta, Zila, Pel\u0113ka<\/p>\n<p>&nbsp;<\/p>\n<p>&nbsp;<\/p>\n","protected":false},"excerpt":{"rendered":"<p>L\u0101psti\u0146as modelis: Hyper L\u0101psti\u0146as ciet\u012bba: Vid\u0113ji cieta Svars: 77g Kr\u0101sa: Dzeltena, Melna, Balta, Zila, Pel\u0113ka &nbsp; &nbsp;<\/p>\n","protected":false},"featured_media":0,"template":"","meta":[],"product_brand":[],"product_cat":[4587,4602,4633,4642],"product_tag":[],"class_list":{"0":"post-79158","1":"product","2":"type-product","3":"status-publish","5":"product_cat-sports","6":"product_cat-summer-sports-sports","7":"product_cat-floorball-summer-sports-sports","8":"product_cat-floorball-sticks-floorball-summer-sports-sports","10":"first","11":"instock","12":"shipping-taxable","13":"purchasable","14":"product-type-simple"},"_links":{"self":[{"href":"https:\/\/sezona.lv\/en\/wp-json\/wp\/v2\/product\/79158","targetHints":{"allow":["GET"]}}],"collection":[{"href":"https:\/\/sezona.lv\/en\/wp-json\/wp\/v2\/product"}],"about":[{"href":"https:\/\/sezona.lv\/en\/wp-json\/wp\/v2\/types\/product"}],"wp:attachment":[{"href":"https:\/\/sezona.lv\/en\/wp-json\/wp\/v2\/media?parent=79158"}],"wp:term":[{"taxonomy":"product_brand","embeddable":true,"href":"https:\/\/sezona.lv\/en\/wp-json\/wp\/v2\/product_brand?post=79158"},{"taxonomy":"product_cat","embeddable":true,"href":"https:\/\/sezona.lv\/en\/wp-json\/wp\/v2\/product_cat?post=79158"},{"taxonomy":"product_tag","embeddable":true,"href":"https:\/\/sezona.lv\/en\/wp-json\/wp\/v2\/product_tag?post=79158"}],"curies":[{"name":"wp","href":"https:\/\/api.w.org\/{rel}","templated":true}]}}