{"id":79162,"date":"2025-07-11T16:54:09","date_gmt":"2025-07-11T13:54:09","guid":{"rendered":"https:\/\/demo8.ecube.lv\/sezona.lv\/products\/makskeresanas-spolu-soma-shimano-shallr04\/"},"modified":"2025-07-14T15:35:49","modified_gmt":"2025-07-14T12:35:49","slug":"makskeresanas-spolu-soma-shimano-shallr04","status":"publish","type":"product","link":"https:\/\/sezona.lv\/en\/products\/makskeresanas-spolu-soma-shimano-shallr04\/","title":{"rendered":"Mak\u0161\u0137er\u0113\u0161anas spo\u013cu soma Shimano SHALLR04"},"content":{"rendered":"<p>Mak&scaron;\u0137er\u0113&scaron;anas spo\u013cu soma Shimano SHALLR04.<\/p>\n<p>Izm\u0113rs: 22 x 16 x 11cm<\/p>\n","protected":false},"excerpt":{"rendered":"<p>Mak&scaron;\u0137er\u0113&scaron;anas spo\u013cu soma Shimano SHALLR04. Izm\u0113rs: 22 x 16 x 11cm<\/p>\n","protected":false},"featured_media":71550,"template":"","meta":[],"product_brand":[894],"product_cat":[4538,4556],"product_tag":[],"class_list":{"0":"post-79162","1":"product","2":"type-product","3":"status-publish","4":"has-post-thumbnail","6":"product_brand-salmo","7":"product_cat-fishing-equipment-recreation","8":"product_cat-bags-boxes-fishing-equipment-recreation","10":"first","11":"instock","12":"shipping-taxable","13":"purchasable","14":"product-type-simple"},"_links":{"self":[{"href":"https:\/\/sezona.lv\/en\/wp-json\/wp\/v2\/product\/79162","targetHints":{"allow":["GET"]}}],"collection":[{"href":"https:\/\/sezona.lv\/en\/wp-json\/wp\/v2\/product"}],"about":[{"href":"https:\/\/sezona.lv\/en\/wp-json\/wp\/v2\/types\/product"}],"wp:featuredmedia":[{"embeddable":true,"href":"https:\/\/sezona.lv\/en\/wp-json\/wp\/v2\/media\/71550"}],"wp:attachment":[{"href":"https:\/\/sezona.lv\/en\/wp-json\/wp\/v2\/media?parent=79162"}],"wp:term":[{"taxonomy":"product_brand","embeddable":true,"href":"https:\/\/sezona.lv\/en\/wp-json\/wp\/v2\/product_brand?post=79162"},{"taxonomy":"product_cat","embeddable":true,"href":"https:\/\/sezona.lv\/en\/wp-json\/wp\/v2\/product_cat?post=79162"},{"taxonomy":"product_tag","embeddable":true,"href":"https:\/\/sezona.lv\/en\/wp-json\/wp\/v2\/product_tag?post=79162"}],"curies":[{"name":"wp","href":"https:\/\/api.w.org\/{rel}","templated":true}]}}