{"id":79164,"date":"2025-07-14T15:35:50","date_gmt":"2025-07-14T12:35:50","guid":{"rendered":"https:\/\/demo8.ecube.lv\/sezona.lv\/products\/unihoc-nuju-komplekts-sniper\/"},"modified":"2025-07-14T15:35:50","modified_gmt":"2025-07-14T12:35:50","slug":"unihoc-nuju-komplekts-sniper","status":"publish","type":"product","link":"https:\/\/sezona.lv\/en\/products\/unihoc-nuju-komplekts-sniper\/","title":{"rendered":"Unihoc N\u016bju komplekts Sniper"},"content":{"rendered":"<p>K\u0101ts: Taisns<\/p>\n<p>Komplekt\u0101 ietilpst 12 n\u016bjas (9 kreis\u0101s puses, 3 lab\u0101s puses) + 6 bumbi\u0146as+ n\u016bjas soma<\/p>\n<p>&nbsp;<\/p>\n<p>&nbsp;<\/p>\n","protected":false},"excerpt":{"rendered":"<p>K\u0101ts: Taisns Komplekt\u0101 ietilpst 12 n\u016bjas (9 kreis\u0101s puses, 3 lab\u0101s puses) + 6 bumbi\u0146as+ n\u016bjas soma &nbsp; &nbsp;<\/p>\n","protected":false},"featured_media":0,"template":"","meta":[],"product_brand":[],"product_cat":[4587,4602,4633,4642],"product_tag":[],"class_list":{"0":"post-79164","1":"product","2":"type-product","3":"status-publish","5":"product_cat-sports","6":"product_cat-summer-sports-sports","7":"product_cat-floorball-summer-sports-sports","8":"product_cat-floorball-sticks-floorball-summer-sports-sports","10":"first","11":"instock","12":"shipping-taxable","13":"purchasable","14":"product-type-simple"},"_links":{"self":[{"href":"https:\/\/sezona.lv\/en\/wp-json\/wp\/v2\/product\/79164","targetHints":{"allow":["GET"]}}],"collection":[{"href":"https:\/\/sezona.lv\/en\/wp-json\/wp\/v2\/product"}],"about":[{"href":"https:\/\/sezona.lv\/en\/wp-json\/wp\/v2\/types\/product"}],"wp:attachment":[{"href":"https:\/\/sezona.lv\/en\/wp-json\/wp\/v2\/media?parent=79164"}],"wp:term":[{"taxonomy":"product_brand","embeddable":true,"href":"https:\/\/sezona.lv\/en\/wp-json\/wp\/v2\/product_brand?post=79164"},{"taxonomy":"product_cat","embeddable":true,"href":"https:\/\/sezona.lv\/en\/wp-json\/wp\/v2\/product_cat?post=79164"},{"taxonomy":"product_tag","embeddable":true,"href":"https:\/\/sezona.lv\/en\/wp-json\/wp\/v2\/product_tag?post=79164"}],"curies":[{"name":"wp","href":"https:\/\/api.w.org\/{rel}","templated":true}]}}