{"id":79166,"date":"2025-07-14T15:35:52","date_gmt":"2025-07-14T12:35:52","guid":{"rendered":"https:\/\/demo8.ecube.lv\/sezona.lv\/products\/unihoc-nuja-sniper\/"},"modified":"2025-07-14T15:35:52","modified_gmt":"2025-07-14T12:35:52","slug":"unihoc-nuja-sniper","status":"publish","type":"product","link":"https:\/\/sezona.lv\/en\/products\/unihoc-nuja-sniper\/","title":{"rendered":"Unihoc N\u016bja Sniper"},"content":{"rendered":"<p>K\u0101ts: Taisns<\/p>\n<p>Lokan\u012bba: 31mm<\/p>\n<p>N\u016bju l\u0101psti\u0146as kr\u0101sa var at&scaron;\u0137irties no bildes<\/p>\n<p>&nbsp;<\/p>\n","protected":false},"excerpt":{"rendered":"<p>K\u0101ts: Taisns Lokan\u012bba: 31mm N\u016bju l\u0101psti\u0146as kr\u0101sa var at&scaron;\u0137irties no bildes &nbsp;<\/p>\n","protected":false},"featured_media":0,"template":"","meta":[],"product_brand":[],"product_cat":[4587,4602,4633,4642],"product_tag":[],"class_list":{"0":"post-79166","1":"product","2":"type-product","3":"status-publish","5":"product_cat-sports","6":"product_cat-summer-sports-sports","7":"product_cat-floorball-summer-sports-sports","8":"product_cat-floorball-sticks-floorball-summer-sports-sports","10":"first","11":"instock","12":"shipping-taxable","13":"purchasable","14":"product-type-simple"},"_links":{"self":[{"href":"https:\/\/sezona.lv\/en\/wp-json\/wp\/v2\/product\/79166","targetHints":{"allow":["GET"]}}],"collection":[{"href":"https:\/\/sezona.lv\/en\/wp-json\/wp\/v2\/product"}],"about":[{"href":"https:\/\/sezona.lv\/en\/wp-json\/wp\/v2\/types\/product"}],"wp:attachment":[{"href":"https:\/\/sezona.lv\/en\/wp-json\/wp\/v2\/media?parent=79166"}],"wp:term":[{"taxonomy":"product_brand","embeddable":true,"href":"https:\/\/sezona.lv\/en\/wp-json\/wp\/v2\/product_brand?post=79166"},{"taxonomy":"product_cat","embeddable":true,"href":"https:\/\/sezona.lv\/en\/wp-json\/wp\/v2\/product_cat?post=79166"},{"taxonomy":"product_tag","embeddable":true,"href":"https:\/\/sezona.lv\/en\/wp-json\/wp\/v2\/product_tag?post=79166"}],"curies":[{"name":"wp","href":"https:\/\/api.w.org\/{rel}","templated":true}]}}