{"id":79170,"date":"2025-07-14T15:35:56","date_gmt":"2025-07-14T12:35:56","guid":{"rendered":"https:\/\/demo8.ecube.lv\/sezona.lv\/products\/zone-nuja-hyper-air-sl-curve-2-0-29-sudraba-roza\/"},"modified":"2025-07-14T15:35:56","modified_gmt":"2025-07-14T12:35:56","slug":"zone-nuja-hyper-air-sl-curve-2-0-29-sudraba-roza","status":"publish","type":"product","link":"https:\/\/sezona.lv\/en\/products\/zone-nuja-hyper-air-sl-curve-2-0-29-sudraba-roza\/","title":{"rendered":"Zone n\u016bja HYPER AIR SL Curve 2.0\u00b0 29 sudraba\/ roz\u0101"},"content":{"rendered":"<p>N\u016bjas modelis: Hyper AIR SL<\/p>\n<p>Garums: 100cm<\/p>\n<p>Lokan\u012bba: 29mm<\/p>\n<p>K\u0101ts: Curve ar 2.0 gr\u0101du ieliekumu<\/p>\n<p>&nbsp;<\/p>\n<p>&nbsp;<\/p>\n","protected":false},"excerpt":{"rendered":"<p>N\u016bjas modelis: Hyper AIR SL Garums: 100cm Lokan\u012bba: 29mm K\u0101ts: Curve ar 2.0 gr\u0101du ieliekumu &nbsp; &nbsp;<\/p>\n","protected":false},"featured_media":0,"template":"","meta":[],"product_brand":[],"product_cat":[4587,4602,4633,4642],"product_tag":[],"class_list":{"0":"post-79170","1":"product","2":"type-product","3":"status-publish","5":"product_cat-sports","6":"product_cat-summer-sports-sports","7":"product_cat-floorball-summer-sports-sports","8":"product_cat-floorball-sticks-floorball-summer-sports-sports","10":"first","11":"instock","12":"shipping-taxable","13":"purchasable","14":"product-type-simple"},"_links":{"self":[{"href":"https:\/\/sezona.lv\/en\/wp-json\/wp\/v2\/product\/79170","targetHints":{"allow":["GET"]}}],"collection":[{"href":"https:\/\/sezona.lv\/en\/wp-json\/wp\/v2\/product"}],"about":[{"href":"https:\/\/sezona.lv\/en\/wp-json\/wp\/v2\/types\/product"}],"wp:attachment":[{"href":"https:\/\/sezona.lv\/en\/wp-json\/wp\/v2\/media?parent=79170"}],"wp:term":[{"taxonomy":"product_brand","embeddable":true,"href":"https:\/\/sezona.lv\/en\/wp-json\/wp\/v2\/product_brand?post=79170"},{"taxonomy":"product_cat","embeddable":true,"href":"https:\/\/sezona.lv\/en\/wp-json\/wp\/v2\/product_cat?post=79170"},{"taxonomy":"product_tag","embeddable":true,"href":"https:\/\/sezona.lv\/en\/wp-json\/wp\/v2\/product_tag?post=79170"}],"curies":[{"name":"wp","href":"https:\/\/api.w.org\/{rel}","templated":true}]}}