{"id":79176,"date":"2025-07-14T15:36:04","date_gmt":"2025-07-14T12:36:04","guid":{"rendered":"https:\/\/demo8.ecube.lv\/sezona.lv\/products\/zone-nuja-zuper-air-sl-29-balta-roza\/"},"modified":"2025-07-14T15:36:04","modified_gmt":"2025-07-14T12:36:04","slug":"zone-nuja-zuper-air-sl-29-balta-roza","status":"publish","type":"product","link":"https:\/\/sezona.lv\/en\/products\/zone-nuja-zuper-air-sl-29-balta-roza\/","title":{"rendered":"Zone n\u016bja Zuper AIR SL 29 balta\/ roz\u0101"},"content":{"rendered":"<p>N\u016bjas modelis: AIR Concept s\u0113rija<\/p>\n<p>Lokan\u012bba: 29 mm<\/p>\n<p>L\u0101psti\u0146a: Zuper AIR vid\u0113ji cieta<\/p>\n<p>Svars: 202g<\/p>\n<p>Materi\u0101ls: 95% karbons, 5% stikla &scaron;\u0137iedra.<\/p>\n<p>&nbsp;<\/p>\n","protected":false},"excerpt":{"rendered":"<p>N\u016bjas modelis: AIR Concept s\u0113rija Lokan\u012bba: 29 mm L\u0101psti\u0146a: Zuper AIR vid\u0113ji cieta Svars: 202g Materi\u0101ls: 95% karbons, 5% stikla &scaron;\u0137iedra. &nbsp;<\/p>\n","protected":false},"featured_media":0,"template":"","meta":[],"product_brand":[],"product_cat":[4587,4602,4633,4642],"product_tag":[],"class_list":{"0":"post-79176","1":"product","2":"type-product","3":"status-publish","5":"product_cat-sports","6":"product_cat-summer-sports-sports","7":"product_cat-floorball-summer-sports-sports","8":"product_cat-floorball-sticks-floorball-summer-sports-sports","10":"first","11":"instock","12":"shipping-taxable","13":"purchasable","14":"product-type-simple"},"_links":{"self":[{"href":"https:\/\/sezona.lv\/en\/wp-json\/wp\/v2\/product\/79176","targetHints":{"allow":["GET"]}}],"collection":[{"href":"https:\/\/sezona.lv\/en\/wp-json\/wp\/v2\/product"}],"about":[{"href":"https:\/\/sezona.lv\/en\/wp-json\/wp\/v2\/types\/product"}],"wp:attachment":[{"href":"https:\/\/sezona.lv\/en\/wp-json\/wp\/v2\/media?parent=79176"}],"wp:term":[{"taxonomy":"product_brand","embeddable":true,"href":"https:\/\/sezona.lv\/en\/wp-json\/wp\/v2\/product_brand?post=79176"},{"taxonomy":"product_cat","embeddable":true,"href":"https:\/\/sezona.lv\/en\/wp-json\/wp\/v2\/product_cat?post=79176"},{"taxonomy":"product_tag","embeddable":true,"href":"https:\/\/sezona.lv\/en\/wp-json\/wp\/v2\/product_tag?post=79176"}],"curies":[{"name":"wp","href":"https:\/\/api.w.org\/{rel}","templated":true}]}}