{"id":79180,"date":"2025-07-14T15:36:08","date_gmt":"2025-07-14T12:36:08","guid":{"rendered":"https:\/\/demo8.ecube.lv\/sezona.lv\/products\/zone-nuja-hyper-composite-27-balta-melna\/"},"modified":"2025-07-14T15:36:08","modified_gmt":"2025-07-14T12:36:08","slug":"zone-nuja-hyper-composite-27-balta-melna","status":"publish","type":"product","link":"https:\/\/sezona.lv\/en\/products\/zone-nuja-hyper-composite-27-balta-melna\/","title":{"rendered":"Zone n\u016bja Hyper Composite 27 balta\/ melna"},"content":{"rendered":"<p>N\u016bjas modelis: Hyper Composite<\/p>\n<p>Tinums: Opti<\/p>\n<p>Svars: 234g<\/p>\n<p>Materi\u0101ls 100% stikla &scaron;\u0137iedra<\/p>\n<p>&nbsp;<\/p>\n<p>&nbsp;<\/p>\n","protected":false},"excerpt":{"rendered":"<p>N\u016bjas modelis: Hyper Composite Tinums: Opti Svars: 234g Materi\u0101ls 100% stikla &scaron;\u0137iedra &nbsp; &nbsp;<\/p>\n","protected":false},"featured_media":0,"template":"","meta":[],"product_brand":[],"product_cat":[4587,4602,4633,4642],"product_tag":[],"class_list":{"0":"post-79180","1":"product","2":"type-product","3":"status-publish","5":"product_cat-sports","6":"product_cat-summer-sports-sports","7":"product_cat-floorball-summer-sports-sports","8":"product_cat-floorball-sticks-floorball-summer-sports-sports","10":"first","11":"instock","12":"shipping-taxable","13":"purchasable","14":"product-type-simple"},"_links":{"self":[{"href":"https:\/\/sezona.lv\/en\/wp-json\/wp\/v2\/product\/79180","targetHints":{"allow":["GET"]}}],"collection":[{"href":"https:\/\/sezona.lv\/en\/wp-json\/wp\/v2\/product"}],"about":[{"href":"https:\/\/sezona.lv\/en\/wp-json\/wp\/v2\/types\/product"}],"wp:attachment":[{"href":"https:\/\/sezona.lv\/en\/wp-json\/wp\/v2\/media?parent=79180"}],"wp:term":[{"taxonomy":"product_brand","embeddable":true,"href":"https:\/\/sezona.lv\/en\/wp-json\/wp\/v2\/product_brand?post=79180"},{"taxonomy":"product_cat","embeddable":true,"href":"https:\/\/sezona.lv\/en\/wp-json\/wp\/v2\/product_cat?post=79180"},{"taxonomy":"product_tag","embeddable":true,"href":"https:\/\/sezona.lv\/en\/wp-json\/wp\/v2\/product_tag?post=79180"}],"curies":[{"name":"wp","href":"https:\/\/api.w.org\/{rel}","templated":true}]}}