{"id":79182,"date":"2025-07-14T15:36:10","date_gmt":"2025-07-14T12:36:10","guid":{"rendered":"https:\/\/demo8.ecube.lv\/sezona.lv\/products\/unihoc-nuja-sonic-edge-curve-1-0-26-melna-oranza\/"},"modified":"2025-07-14T15:36:10","modified_gmt":"2025-07-14T12:36:10","slug":"unihoc-nuja-sonic-edge-curve-1-0-26-melna-oranza","status":"publish","type":"product","link":"https:\/\/sezona.lv\/en\/products\/unihoc-nuja-sonic-edge-curve-1-0-26-melna-oranza\/","title":{"rendered":"Unihoc n\u016bja SONIC EDGE Curve 1.0 26 melna\/ oran\u017ea"},"content":{"rendered":"<p>N\u016bjas modelis: Sonic Edge<\/p>\n<p>K\u0101ts: Curve ar 1.0 gradu ieliekumu<\/p>\n<p>Tinums: Feather Light<\/p>\n<p>Lokan\u012bba: 26mm<\/p>\n<p>Svars: 228g<\/p>\n<p>Materi\u0101ls: 95% karbons, 5% stikla &scaron;\u0137iedra.<\/p>\n","protected":false},"excerpt":{"rendered":"<p>N\u016bjas modelis: Sonic Edge K\u0101ts: Curve ar 1.0 gradu ieliekumu Tinums: Feather Light Lokan\u012bba: 26mm Svars: 228g Materi\u0101ls: 95% karbons, 5% stikla &scaron;\u0137iedra.<\/p>\n","protected":false},"featured_media":0,"template":"","meta":[],"product_brand":[],"product_cat":[4587,4602,4633,4642],"product_tag":[],"class_list":{"0":"post-79182","1":"product","2":"type-product","3":"status-publish","5":"product_cat-sports","6":"product_cat-summer-sports-sports","7":"product_cat-floorball-summer-sports-sports","8":"product_cat-floorball-sticks-floorball-summer-sports-sports","10":"first","11":"instock","12":"shipping-taxable","13":"purchasable","14":"product-type-simple"},"_links":{"self":[{"href":"https:\/\/sezona.lv\/en\/wp-json\/wp\/v2\/product\/79182","targetHints":{"allow":["GET"]}}],"collection":[{"href":"https:\/\/sezona.lv\/en\/wp-json\/wp\/v2\/product"}],"about":[{"href":"https:\/\/sezona.lv\/en\/wp-json\/wp\/v2\/types\/product"}],"wp:attachment":[{"href":"https:\/\/sezona.lv\/en\/wp-json\/wp\/v2\/media?parent=79182"}],"wp:term":[{"taxonomy":"product_brand","embeddable":true,"href":"https:\/\/sezona.lv\/en\/wp-json\/wp\/v2\/product_brand?post=79182"},{"taxonomy":"product_cat","embeddable":true,"href":"https:\/\/sezona.lv\/en\/wp-json\/wp\/v2\/product_cat?post=79182"},{"taxonomy":"product_tag","embeddable":true,"href":"https:\/\/sezona.lv\/en\/wp-json\/wp\/v2\/product_tag?post=79182"}],"curies":[{"name":"wp","href":"https:\/\/api.w.org\/{rel}","templated":true}]}}