{"id":79186,"date":"2025-07-14T15:36:13","date_gmt":"2025-07-14T12:36:13","guid":{"rendered":"https:\/\/demo8.ecube.lv\/sezona.lv\/products\/unihoc-nuja-sonic-top-light-ii-29-balta-violeta\/"},"modified":"2025-07-14T15:36:13","modified_gmt":"2025-07-14T12:36:13","slug":"unihoc-nuja-sonic-top-light-ii-29-balta-violeta","status":"publish","type":"product","link":"https:\/\/sezona.lv\/en\/products\/unihoc-nuja-sonic-top-light-ii-29-balta-violeta\/","title":{"rendered":"Unihoc n\u016bja SONIC Top Light II 29 balta\/violeta"},"content":{"rendered":"<p>N\u016bjas modelis: Sonic<\/p>\n<p>K\u0101ts: Taisns Top Light<\/p>\n<p>Tinums: Feather Light<\/p>\n<p>Svars: 221g<\/p>\n<p>Materi\u0101ls: 80% karbons, 20% stikla &scaron;\u0137iedra.<\/p>\n","protected":false},"excerpt":{"rendered":"<p>N\u016bjas modelis: Sonic K\u0101ts: Taisns Top Light Tinums: Feather Light Svars: 221g Materi\u0101ls: 80% karbons, 20% stikla &scaron;\u0137iedra.<\/p>\n","protected":false},"featured_media":0,"template":"","meta":[],"product_brand":[],"product_cat":[4587,4602,4633,4642],"product_tag":[],"class_list":{"0":"post-79186","1":"product","2":"type-product","3":"status-publish","5":"product_cat-sports","6":"product_cat-summer-sports-sports","7":"product_cat-floorball-summer-sports-sports","8":"product_cat-floorball-sticks-floorball-summer-sports-sports","10":"first","11":"instock","12":"shipping-taxable","13":"purchasable","14":"product-type-simple"},"_links":{"self":[{"href":"https:\/\/sezona.lv\/en\/wp-json\/wp\/v2\/product\/79186","targetHints":{"allow":["GET"]}}],"collection":[{"href":"https:\/\/sezona.lv\/en\/wp-json\/wp\/v2\/product"}],"about":[{"href":"https:\/\/sezona.lv\/en\/wp-json\/wp\/v2\/types\/product"}],"wp:attachment":[{"href":"https:\/\/sezona.lv\/en\/wp-json\/wp\/v2\/media?parent=79186"}],"wp:term":[{"taxonomy":"product_brand","embeddable":true,"href":"https:\/\/sezona.lv\/en\/wp-json\/wp\/v2\/product_brand?post=79186"},{"taxonomy":"product_cat","embeddable":true,"href":"https:\/\/sezona.lv\/en\/wp-json\/wp\/v2\/product_cat?post=79186"},{"taxonomy":"product_tag","embeddable":true,"href":"https:\/\/sezona.lv\/en\/wp-json\/wp\/v2\/product_tag?post=79186"}],"curies":[{"name":"wp","href":"https:\/\/api.w.org\/{rel}","templated":true}]}}