{"id":79188,"date":"2025-07-14T15:36:15","date_gmt":"2025-07-14T12:36:15","guid":{"rendered":"https:\/\/demo8.ecube.lv\/sezona.lv\/products\/unihoc-nuja-sonic-curve-1-5-35-balta-zala\/"},"modified":"2025-07-14T15:36:15","modified_gmt":"2025-07-14T12:36:15","slug":"unihoc-nuja-sonic-curve-1-5-35-balta-zala","status":"publish","type":"product","link":"https:\/\/sezona.lv\/en\/products\/unihoc-nuja-sonic-curve-1-5-35-balta-zala\/","title":{"rendered":"Unihoc n\u016bja SONIC Curve 1.5 35 balta\/za\u013ca"},"content":{"rendered":"<p>N\u016bjas modelis: Sonic<\/p>\n<p>Lokan\u012bba: 35mm<\/p>\n<p>Tinums: Elite<\/p>\n<p>Svars: 227g<\/p>\n<p>K\u0101ts: Curve ar 1.5 gr\u0101du ieliekumu<\/p>\n<p>Materi\u0101ls: 95% karbons, 5% stikla &scaron;\u0137iedra.<\/p>\n","protected":false},"excerpt":{"rendered":"<p>N\u016bjas modelis: Sonic Lokan\u012bba: 35mm Tinums: Elite Svars: 227g K\u0101ts: Curve ar 1.5 gr\u0101du ieliekumu Materi\u0101ls: 95% karbons, 5% stikla &scaron;\u0137iedra.<\/p>\n","protected":false},"featured_media":0,"template":"","meta":[],"product_brand":[],"product_cat":[4587,4602,4633,4642],"product_tag":[],"class_list":{"0":"post-79188","1":"product","2":"type-product","3":"status-publish","5":"product_cat-sports","6":"product_cat-summer-sports-sports","7":"product_cat-floorball-summer-sports-sports","8":"product_cat-floorball-sticks-floorball-summer-sports-sports","10":"first","11":"instock","12":"shipping-taxable","13":"purchasable","14":"product-type-simple"},"_links":{"self":[{"href":"https:\/\/sezona.lv\/en\/wp-json\/wp\/v2\/product\/79188","targetHints":{"allow":["GET"]}}],"collection":[{"href":"https:\/\/sezona.lv\/en\/wp-json\/wp\/v2\/product"}],"about":[{"href":"https:\/\/sezona.lv\/en\/wp-json\/wp\/v2\/types\/product"}],"wp:attachment":[{"href":"https:\/\/sezona.lv\/en\/wp-json\/wp\/v2\/media?parent=79188"}],"wp:term":[{"taxonomy":"product_brand","embeddable":true,"href":"https:\/\/sezona.lv\/en\/wp-json\/wp\/v2\/product_brand?post=79188"},{"taxonomy":"product_cat","embeddable":true,"href":"https:\/\/sezona.lv\/en\/wp-json\/wp\/v2\/product_cat?post=79188"},{"taxonomy":"product_tag","embeddable":true,"href":"https:\/\/sezona.lv\/en\/wp-json\/wp\/v2\/product_tag?post=79188"}],"curies":[{"name":"wp","href":"https:\/\/api.w.org\/{rel}","templated":true}]}}