{"id":79190,"date":"2025-07-14T15:36:16","date_gmt":"2025-07-14T12:36:16","guid":{"rendered":"https:\/\/demo8.ecube.lv\/sezona.lv\/products\/unihoc-florbola-nuja-unity-top-light-29-balta-melna\/"},"modified":"2025-07-14T15:36:16","modified_gmt":"2025-07-14T12:36:16","slug":"unihoc-florbola-nuja-unity-top-light-29-balta-melna","status":"publish","type":"product","link":"https:\/\/sezona.lv\/en\/products\/unihoc-florbola-nuja-unity-top-light-29-balta-melna\/","title":{"rendered":"Unihoc florbola n\u016bja Unity Top Light 29 balta\/melna"},"content":{"rendered":"<p>N\u016bjas modelis: Unity<\/p>\n<p>L\u0101psti\u0146as: Unity cieta<\/p>\n<p>K\u0101ts: Taisns Top Light<\/p>\n<p>Tinums: Feather Light<\/p>\n<p>Lokan\u012bba: 29mm<\/p>\n<p>Svars: 221g<\/p>\n<p>Materi\u0101ls: 80% Karbons, 20% stikla &scaron;\u0137iedra Flex: 29 Tinums: Feather light<\/p>\n<p>&nbsp;<\/p>\n<p>&nbsp;<\/p>\n","protected":false},"excerpt":{"rendered":"<p>N\u016bjas modelis: Unity L\u0101psti\u0146as: Unity cieta K\u0101ts: Taisns Top Light Tinums: Feather Light Lokan\u012bba: 29mm Svars: 221g Materi\u0101ls: 80% Karbons, 20% stikla &scaron;\u0137iedra Flex: 29 Tinums: Feather light &nbsp; &nbsp;<\/p>\n","protected":false},"featured_media":0,"template":"","meta":[],"product_brand":[],"product_cat":[4587,4602,4633,4642],"product_tag":[],"class_list":{"0":"post-79190","1":"product","2":"type-product","3":"status-publish","5":"product_cat-sports","6":"product_cat-summer-sports-sports","7":"product_cat-floorball-summer-sports-sports","8":"product_cat-floorball-sticks-floorball-summer-sports-sports","10":"first","11":"instock","12":"shipping-taxable","13":"purchasable","14":"product-type-simple"},"_links":{"self":[{"href":"https:\/\/sezona.lv\/en\/wp-json\/wp\/v2\/product\/79190","targetHints":{"allow":["GET"]}}],"collection":[{"href":"https:\/\/sezona.lv\/en\/wp-json\/wp\/v2\/product"}],"about":[{"href":"https:\/\/sezona.lv\/en\/wp-json\/wp\/v2\/types\/product"}],"wp:attachment":[{"href":"https:\/\/sezona.lv\/en\/wp-json\/wp\/v2\/media?parent=79190"}],"wp:term":[{"taxonomy":"product_brand","embeddable":true,"href":"https:\/\/sezona.lv\/en\/wp-json\/wp\/v2\/product_brand?post=79190"},{"taxonomy":"product_cat","embeddable":true,"href":"https:\/\/sezona.lv\/en\/wp-json\/wp\/v2\/product_cat?post=79190"},{"taxonomy":"product_tag","embeddable":true,"href":"https:\/\/sezona.lv\/en\/wp-json\/wp\/v2\/product_tag?post=79190"}],"curies":[{"name":"wp","href":"https:\/\/api.w.org\/{rel}","templated":true}]}}