{"id":79191,"date":"2025-07-14T15:36:17","date_gmt":"2025-07-14T12:36:17","guid":{"rendered":"https:\/\/demo8.ecube.lv\/sezona.lv\/products\/unihoc-florbola-nuja-unity-composite-28-melna-dzeltena\/"},"modified":"2025-07-14T15:36:17","modified_gmt":"2025-07-14T12:36:17","slug":"unihoc-florbola-nuja-unity-composite-28-melna-dzeltena","status":"publish","type":"product","link":"https:\/\/sezona.lv\/en\/products\/unihoc-florbola-nuja-unity-composite-28-melna-dzeltena\/","title":{"rendered":"Unihoc florbola n\u016bja Unity composite 28 melna\/ dzeltena"},"content":{"rendered":"<p>N\u016bjas modelis: Unity<\/p>\n<p>L\u0101psti\u0146a: Unity vid\u0113ji cieta<\/p>\n<p>Tinums: Elite<\/p>\n<p>Lokan\u012bba: 28mm<\/p>\n<p>materi\u0101ls: 77% stikla &scaron;\u0137iedra, 23% karbons flex. 28<\/p>\n<p>&nbsp;<\/p>\n<p>&nbsp;<\/p>\n","protected":false},"excerpt":{"rendered":"<p>N\u016bjas modelis: Unity L\u0101psti\u0146a: Unity vid\u0113ji cieta Tinums: Elite Lokan\u012bba: 28mm materi\u0101ls: 77% stikla &scaron;\u0137iedra, 23% karbons flex. 28 &nbsp; &nbsp;<\/p>\n","protected":false},"featured_media":0,"template":"","meta":[],"product_brand":[],"product_cat":[4587,4602,4633,4642],"product_tag":[],"class_list":{"0":"post-79191","1":"product","2":"type-product","3":"status-publish","5":"product_cat-sports","6":"product_cat-summer-sports-sports","7":"product_cat-floorball-summer-sports-sports","8":"product_cat-floorball-sticks-floorball-summer-sports-sports","10":"first","11":"instock","12":"shipping-taxable","13":"purchasable","14":"product-type-simple"},"_links":{"self":[{"href":"https:\/\/sezona.lv\/en\/wp-json\/wp\/v2\/product\/79191","targetHints":{"allow":["GET"]}}],"collection":[{"href":"https:\/\/sezona.lv\/en\/wp-json\/wp\/v2\/product"}],"about":[{"href":"https:\/\/sezona.lv\/en\/wp-json\/wp\/v2\/types\/product"}],"wp:attachment":[{"href":"https:\/\/sezona.lv\/en\/wp-json\/wp\/v2\/media?parent=79191"}],"wp:term":[{"taxonomy":"product_brand","embeddable":true,"href":"https:\/\/sezona.lv\/en\/wp-json\/wp\/v2\/product_brand?post=79191"},{"taxonomy":"product_cat","embeddable":true,"href":"https:\/\/sezona.lv\/en\/wp-json\/wp\/v2\/product_cat?post=79191"},{"taxonomy":"product_tag","embeddable":true,"href":"https:\/\/sezona.lv\/en\/wp-json\/wp\/v2\/product_tag?post=79191"}],"curies":[{"name":"wp","href":"https:\/\/api.w.org\/{rel}","templated":true}]}}