{"id":79192,"date":"2025-07-14T15:36:18","date_gmt":"2025-07-14T12:36:18","guid":{"rendered":"https:\/\/demo8.ecube.lv\/sezona.lv\/products\/unihoc-nuja-sonic-textreme-29-melna\/"},"modified":"2025-07-14T15:36:18","modified_gmt":"2025-07-14T12:36:18","slug":"unihoc-nuja-sonic-textreme-29-melna","status":"publish","type":"product","link":"https:\/\/sezona.lv\/en\/products\/unihoc-nuja-sonic-textreme-29-melna\/","title":{"rendered":"Unihoc n\u016bja Sonic TeXtreme 29 melna"},"content":{"rendered":"<p>N\u016bjas modelis: Sonic Textreme<\/p>\n<p>K\u0101ts: Taisns Textreme<\/p>\n<p>Lokan\u012bba: 29mm<\/p>\n<p>Textreme materi\u0101ls Garums: 87, 92, 96, 100 CM<\/p>\n<p>&nbsp;<\/p>\n","protected":false},"excerpt":{"rendered":"<p>N\u016bjas modelis: Sonic Textreme K\u0101ts: Taisns Textreme Lokan\u012bba: 29mm Textreme materi\u0101ls Garums: 87, 92, 96, 100 CM &nbsp;<\/p>\n","protected":false},"featured_media":0,"template":"","meta":[],"product_brand":[],"product_cat":[4587,4602,4633,4642],"product_tag":[],"class_list":{"0":"post-79192","1":"product","2":"type-product","3":"status-publish","5":"product_cat-sports","6":"product_cat-summer-sports-sports","7":"product_cat-floorball-summer-sports-sports","8":"product_cat-floorball-sticks-floorball-summer-sports-sports","10":"first","11":"instock","12":"shipping-taxable","13":"purchasable","14":"product-type-simple"},"_links":{"self":[{"href":"https:\/\/sezona.lv\/en\/wp-json\/wp\/v2\/product\/79192","targetHints":{"allow":["GET"]}}],"collection":[{"href":"https:\/\/sezona.lv\/en\/wp-json\/wp\/v2\/product"}],"about":[{"href":"https:\/\/sezona.lv\/en\/wp-json\/wp\/v2\/types\/product"}],"wp:attachment":[{"href":"https:\/\/sezona.lv\/en\/wp-json\/wp\/v2\/media?parent=79192"}],"wp:term":[{"taxonomy":"product_brand","embeddable":true,"href":"https:\/\/sezona.lv\/en\/wp-json\/wp\/v2\/product_brand?post=79192"},{"taxonomy":"product_cat","embeddable":true,"href":"https:\/\/sezona.lv\/en\/wp-json\/wp\/v2\/product_cat?post=79192"},{"taxonomy":"product_tag","embeddable":true,"href":"https:\/\/sezona.lv\/en\/wp-json\/wp\/v2\/product_tag?post=79192"}],"curies":[{"name":"wp","href":"https:\/\/api.w.org\/{rel}","templated":true}]}}