{"id":79202,"date":"2025-07-14T15:36:27","date_gmt":"2025-07-14T12:36:27","guid":{"rendered":"https:\/\/demo8.ecube.lv\/sezona.lv\/products\/unihoc-apavi-u4-plus-lowcut-zalli-peleki\/"},"modified":"2025-07-14T15:36:27","modified_gmt":"2025-07-14T12:36:27","slug":"unihoc-apavi-u4-plus-lowcut-zalli-peleki","status":"publish","type":"product","link":"https:\/\/sezona.lv\/en\/products\/unihoc-apavi-u4-plus-lowcut-zalli-peleki\/","title":{"rendered":"Unihoc apavi U4 PLUS LowCut Zal\u013ci\/pel\u0113ki"},"content":{"rendered":"<p>Apavu modelis: U4 Plus<\/p>\n<p>Izm\u0113ri: 42, 43, 44, 45<\/p>\n<p>Kr\u0101sa: Za\u013ci\/Pel\u0113ki<\/p>\n","protected":false},"excerpt":{"rendered":"<p>Apavu modelis: U4 Plus Izm\u0113ri: 42, 43, 44, 45 Kr\u0101sa: Za\u013ci\/Pel\u0113ki<\/p>\n","protected":false},"featured_media":0,"template":"","meta":[],"product_brand":[],"product_cat":[4587,4602,4633,4645],"product_tag":[],"class_list":{"0":"post-79202","1":"product","2":"type-product","3":"status-publish","5":"product_cat-sports","6":"product_cat-summer-sports-sports","7":"product_cat-floorball-summer-sports-sports","8":"product_cat-floorball-clothes-floorball-summer-sports-sports","10":"first","11":"instock","12":"shipping-taxable","13":"purchasable","14":"product-type-simple"},"_links":{"self":[{"href":"https:\/\/sezona.lv\/en\/wp-json\/wp\/v2\/product\/79202","targetHints":{"allow":["GET"]}}],"collection":[{"href":"https:\/\/sezona.lv\/en\/wp-json\/wp\/v2\/product"}],"about":[{"href":"https:\/\/sezona.lv\/en\/wp-json\/wp\/v2\/types\/product"}],"wp:attachment":[{"href":"https:\/\/sezona.lv\/en\/wp-json\/wp\/v2\/media?parent=79202"}],"wp:term":[{"taxonomy":"product_brand","embeddable":true,"href":"https:\/\/sezona.lv\/en\/wp-json\/wp\/v2\/product_brand?post=79202"},{"taxonomy":"product_cat","embeddable":true,"href":"https:\/\/sezona.lv\/en\/wp-json\/wp\/v2\/product_cat?post=79202"},{"taxonomy":"product_tag","embeddable":true,"href":"https:\/\/sezona.lv\/en\/wp-json\/wp\/v2\/product_tag?post=79202"}],"curies":[{"name":"wp","href":"https:\/\/api.w.org\/{rel}","templated":true}]}}