{"id":79203,"date":"2025-07-14T15:36:27","date_gmt":"2025-07-14T12:36:27","guid":{"rendered":"https:\/\/demo8.ecube.lv\/sezona.lv\/products\/unihoc-spelu-apavi-u3-elite-peleka-neon-zala\/"},"modified":"2025-07-14T15:36:27","modified_gmt":"2025-07-14T12:36:27","slug":"unihoc-spelu-apavi-u3-elite-peleka-neon-zala","status":"publish","type":"product","link":"https:\/\/sezona.lv\/en\/products\/unihoc-spelu-apavi-u3-elite-peleka-neon-zala\/","title":{"rendered":"Unihoc sp\u0113\u013cu apavi U3 Elite pel\u0113ka\/ neon za\u013ca"},"content":{"rendered":"<p>Apavu modelis: U3 Elite<\/p>\n<p>Izm\u0113ri: 41.5, 42, 42.5, 44, 45<\/p>\n<p>Kr\u0101sa: Pel\u0113ka\/Neon za\u013ca<\/p>\n","protected":false},"excerpt":{"rendered":"<p>Apavu modelis: U3 Elite Izm\u0113ri: 41.5, 42, 42.5, 44, 45 Kr\u0101sa: Pel\u0113ka\/Neon za\u013ca<\/p>\n","protected":false},"featured_media":0,"template":"","meta":[],"product_brand":[],"product_cat":[4587,4602,4633,4645],"product_tag":[],"class_list":{"0":"post-79203","1":"product","2":"type-product","3":"status-publish","5":"product_cat-sports","6":"product_cat-summer-sports-sports","7":"product_cat-floorball-summer-sports-sports","8":"product_cat-floorball-clothes-floorball-summer-sports-sports","10":"first","11":"instock","12":"shipping-taxable","13":"purchasable","14":"product-type-simple"},"_links":{"self":[{"href":"https:\/\/sezona.lv\/en\/wp-json\/wp\/v2\/product\/79203","targetHints":{"allow":["GET"]}}],"collection":[{"href":"https:\/\/sezona.lv\/en\/wp-json\/wp\/v2\/product"}],"about":[{"href":"https:\/\/sezona.lv\/en\/wp-json\/wp\/v2\/types\/product"}],"wp:attachment":[{"href":"https:\/\/sezona.lv\/en\/wp-json\/wp\/v2\/media?parent=79203"}],"wp:term":[{"taxonomy":"product_brand","embeddable":true,"href":"https:\/\/sezona.lv\/en\/wp-json\/wp\/v2\/product_brand?post=79203"},{"taxonomy":"product_cat","embeddable":true,"href":"https:\/\/sezona.lv\/en\/wp-json\/wp\/v2\/product_cat?post=79203"},{"taxonomy":"product_tag","embeddable":true,"href":"https:\/\/sezona.lv\/en\/wp-json\/wp\/v2\/product_tag?post=79203"}],"curies":[{"name":"wp","href":"https:\/\/api.w.org\/{rel}","templated":true}]}}