{"id":79208,"date":"2025-07-14T15:36:33","date_gmt":"2025-07-14T12:36:33","guid":{"rendered":"https:\/\/demo8.ecube.lv\/sezona.lv\/products\/unihoc-sporta-apavi-u4-stl-mid-cut-tirkiza-melna\/"},"modified":"2025-07-14T15:36:33","modified_gmt":"2025-07-14T12:36:33","slug":"unihoc-sporta-apavi-u4-stl-mid-cut-tirkiza-melna","status":"publish","type":"product","link":"https:\/\/sezona.lv\/en\/products\/unihoc-sporta-apavi-u4-stl-mid-cut-tirkiza-melna\/","title":{"rendered":"Unihoc sporta apavi U4 STL Mid Cut Tirk\u012bza\/ melna"},"content":{"rendered":"<p>Apavu modelis: U4 STL<\/p>\n<p>Izm\u0113ri: 42, 44, 44.5, 45<\/p>\n<p>Kr\u0101sa: Tirk\u012bza\/Melna<\/p>\n<p>&nbsp;<\/p>\n","protected":false},"excerpt":{"rendered":"<p>Apavu modelis: U4 STL Izm\u0113ri: 42, 44, 44.5, 45 Kr\u0101sa: Tirk\u012bza\/Melna &nbsp;<\/p>\n","protected":false},"featured_media":0,"template":"","meta":[],"product_brand":[],"product_cat":[4587,4602,4633,4645],"product_tag":[],"class_list":{"0":"post-79208","1":"product","2":"type-product","3":"status-publish","5":"product_cat-sports","6":"product_cat-summer-sports-sports","7":"product_cat-floorball-summer-sports-sports","8":"product_cat-floorball-clothes-floorball-summer-sports-sports","10":"first","11":"instock","12":"shipping-taxable","13":"purchasable","14":"product-type-simple"},"_links":{"self":[{"href":"https:\/\/sezona.lv\/en\/wp-json\/wp\/v2\/product\/79208","targetHints":{"allow":["GET"]}}],"collection":[{"href":"https:\/\/sezona.lv\/en\/wp-json\/wp\/v2\/product"}],"about":[{"href":"https:\/\/sezona.lv\/en\/wp-json\/wp\/v2\/types\/product"}],"wp:attachment":[{"href":"https:\/\/sezona.lv\/en\/wp-json\/wp\/v2\/media?parent=79208"}],"wp:term":[{"taxonomy":"product_brand","embeddable":true,"href":"https:\/\/sezona.lv\/en\/wp-json\/wp\/v2\/product_brand?post=79208"},{"taxonomy":"product_cat","embeddable":true,"href":"https:\/\/sezona.lv\/en\/wp-json\/wp\/v2\/product_cat?post=79208"},{"taxonomy":"product_tag","embeddable":true,"href":"https:\/\/sezona.lv\/en\/wp-json\/wp\/v2\/product_tag?post=79208"}],"curies":[{"name":"wp","href":"https:\/\/api.w.org\/{rel}","templated":true}]}}