{"id":79216,"date":"2025-07-14T15:36:39","date_gmt":"2025-07-14T12:36:39","guid":{"rendered":"https:\/\/demo8.ecube.lv\/sezona.lv\/products\/my-floorball-grida\/"},"modified":"2025-07-14T15:36:39","modified_gmt":"2025-07-14T12:36:39","slug":"my-floorball-grida","status":"publish","type":"product","link":"https:\/\/sezona.lv\/en\/products\/my-floorball-grida\/","title":{"rendered":"My Floorball gr\u012bda"},"content":{"rendered":"<p>MY FLOORBALL PUZZLE ir florbola treni\u0146u virsma.<\/p>\n<p>Puzles  gabali\u0146i ir augsta kvalit\u0101tes, ar augstu iztur\u012bbu. Tie ir viegli  saliekami un p\u0101rn\u0113s\u0101jami, lai b\u016btu iesp\u0113jams tos lietot jebkur.<\/p>\n<p>Komplekt\u0101 ir 18 puzles gabali\u0146i.<\/p>\n","protected":false},"excerpt":{"rendered":"<p>MY FLOORBALL PUZZLE ir florbola treni\u0146u virsma. Puzles gabali\u0146i ir augsta kvalit\u0101tes, ar augstu iztur\u012bbu. Tie ir viegli saliekami un p\u0101rn\u0113s\u0101jami, lai b\u016btu iesp\u0113jams tos lietot jebkur. Komplekt\u0101 ir 18 puzles gabali\u0146i.<\/p>\n","protected":false},"featured_media":0,"template":"","meta":[],"product_brand":[],"product_cat":[4587,4602,4633,4643],"product_tag":[],"class_list":{"0":"post-79216","1":"product","2":"type-product","3":"status-publish","5":"product_cat-sports","6":"product_cat-summer-sports-sports","7":"product_cat-floorball-summer-sports-sports","8":"product_cat-floorball-accessories-floorball-summer-sports-sports","10":"first","11":"instock","12":"shipping-taxable","13":"purchasable","14":"product-type-simple"},"_links":{"self":[{"href":"https:\/\/sezona.lv\/en\/wp-json\/wp\/v2\/product\/79216","targetHints":{"allow":["GET"]}}],"collection":[{"href":"https:\/\/sezona.lv\/en\/wp-json\/wp\/v2\/product"}],"about":[{"href":"https:\/\/sezona.lv\/en\/wp-json\/wp\/v2\/types\/product"}],"wp:attachment":[{"href":"https:\/\/sezona.lv\/en\/wp-json\/wp\/v2\/media?parent=79216"}],"wp:term":[{"taxonomy":"product_brand","embeddable":true,"href":"https:\/\/sezona.lv\/en\/wp-json\/wp\/v2\/product_brand?post=79216"},{"taxonomy":"product_cat","embeddable":true,"href":"https:\/\/sezona.lv\/en\/wp-json\/wp\/v2\/product_cat?post=79216"},{"taxonomy":"product_tag","embeddable":true,"href":"https:\/\/sezona.lv\/en\/wp-json\/wp\/v2\/product_tag?post=79216"}],"curies":[{"name":"wp","href":"https:\/\/api.w.org\/{rel}","templated":true}]}}