{"id":79222,"date":"2025-07-14T15:36:44","date_gmt":"2025-07-14T12:36:44","guid":{"rendered":"https:\/\/demo8.ecube.lv\/sezona.lv\/products\/blackroll-stajas-korektrors\/"},"modified":"2025-07-14T15:36:44","modified_gmt":"2025-07-14T12:36:44","slug":"blackroll-stajas-korektrors","status":"publish","type":"product","link":"https:\/\/sezona.lv\/en\/products\/blackroll-stajas-korektrors\/","title":{"rendered":"BLACKROLL\u00ae ST\u0100JAS KOREKTRORS"},"content":{"rendered":"<p>Viegli izmantot; \u0112rti valk\u0101t gan zem ap\u0123\u0113rba gan virs ap\u0123\u0113rba; Uzlabo \u0137erme\u0146a st\u0101ju; Pieejams divos izm\u0113ros BLACKROLL&reg; st\u0101jas korektors, kuru izstr\u0101d\u0101ju&scaron;i SWEDISH POSTURE, ir  viegli lietojams un vienlaikus \u013coti efekt\u012bvs l\u012bdzeklis, lai uzlabotu  savu st\u0101ju katru dienu, sporta laik\u0101 vai darb\u0101. BLACKROLL&reg; POSTURE var  n\u0113s\u0101t zem ap\u0123\u0113rba tie&scaron;i uz \u0101das, izmantojot Velcro vai virs ap\u0123\u0113rba. To  ir viegli piel\u0101got jebkuram izm\u0113ram. Pat pirm\u0101s lieto&scaron;anas laik\u0101 st\u0101jas  korektors iev\u0113rojami uzlabo \u0137erme\u0146a st\u0101ju un organisma pa&scaron;saj\u016btu kopum\u0101.  Atpaka\u013c treneris autom\u0101tiski paver aug&scaron;\u0113jo \u0137ermeni taisn\u0101 poz\u0101,  papla&scaron;inot kr\u016b&scaron;u musku\u013cus. Pozit\u012bva blakusefekts: sk\u0101bek\u013ca uz\u0146em&scaron;ana  tiek palielin\u0101ta pateicoties pareizai st\u0101jai, nodro&scaron;inot musku\u013ciem  vair\u0101k ener\u0123ijas. J\u016bsu elpo&scaron;ana k\u013c\u016bst ar\u012b dzi\u013c\u0101ka un efekt\u012bv\u0101ka.<\/p>\n","protected":false},"excerpt":{"rendered":"<p>Viegli izmantot; \u0112rti valk\u0101t gan zem ap\u0123\u0113rba gan virs ap\u0123\u0113rba; Uzlabo \u0137erme\u0146a st\u0101ju; Pieejams divos izm\u0113ros BLACKROLL&reg; st\u0101jas korektors, kuru izstr\u0101d\u0101ju&scaron;i SWEDISH POSTURE, ir viegli lietojams un vienlaikus \u013coti efekt\u012bvs l\u012bdzeklis, lai uzlabotu savu st\u0101ju katru dienu, sporta laik\u0101 vai darb\u0101. BLACKROLL&reg; POSTURE var n\u0113s\u0101t zem ap\u0123\u0113rba tie&scaron;i uz \u0101das, izmantojot Velcro vai virs ap\u0123\u0113rba. [&hellip;]<\/p>\n","protected":false},"featured_media":0,"template":"","meta":[],"product_brand":[3413],"product_cat":[4587],"product_tag":[],"class_list":{"0":"post-79222","1":"product","2":"type-product","3":"status-publish","5":"product_brand-blackroll","6":"product_cat-sports","8":"first","9":"instock","10":"shipping-taxable","11":"purchasable","12":"product-type-simple"},"_links":{"self":[{"href":"https:\/\/sezona.lv\/en\/wp-json\/wp\/v2\/product\/79222","targetHints":{"allow":["GET"]}}],"collection":[{"href":"https:\/\/sezona.lv\/en\/wp-json\/wp\/v2\/product"}],"about":[{"href":"https:\/\/sezona.lv\/en\/wp-json\/wp\/v2\/types\/product"}],"wp:attachment":[{"href":"https:\/\/sezona.lv\/en\/wp-json\/wp\/v2\/media?parent=79222"}],"wp:term":[{"taxonomy":"product_brand","embeddable":true,"href":"https:\/\/sezona.lv\/en\/wp-json\/wp\/v2\/product_brand?post=79222"},{"taxonomy":"product_cat","embeddable":true,"href":"https:\/\/sezona.lv\/en\/wp-json\/wp\/v2\/product_cat?post=79222"},{"taxonomy":"product_tag","embeddable":true,"href":"https:\/\/sezona.lv\/en\/wp-json\/wp\/v2\/product_tag?post=79222"}],"curies":[{"name":"wp","href":"https:\/\/api.w.org\/{rel}","templated":true}]}}