{"id":79223,"date":"2025-07-14T15:36:45","date_gmt":"2025-07-14T12:36:45","guid":{"rendered":"https:\/\/demo8.ecube.lv\/sezona.lv\/products\/blackroll-standard-45\/"},"modified":"2025-07-14T15:36:45","modified_gmt":"2025-07-14T12:36:45","slug":"blackroll-standard-45","status":"publish","type":"product","link":"https:\/\/sezona.lv\/en\/products\/blackroll-standard-45\/","title":{"rendered":"BLACKROLL\u00ae STANDARD 45"},"content":{"rendered":"<p>Blackroll ru\u013c\u013cu modelis: Med<\/p>\n<p>Kr\u0101sa: Melna<\/p>\n<p>BLACKROLL&reg; STANDARD 45 ir vid\u0113ji ciets rullis, kas piem\u0113rots pa&scaron;mas\u0101\u017eas  veik&scaron;anai un \u0137erme\u0146a atjauno&scaron;anai un nodro&scaron;ina  liel\u0101ku stabilit\u0101ti.  BLACKROLL&reg; 45 STANDARD:   Piem\u0113rots visai \u0137erme\u0146a mas\u0101\u017eai; Pal\u012bdz izvair\u012bties no ikdienas musku\u013cu traum\u0101m, kas visbie\u017e\u0101k rodas  musku\u013cu p\u0101rslodzes rezult\u0101t\u0101 \u012apa&scaron;i pal\u012bdz atjaunoties musku\u013ciem un uzlabo asinsriti Ar sal\u012bdzino&scaron;i nelielu piep\u016bli J\u016bs variet uzlabot savu fizisko st\u0101vokli  un visp\u0101r\u0113jo pa&scaron;saj\u016btu  Videi draudz\u012bgs 100 % p\u0101rstr\u0101d\u0101jams Bez \u0137imik\u0101lij\u0101m un propelentiem Bez arom\u0101ta \u016adens iztur\u012bgs Viegli t\u012br\u0101ms<\/p>\n","protected":false},"excerpt":{"rendered":"<p>Blackroll ru\u013c\u013cu modelis: Med Kr\u0101sa: Melna BLACKROLL&reg; STANDARD 45 ir vid\u0113ji ciets rullis, kas piem\u0113rots pa&scaron;mas\u0101\u017eas veik&scaron;anai un \u0137erme\u0146a atjauno&scaron;anai un nodro&scaron;ina liel\u0101ku stabilit\u0101ti. BLACKROLL&reg; 45 STANDARD: Piem\u0113rots visai \u0137erme\u0146a mas\u0101\u017eai; Pal\u012bdz izvair\u012bties no ikdienas musku\u013cu traum\u0101m, kas visbie\u017e\u0101k rodas musku\u013cu p\u0101rslodzes rezult\u0101t\u0101 \u012apa&scaron;i pal\u012bdz atjaunoties musku\u013ciem un uzlabo asinsriti Ar sal\u012bdzino&scaron;i nelielu piep\u016bli J\u016bs [&hellip;]<\/p>\n","protected":false},"featured_media":0,"template":"","meta":[],"product_brand":[3413],"product_cat":[4587],"product_tag":[],"class_list":{"0":"post-79223","1":"product","2":"type-product","3":"status-publish","5":"product_brand-blackroll","6":"product_cat-sports","8":"first","9":"instock","10":"shipping-taxable","11":"purchasable","12":"product-type-simple"},"_links":{"self":[{"href":"https:\/\/sezona.lv\/en\/wp-json\/wp\/v2\/product\/79223","targetHints":{"allow":["GET"]}}],"collection":[{"href":"https:\/\/sezona.lv\/en\/wp-json\/wp\/v2\/product"}],"about":[{"href":"https:\/\/sezona.lv\/en\/wp-json\/wp\/v2\/types\/product"}],"wp:attachment":[{"href":"https:\/\/sezona.lv\/en\/wp-json\/wp\/v2\/media?parent=79223"}],"wp:term":[{"taxonomy":"product_brand","embeddable":true,"href":"https:\/\/sezona.lv\/en\/wp-json\/wp\/v2\/product_brand?post=79223"},{"taxonomy":"product_cat","embeddable":true,"href":"https:\/\/sezona.lv\/en\/wp-json\/wp\/v2\/product_cat?post=79223"},{"taxonomy":"product_tag","embeddable":true,"href":"https:\/\/sezona.lv\/en\/wp-json\/wp\/v2\/product_tag?post=79223"}],"curies":[{"name":"wp","href":"https:\/\/api.w.org\/{rel}","templated":true}]}}