{"id":79224,"date":"2025-07-14T15:36:46","date_gmt":"2025-07-14T12:36:46","guid":{"rendered":"https:\/\/demo8.ecube.lv\/sezona.lv\/products\/blackroll-med-45-soft\/"},"modified":"2025-07-14T15:36:46","modified_gmt":"2025-07-14T12:36:46","slug":"blackroll-med-45-soft","status":"publish","type":"product","link":"https:\/\/sezona.lv\/en\/products\/blackroll-med-45-soft\/","title":{"rendered":"BLACKROLL\u00ae MED 45 (soft)"},"content":{"rendered":"<p>Blackroll ru\u013c\u013cu modelis: Med<\/p>\n<p>BLACKROLL&reg; MED 45 ir bl\u012bvs un stabils rullis, kas piem\u0113rots pa&scaron;mas\u0101\u017eas  veik&scaron;anai un \u0137erme\u0146a atjauno&scaron;anai, tas ir par 20 % m\u012bkst\u0101ks un 45 cm  gar&scaron;, lai nodro&scaron;in\u0101tu liel\u0101ku stabilit\u0101ti.  BLACKROLL&reg; MED 45:  Piem\u0113rots visai \u0137erme\u0146a mas\u0101\u017eai; Ide\u0101li piem\u0113rots ies\u0101c\u0113jiem; Par 20% m\u012bkst\u0101ks, nek\u0101 standarta rullis; Pal\u012bdz izvair\u012bties no ikdienas musku\u013cu traum\u0101m, kas visbie\u017e\u0101k rodas  musku\u013cu p\u0101rslodzes rezult\u0101t\u0101 \u012apa&scaron;i pal\u012bdz atjaunoties musku\u013ciem un uzlabo asinsriti Ar sal\u012bdzino&scaron;i nelielu piep\u016bli J\u016bs variet uzlabot savu fizisko st\u0101vokli  un visp\u0101r\u0113jo pa&scaron;saj\u016btu  Videi draudz\u012bgs 100 % p\u0101rstr\u0101d\u0101jams Bez \u0137imik\u0101lij\u0101m un propelentiem Bez arom\u0101ta \u016adens iztur\u012bgs Viegli t\u012br\u0101ms    SVAR\u012aGI: &Scaron;o rulli var izmantot lietot\u0101ji ar svaru l\u012bdz 75 kg, ja \u0137erme\u0146a  masa ir liel\u0101ka, izmantojiet divus BLACKROLL&reg; MINI ru\u013c\u013cus, ievietojot  tos MED rull\u012b, vai ar\u012b izmantojiet vid\u0113jas ciet\u012bbas rulli BLACKROLL&reg;  (STANDARD 45 ).   L\u016bdzu \u0146emiet v\u0113r\u0101, ka MED rullis nav piem\u0113rots balansa vingrin\u0101jumiem  (st\u0101v\u0113&scaron;ana uz ru\u013c\u013ca).<\/p>\n","protected":false},"excerpt":{"rendered":"<p>Blackroll ru\u013c\u013cu modelis: Med BLACKROLL&reg; MED 45 ir bl\u012bvs un stabils rullis, kas piem\u0113rots pa&scaron;mas\u0101\u017eas veik&scaron;anai un \u0137erme\u0146a atjauno&scaron;anai, tas ir par 20 % m\u012bkst\u0101ks un 45 cm gar&scaron;, lai nodro&scaron;in\u0101tu liel\u0101ku stabilit\u0101ti. BLACKROLL&reg; MED 45: Piem\u0113rots visai \u0137erme\u0146a mas\u0101\u017eai; Ide\u0101li piem\u0113rots ies\u0101c\u0113jiem; Par 20% m\u012bkst\u0101ks, nek\u0101 standarta rullis; Pal\u012bdz izvair\u012bties no ikdienas musku\u013cu traum\u0101m, [&hellip;]<\/p>\n","protected":false},"featured_media":0,"template":"","meta":[],"product_brand":[3413],"product_cat":[4587],"product_tag":[],"class_list":{"0":"post-79224","1":"product","2":"type-product","3":"status-publish","5":"product_brand-blackroll","6":"product_cat-sports","8":"first","9":"instock","10":"shipping-taxable","11":"purchasable","12":"product-type-simple"},"_links":{"self":[{"href":"https:\/\/sezona.lv\/en\/wp-json\/wp\/v2\/product\/79224","targetHints":{"allow":["GET"]}}],"collection":[{"href":"https:\/\/sezona.lv\/en\/wp-json\/wp\/v2\/product"}],"about":[{"href":"https:\/\/sezona.lv\/en\/wp-json\/wp\/v2\/types\/product"}],"wp:attachment":[{"href":"https:\/\/sezona.lv\/en\/wp-json\/wp\/v2\/media?parent=79224"}],"wp:term":[{"taxonomy":"product_brand","embeddable":true,"href":"https:\/\/sezona.lv\/en\/wp-json\/wp\/v2\/product_brand?post=79224"},{"taxonomy":"product_cat","embeddable":true,"href":"https:\/\/sezona.lv\/en\/wp-json\/wp\/v2\/product_cat?post=79224"},{"taxonomy":"product_tag","embeddable":true,"href":"https:\/\/sezona.lv\/en\/wp-json\/wp\/v2\/product_tag?post=79224"}],"curies":[{"name":"wp","href":"https:\/\/api.w.org\/{rel}","templated":true}]}}