{"id":79226,"date":"2025-07-14T15:36:47","date_gmt":"2025-07-14T12:36:47","guid":{"rendered":"https:\/\/demo8.ecube.lv\/sezona.lv\/products\/blackroll-flow-standart-melns\/"},"modified":"2025-07-14T15:36:47","modified_gmt":"2025-07-14T12:36:47","slug":"blackroll-flow-standart-melns","status":"publish","type":"product","link":"https:\/\/sezona.lv\/en\/products\/blackroll-flow-standart-melns\/","title":{"rendered":"BLACKROLL\u00ae FLOW STANDART MELNS"},"content":{"rendered":"<p>BLACKROLL&reg;  FLOW revolucion\u0101rs dizains, kas apvieno: viena puse pied\u0101v\u0101  rulli no m\u012bkst\u0101k\u0101m &scaron;kiedr\u0101m un otra puse ir ciet\u0101ka akt\u012bv\u0101kai  stimul\u0101cijai.  Abas puses ir iesp\u0113jams lieliski apvienot un katrs var to  izmantot p\u0113c saviem ieskatiem. T\u0101 ir iesp\u0113ja uzlabot \u0137erme\u0146a lokan\u012bbu,   l\u012bdzsvaru un sp\u0113ku, veicot vienk\u0101r&scaron;us ikdienas vingrin\u0101jumus un  pa&scaron;mas\u0101\u017eu.<\/p>\n","protected":false},"excerpt":{"rendered":"<p>BLACKROLL&reg; FLOW revolucion\u0101rs dizains, kas apvieno: viena puse pied\u0101v\u0101 rulli no m\u012bkst\u0101k\u0101m &scaron;kiedr\u0101m un otra puse ir ciet\u0101ka akt\u012bv\u0101kai stimul\u0101cijai. Abas puses ir iesp\u0113jams lieliski apvienot un katrs var to izmantot p\u0113c saviem ieskatiem. T\u0101 ir iesp\u0113ja uzlabot \u0137erme\u0146a lokan\u012bbu, l\u012bdzsvaru un sp\u0113ku, veicot vienk\u0101r&scaron;us ikdienas vingrin\u0101jumus un pa&scaron;mas\u0101\u017eu.<\/p>\n","protected":false},"featured_media":0,"template":"","meta":[],"product_brand":[3413],"product_cat":[4587],"product_tag":[],"class_list":{"0":"post-79226","1":"product","2":"type-product","3":"status-publish","5":"product_brand-blackroll","6":"product_cat-sports","8":"first","9":"instock","10":"shipping-taxable","11":"purchasable","12":"product-type-simple"},"_links":{"self":[{"href":"https:\/\/sezona.lv\/en\/wp-json\/wp\/v2\/product\/79226","targetHints":{"allow":["GET"]}}],"collection":[{"href":"https:\/\/sezona.lv\/en\/wp-json\/wp\/v2\/product"}],"about":[{"href":"https:\/\/sezona.lv\/en\/wp-json\/wp\/v2\/types\/product"}],"wp:attachment":[{"href":"https:\/\/sezona.lv\/en\/wp-json\/wp\/v2\/media?parent=79226"}],"wp:term":[{"taxonomy":"product_brand","embeddable":true,"href":"https:\/\/sezona.lv\/en\/wp-json\/wp\/v2\/product_brand?post=79226"},{"taxonomy":"product_cat","embeddable":true,"href":"https:\/\/sezona.lv\/en\/wp-json\/wp\/v2\/product_cat?post=79226"},{"taxonomy":"product_tag","embeddable":true,"href":"https:\/\/sezona.lv\/en\/wp-json\/wp\/v2\/product_tag?post=79226"}],"curies":[{"name":"wp","href":"https:\/\/api.w.org\/{rel}","templated":true}]}}