{"id":79228,"date":"2025-07-14T15:36:49","date_gmt":"2025-07-14T12:36:49","guid":{"rendered":"https:\/\/demo8.ecube.lv\/sezona.lv\/products\/blackroll-ball-12-cm\/"},"modified":"2025-07-14T15:36:49","modified_gmt":"2025-07-14T12:36:49","slug":"blackroll-ball-12-cm","status":"publish","type":"product","link":"https:\/\/sezona.lv\/en\/products\/blackroll-ball-12-cm\/","title":{"rendered":"BLACKROLL\u00ae BALL 12 cm"},"content":{"rendered":"<p>BLACKROLL&reg; ir ide\u0101ls instruments pa&scaron;mas\u0101\u017eas veik&scaron;anai un \u0137erme\u0146a  atjauno&scaron;anai.  BLACKROLL&reg;BALL ir pal\u012bgs pa&scaron;mas\u0101\u017eas veik&scaron;anai , kas uzlabo musku\u013cu  atjauno&scaron;anos. T\u0101 m\u0113r\u0137is ir atvieglot spriedzi musku\u013cos un samazin\u0101t  sai&scaron;u sastiepumus. Lieto&scaron;ana Ilgtermi\u0146\u0101 samazina r\u0113taudu saaugumus un  sai&scaron;u sastiepumus.  &bull; Diametrs 12 cm &bull; Paredz\u0113ts punktu mas\u0101\u017eai &bull; Dzi\u013c\u0101s muskulat\u016bras un audu mas\u0101\u017eai &bull; Paredz\u0113ts muguras, roku, kr\u016b&scaron;u un p\u0113du mas\u0101\u017eai &bull; Uzlabo musku\u013cu lokan\u012bbu un efektivit\u0101ti &bull; Paredz\u0113ts lieto&scaron;anai uz galda, gr\u012bdas un pie sienas  Lieto&scaron;ana: L\u0113n\u0101m rull\u0113jiet BLACKROLL&reg; BALL 6-8 reizes turp un atpaka\u013c, radot  spiedienu uz bumbu, &scaron;\u0101d\u0101 veid\u0101 uzlabojas asinsrite, samazin\u0101s musku\u013cu un  sai&scaron;u sastiepumi.  &bull;Videi draudz\u012bgs &bull;100 % p\u0101rstr\u0101d\u0101jams &bull;Bez \u0137imik\u0101lij\u0101m &bull;Bez arom\u0101ta &bull;\u016adens iztur\u012bgs &bull;Viegli t\u012br\u0101ms<\/p>\n","protected":false},"excerpt":{"rendered":"<p>BLACKROLL&reg; ir ide\u0101ls instruments pa&scaron;mas\u0101\u017eas veik&scaron;anai un \u0137erme\u0146a atjauno&scaron;anai. BLACKROLL&reg;BALL ir pal\u012bgs pa&scaron;mas\u0101\u017eas veik&scaron;anai , kas uzlabo musku\u013cu atjauno&scaron;anos. T\u0101 m\u0113r\u0137is ir atvieglot spriedzi musku\u013cos un samazin\u0101t sai&scaron;u sastiepumus. Lieto&scaron;ana Ilgtermi\u0146\u0101 samazina r\u0113taudu saaugumus un sai&scaron;u sastiepumus. &bull; Diametrs 12 cm &bull; Paredz\u0113ts punktu mas\u0101\u017eai &bull; Dzi\u013c\u0101s muskulat\u016bras un audu mas\u0101\u017eai &bull; Paredz\u0113ts muguras, roku, [&hellip;]<\/p>\n","protected":false},"featured_media":0,"template":"","meta":[],"product_brand":[3413],"product_cat":[4587],"product_tag":[],"class_list":{"0":"post-79228","1":"product","2":"type-product","3":"status-publish","5":"product_brand-blackroll","6":"product_cat-sports","8":"first","9":"instock","10":"shipping-taxable","11":"purchasable","12":"product-type-simple"},"_links":{"self":[{"href":"https:\/\/sezona.lv\/en\/wp-json\/wp\/v2\/product\/79228","targetHints":{"allow":["GET"]}}],"collection":[{"href":"https:\/\/sezona.lv\/en\/wp-json\/wp\/v2\/product"}],"about":[{"href":"https:\/\/sezona.lv\/en\/wp-json\/wp\/v2\/types\/product"}],"wp:attachment":[{"href":"https:\/\/sezona.lv\/en\/wp-json\/wp\/v2\/media?parent=79228"}],"wp:term":[{"taxonomy":"product_brand","embeddable":true,"href":"https:\/\/sezona.lv\/en\/wp-json\/wp\/v2\/product_brand?post=79228"},{"taxonomy":"product_cat","embeddable":true,"href":"https:\/\/sezona.lv\/en\/wp-json\/wp\/v2\/product_cat?post=79228"},{"taxonomy":"product_tag","embeddable":true,"href":"https:\/\/sezona.lv\/en\/wp-json\/wp\/v2\/product_tag?post=79228"}],"curies":[{"name":"wp","href":"https:\/\/api.w.org\/{rel}","templated":true}]}}