{"id":79235,"date":"2025-07-14T15:36:55","date_gmt":"2025-07-14T12:36:55","guid":{"rendered":"https:\/\/demo8.ecube.lv\/sezona.lv\/products\/blackroll-standard-melns\/"},"modified":"2025-07-14T15:36:55","modified_gmt":"2025-07-14T12:36:55","slug":"blackroll-standard-melns","status":"publish","type":"product","link":"https:\/\/sezona.lv\/en\/products\/blackroll-standard-melns\/","title":{"rendered":"BLACKROLL\u00ae STANDARD MELNS"},"content":{"rendered":"<p>Blackroll ru\u013c\u013cu modelis: Standart<\/p>\n<p>BLACKROLL&reg; ir ide\u0101ls instruments pa&scaron;mas\u0101\u017eas veik&scaron;anai un \u0137erme\u0146a  atjauno&scaron;anai.  BLACKROLL&reg; t\u0101 ir iesp\u0113ja uzlabot \u0137erme\u0146a lokan\u012bbu,  l\u012bdzsvaru un sp\u0113ku,  veicot vienk\u0101r&scaron;us ikdienas vingrin\u0101jumus un pa&scaron;mas\u0101\u017eu. Tas lieliski  noder gan profesion\u0101liem sportistiem, gan da\u017e\u0101da vecuma  un fizisk\u0101s  sagatavot\u012bbas cilv\u0113kiem,  kas v\u0113las uzlabot pa&scaron;saj\u016btu.    &bull;Vid\u0113ji ciets rullis &bull;Ieteicams sportistiem un terapeitiskai lieto&scaron;anai &bull;Iev\u0113rojami uzlabo musku\u013cu lokan\u012bbu un efektivit\u0101ti &bull;Uzlabo st\u0101ju &bull;Pal\u012bdz izvair\u012bties no ikdienas musku\u013cu traum\u0101m, kas visbie\u017e\u0101k rodas  musku\u013cu p\u0101rslodzes rezult\u0101t\u0101 &bull;\u012apa&scaron;i pal\u012bdz atjaunoties musku\u013ciem un uzlabo asinsriti &bull;Ar sal\u012bdzino&scaron;i nelielu piep\u016bli J\u016bs variet uzlabot savu fizisko st\u0101vokli  un vist savu fizisko st\u0101vokli un visp\u0101r\u0113jo pa&scaron;saj\u016btu  &bull;Videi draudz\u012bgs &bull;100 % p\u0101rstr\u0101d\u0101jams &bull;Bez \u0137imik\u0101lij\u0101m &bull;Bez arom\u0101ta &bull;\u016adens iztur\u012bgs &bull;Viegli t\u012br\u0101ms<\/p>\n","protected":false},"excerpt":{"rendered":"<p>Blackroll ru\u013c\u013cu modelis: Standart BLACKROLL&reg; ir ide\u0101ls instruments pa&scaron;mas\u0101\u017eas veik&scaron;anai un \u0137erme\u0146a atjauno&scaron;anai. BLACKROLL&reg; t\u0101 ir iesp\u0113ja uzlabot \u0137erme\u0146a lokan\u012bbu, l\u012bdzsvaru un sp\u0113ku, veicot vienk\u0101r&scaron;us ikdienas vingrin\u0101jumus un pa&scaron;mas\u0101\u017eu. Tas lieliski noder gan profesion\u0101liem sportistiem, gan da\u017e\u0101da vecuma un fizisk\u0101s sagatavot\u012bbas cilv\u0113kiem, kas v\u0113las uzlabot pa&scaron;saj\u016btu. &bull;Vid\u0113ji ciets rullis &bull;Ieteicams sportistiem un terapeitiskai lieto&scaron;anai &bull;Iev\u0113rojami [&hellip;]<\/p>\n","protected":false},"featured_media":0,"template":"","meta":[],"product_brand":[3413],"product_cat":[4587],"product_tag":[],"class_list":{"0":"post-79235","1":"product","2":"type-product","3":"status-publish","5":"product_brand-blackroll","6":"product_cat-sports","8":"first","9":"instock","10":"shipping-taxable","11":"purchasable","12":"product-type-simple"},"_links":{"self":[{"href":"https:\/\/sezona.lv\/en\/wp-json\/wp\/v2\/product\/79235","targetHints":{"allow":["GET"]}}],"collection":[{"href":"https:\/\/sezona.lv\/en\/wp-json\/wp\/v2\/product"}],"about":[{"href":"https:\/\/sezona.lv\/en\/wp-json\/wp\/v2\/types\/product"}],"wp:attachment":[{"href":"https:\/\/sezona.lv\/en\/wp-json\/wp\/v2\/media?parent=79235"}],"wp:term":[{"taxonomy":"product_brand","embeddable":true,"href":"https:\/\/sezona.lv\/en\/wp-json\/wp\/v2\/product_brand?post=79235"},{"taxonomy":"product_cat","embeddable":true,"href":"https:\/\/sezona.lv\/en\/wp-json\/wp\/v2\/product_cat?post=79235"},{"taxonomy":"product_tag","embeddable":true,"href":"https:\/\/sezona.lv\/en\/wp-json\/wp\/v2\/product_tag?post=79235"}],"curies":[{"name":"wp","href":"https:\/\/api.w.org\/{rel}","templated":true}]}}