{"id":79243,"date":"2025-07-14T15:37:01","date_gmt":"2025-07-14T12:37:01","guid":{"rendered":"https:\/\/demo8.ecube.lv\/sezona.lv\/products\/varti-telescope-105x90-cm\/"},"modified":"2025-07-14T15:37:01","modified_gmt":"2025-07-14T12:37:01","slug":"varti-telescope-105x90-cm","status":"publish","type":"product","link":"https:\/\/sezona.lv\/en\/products\/varti-telescope-105x90-cm\/","title":{"rendered":"V\u0101rti Telescope 105&#215;90 cm"},"content":{"rendered":"<p>Laukuma apr\u012bkojums: V\u0101rti<\/p>\n","protected":false},"excerpt":{"rendered":"<p>Laukuma apr\u012bkojums: V\u0101rti<\/p>\n","protected":false},"featured_media":0,"template":"","meta":[],"product_brand":[],"product_cat":[4587,4602,4633,4643],"product_tag":[],"class_list":{"0":"post-79243","1":"product","2":"type-product","3":"status-publish","5":"product_cat-sports","6":"product_cat-summer-sports-sports","7":"product_cat-floorball-summer-sports-sports","8":"product_cat-floorball-accessories-floorball-summer-sports-sports","10":"first","11":"instock","12":"shipping-taxable","13":"purchasable","14":"product-type-simple"},"_links":{"self":[{"href":"https:\/\/sezona.lv\/en\/wp-json\/wp\/v2\/product\/79243","targetHints":{"allow":["GET"]}}],"collection":[{"href":"https:\/\/sezona.lv\/en\/wp-json\/wp\/v2\/product"}],"about":[{"href":"https:\/\/sezona.lv\/en\/wp-json\/wp\/v2\/types\/product"}],"wp:attachment":[{"href":"https:\/\/sezona.lv\/en\/wp-json\/wp\/v2\/media?parent=79243"}],"wp:term":[{"taxonomy":"product_brand","embeddable":true,"href":"https:\/\/sezona.lv\/en\/wp-json\/wp\/v2\/product_brand?post=79243"},{"taxonomy":"product_cat","embeddable":true,"href":"https:\/\/sezona.lv\/en\/wp-json\/wp\/v2\/product_cat?post=79243"},{"taxonomy":"product_tag","embeddable":true,"href":"https:\/\/sezona.lv\/en\/wp-json\/wp\/v2\/product_tag?post=79243"}],"curies":[{"name":"wp","href":"https:\/\/api.w.org\/{rel}","templated":true}]}}