{"id":79250,"date":"2025-07-14T15:37:10","date_gmt":"2025-07-14T12:37:10","guid":{"rendered":"https:\/\/demo8.ecube.lv\/sezona.lv\/products\/x3m-xplode-slim-30-twist-jr-florbola-speletaja-nuja\/"},"modified":"2025-07-14T15:37:10","modified_gmt":"2025-07-14T12:37:10","slug":"x3m-xplode-slim-30-twist-jr-florbola-speletaja-nuja","status":"publish","type":"product","link":"https:\/\/sezona.lv\/en\/products\/x3m-xplode-slim-30-twist-jr-florbola-speletaja-nuja\/","title":{"rendered":"X3M Xplode Slim 30 Twist Jr florbola sp\u0113l\u0113t\u0101ja n\u016bja"},"content":{"rendered":"<p>Firma Salming dibin\u0101ta devi\u0146desmito gadu s\u0101kum\u0101. T\u0101s dibin\u0101t\u0101js ir  pasaul\u0113 slaven\u0101kais zviedru hokejists Bj\u0113re Salmings. P\u0113c veiksm\u012bgi  pabeigt\u0101s karjeras, vi\u0146&scaron; nodibina savu uz\u0146\u0113mumu, kas veiksm\u012bgi att\u012bst\u0101s  joproj\u0101m. Tiek atkl\u0101ta hokeja l\u012bnija, stil\u012bgas apak&scaron;ve\u013cas kolekcijas un  florbola novirziens. Pieliekot p\u016bles un sp\u0113kus, bizness rit veiksm\u012bgi.  Hokeja n\u016bjas un cimdi ir veiksm\u012bgi start\u0113ju&scaron;i NHL un augstak\u0101s l\u012bgas  komand\u0101s. \u013boti p\u0101rliecino&scaron;i tirgu ir iekarojis florbola ekip\u0113jums.  Produkcija nost\u0101jusies vien\u0101 l\u012bmen\u012b ar Zone, Fat Pipe, Exel, Canadiens  produkciju u.c.<\/p>\n<p><strong>Garums\/Tinums<\/strong><br \/>* Garums: 92cm.<br \/>* Tinums: X3M Grip Pro.<\/p>\n<p><span style=\"font-weight: bold\">K\u0101ts\/Materi\u0101ls\/Profils<\/span><br \/>* Elast\u012bba: 30.<br \/>* Materi\u0101ls:&nbsp; karbona kompoz\u012bts.<br \/>* K\u0101ta profils: konisks.<\/p>\n<p><strong>L\u0101psti\u0146a\/Materi\u0101ls<\/strong><br \/>* L\u0101psti\u0146a:&nbsp; X3M Xplode.<br \/>* Materi\u0101ls: Endurance&trade;.<\/p>\n<p><strong>Kr\u0101sa<\/strong><br \/>* Kr\u0101sa: sarkan\u0101 purpura.<\/p>\n","protected":false},"excerpt":{"rendered":"<p>Firma Salming dibin\u0101ta devi\u0146desmito gadu s\u0101kum\u0101. T\u0101s dibin\u0101t\u0101js ir pasaul\u0113 slaven\u0101kais zviedru hokejists Bj\u0113re Salmings. P\u0113c veiksm\u012bgi pabeigt\u0101s karjeras, vi\u0146&scaron; nodibina savu uz\u0146\u0113mumu, kas veiksm\u012bgi att\u012bst\u0101s joproj\u0101m. Tiek atkl\u0101ta hokeja l\u012bnija, stil\u012bgas apak&scaron;ve\u013cas kolekcijas un florbola novirziens. Pieliekot p\u016bles un sp\u0113kus, bizness rit veiksm\u012bgi. Hokeja n\u016bjas un cimdi ir veiksm\u012bgi start\u0113ju&scaron;i NHL un augstak\u0101s l\u012bgas [&hellip;]<\/p>\n","protected":false},"featured_media":0,"template":"","meta":[],"product_brand":[912],"product_cat":[4587,4602,4633,4642],"product_tag":[],"class_list":{"0":"post-79250","1":"product","2":"type-product","3":"status-publish","5":"product_brand-salming","6":"product_cat-sports","7":"product_cat-summer-sports-sports","8":"product_cat-floorball-summer-sports-sports","9":"product_cat-floorball-sticks-floorball-summer-sports-sports","11":"first","12":"instock","13":"shipping-taxable","14":"purchasable","15":"product-type-simple"},"_links":{"self":[{"href":"https:\/\/sezona.lv\/en\/wp-json\/wp\/v2\/product\/79250","targetHints":{"allow":["GET"]}}],"collection":[{"href":"https:\/\/sezona.lv\/en\/wp-json\/wp\/v2\/product"}],"about":[{"href":"https:\/\/sezona.lv\/en\/wp-json\/wp\/v2\/types\/product"}],"wp:attachment":[{"href":"https:\/\/sezona.lv\/en\/wp-json\/wp\/v2\/media?parent=79250"}],"wp:term":[{"taxonomy":"product_brand","embeddable":true,"href":"https:\/\/sezona.lv\/en\/wp-json\/wp\/v2\/product_brand?post=79250"},{"taxonomy":"product_cat","embeddable":true,"href":"https:\/\/sezona.lv\/en\/wp-json\/wp\/v2\/product_cat?post=79250"},{"taxonomy":"product_tag","embeddable":true,"href":"https:\/\/sezona.lv\/en\/wp-json\/wp\/v2\/product_tag?post=79250"}],"curies":[{"name":"wp","href":"https:\/\/api.w.org\/{rel}","templated":true}]}}