{"id":79256,"date":"2025-07-11T16:55:57","date_gmt":"2025-07-11T13:55:57","guid":{"rendered":"https:\/\/demo8.ecube.lv\/sezona.lv\/products\/salming-wristband-long-blue-florbola-speletaja-gara-sviedru-aproce\/"},"modified":"2025-07-14T15:37:15","modified_gmt":"2025-07-14T12:37:15","slug":"salming-wristband-long-blue-florbola-speletaja-gara-sviedru-aproce","status":"publish","type":"product","link":"https:\/\/sezona.lv\/en\/products\/salming-wristband-long-blue-florbola-speletaja-gara-sviedru-aproce\/","title":{"rendered":"Salming Wristband Long Blue florbola sp\u0113l\u0113t\u0101ja gar\u0101 sviedru aproce"},"content":{"rendered":"<p>Firma Salming dibin\u0101ta devi\u0146desmito gadu s\u0101kum\u0101. T\u0101s dibin\u0101t\u0101js ir  pasaul\u0113 slaven\u0101kais zviedru hokejists Bj\u0113re Salmings. P\u0113c veiksm\u012bgi  pabeigt\u0101s karjeras, vi\u0146&scaron; nodibina savu uz\u0146\u0113mumu, kas veiksm\u012bgi att\u012bst\u0101s  joproj\u0101m. Tiek atkl\u0101ta hokeja l\u012bnija, stil\u012bgas apak&scaron;ve\u013cas kolekcijas un  florbola novirziens. Pieliekot p\u016bles un sp\u0113kus, bizness rit veiksm\u012bgi.  Hokeja n\u016bjas un cimdi ir veiksm\u012bgi start\u0113ju&scaron;i NHL un augstak\u0101s l\u012bgas  komand\u0101s. \u013boti p\u0101rliecino&scaron;i tirgu ir iekarojis florbola ekip\u0113jums.  Produkcija nost\u0101jusies vien\u0101 l\u012bmen\u012b ar Zona, Fat Pipe, Exel, Canadiens  produkciju u.c.<\/p>\n<p><span style=\"font-weight: bold\">Specifik\u0101cija<br \/><\/span>* Izmantojams ar\u012b citos sporta veidos.<br \/>* Izpilda sviedru uzs\u016bc\u0113ja funkcijas.<br \/>* Gar\u0101 versija: viens izm\u0113rs.<br \/>* Komplekt\u0101 iek\u013cauta viena aproce.<\/p>\n<p><span style=\"font-weight: bold\">Izm\u0113rs\/Materi\u0101ls\/Kr\u0101sa<\/span><br \/>* Izm\u0113ri: G13.5cm x P8cm.<br \/>* Materi\u0101ls: 80% kokvilna; 16% neilons; 4% elast\u0101ns.<br \/>* Kr\u0101sa: zila.<\/p>\n","protected":false},"excerpt":{"rendered":"<p>Firma Salming dibin\u0101ta devi\u0146desmito gadu s\u0101kum\u0101. T\u0101s dibin\u0101t\u0101js ir pasaul\u0113 slaven\u0101kais zviedru hokejists Bj\u0113re Salmings. P\u0113c veiksm\u012bgi pabeigt\u0101s karjeras, vi\u0146&scaron; nodibina savu uz\u0146\u0113mumu, kas veiksm\u012bgi att\u012bst\u0101s joproj\u0101m. Tiek atkl\u0101ta hokeja l\u012bnija, stil\u012bgas apak&scaron;ve\u013cas kolekcijas un florbola novirziens. Pieliekot p\u016bles un sp\u0113kus, bizness rit veiksm\u012bgi. Hokeja n\u016bjas un cimdi ir veiksm\u012bgi start\u0113ju&scaron;i NHL un augstak\u0101s l\u012bgas [&hellip;]<\/p>\n","protected":false},"featured_media":71655,"template":"","meta":[],"product_brand":[912],"product_cat":[4602,4633,4643],"product_tag":[],"class_list":{"0":"post-79256","1":"product","2":"type-product","3":"status-publish","4":"has-post-thumbnail","6":"product_brand-salming","7":"product_cat-summer-sports-sports","8":"product_cat-floorball-summer-sports-sports","9":"product_cat-floorball-accessories-floorball-summer-sports-sports","11":"first","12":"instock","13":"shipping-taxable","14":"purchasable","15":"product-type-simple"},"_links":{"self":[{"href":"https:\/\/sezona.lv\/en\/wp-json\/wp\/v2\/product\/79256","targetHints":{"allow":["GET"]}}],"collection":[{"href":"https:\/\/sezona.lv\/en\/wp-json\/wp\/v2\/product"}],"about":[{"href":"https:\/\/sezona.lv\/en\/wp-json\/wp\/v2\/types\/product"}],"wp:featuredmedia":[{"embeddable":true,"href":"https:\/\/sezona.lv\/en\/wp-json\/wp\/v2\/media\/71655"}],"wp:attachment":[{"href":"https:\/\/sezona.lv\/en\/wp-json\/wp\/v2\/media?parent=79256"}],"wp:term":[{"taxonomy":"product_brand","embeddable":true,"href":"https:\/\/sezona.lv\/en\/wp-json\/wp\/v2\/product_brand?post=79256"},{"taxonomy":"product_cat","embeddable":true,"href":"https:\/\/sezona.lv\/en\/wp-json\/wp\/v2\/product_cat?post=79256"},{"taxonomy":"product_tag","embeddable":true,"href":"https:\/\/sezona.lv\/en\/wp-json\/wp\/v2\/product_tag?post=79256"}],"curies":[{"name":"wp","href":"https:\/\/api.w.org\/{rel}","templated":true}]}}