{"id":79260,"date":"2025-07-14T15:37:19","date_gmt":"2025-07-14T12:37:19","guid":{"rendered":"https:\/\/demo8.ecube.lv\/sezona.lv\/products\/salming-phoenix-elite-helmet-florbola-vartsarga-aizsargmaska-balta\/"},"modified":"2025-07-14T15:37:19","modified_gmt":"2025-07-14T12:37:19","slug":"salming-phoenix-elite-helmet-florbola-vartsarga-aizsargmaska-balta","status":"publish","type":"product","link":"https:\/\/sezona.lv\/en\/products\/salming-phoenix-elite-helmet-florbola-vartsarga-aizsargmaska-balta\/","title":{"rendered":"Salming Phoenix Elite Helmet florbola v\u0101rtsarga aizsargmaska, balta"},"content":{"rendered":"<div>Firma Salming dibin\u0101ta 90 gadu s\u0101kum\u0101. T\u0101s dibinat\u0101js ir pasaule  slaven\u0101kais zviedru hokejists Bj\u0113re Salming. P\u0113c veiksm\u012bgi pabeigt\u0101s  karjeras, tas nodibina savu uz\u0146\u0113mumu, kas veiksmigi att\u012bst\u0101s joproj\u0101m.  Tiek palaista hokeja l\u012bnija, stil\u012bgas apak&scaron;ve\u013cas kolekcijas un floorbola  novirziens. Pieliekot p\u016bles un sp\u0113kus, bizness rit veiksm\u012bgi. Hokeja  n\u016bjas un cimdi ir veiksm\u012bgi start\u0113ju&scaron;i NHL un augstak\u0101s l\u012bgas komand\u0101s.  \u013boti spec\u012bgs ir palicis florbols. Produkcija ir nost\u0101jusies viena l\u012bmen\u012b  ar Zona, Fat Pipe, Exel, Canadiens un c.<\/div>\n<div><\/div>\n<div><strong>Specifik\u0101cija<\/strong><br \/>* Ergonomiski polsteri ar auduma virsmu ide\u0101lam komfortam un piegu\u013cam\u012bbai.<br \/>* \u0136ivere dom\u0101ta profesion\u0101la l\u012bme\u0146a v\u0101rtsargiem.<br \/>* Stingri aizliegts izmantot ledus hokej\u0101.<br \/>* \u012apa&scaron;i tievs re\u017e\u0123is lab\u0101kai redzam\u012bbai.<br \/>* Aizsargre\u017e\u0123is ar CatEye dizainu.<br \/>* Regul\u0113jama zoda aizsardz\u012bba.<br \/>* Papildus caurumi ventil\u0101cijai un maz\u0101kam svaram.<br \/>* \u0136iveres izm\u0113rs ir regul\u0113jams.<\/div>\n<div><\/div>\n<div><strong>Kr\u0101sa\/Izm\u0113rs<\/strong><br \/>* Kr\u0101sa: balta.<br \/>* Izm\u0113rs: Sr.<\/div>\n<p>&nbsp;<\/p>\n","protected":false},"excerpt":{"rendered":"<p>Firma Salming dibin\u0101ta 90 gadu s\u0101kum\u0101. T\u0101s dibinat\u0101js ir pasaule slaven\u0101kais zviedru hokejists Bj\u0113re Salming. P\u0113c veiksm\u012bgi pabeigt\u0101s karjeras, tas nodibina savu uz\u0146\u0113mumu, kas veiksmigi att\u012bst\u0101s joproj\u0101m. Tiek palaista hokeja l\u012bnija, stil\u012bgas apak&scaron;ve\u013cas kolekcijas un floorbola novirziens. Pieliekot p\u016bles un sp\u0113kus, bizness rit veiksm\u012bgi. Hokeja n\u016bjas un cimdi ir veiksm\u012bgi start\u0113ju&scaron;i NHL un augstak\u0101s l\u012bgas [&hellip;]<\/p>\n","protected":false},"featured_media":0,"template":"","meta":[],"product_brand":[912],"product_cat":[4587,4602,4633,4646],"product_tag":[],"class_list":{"0":"post-79260","1":"product","2":"type-product","3":"status-publish","5":"product_brand-salming","6":"product_cat-sports","7":"product_cat-summer-sports-sports","8":"product_cat-floorball-summer-sports-sports","9":"product_cat-floorball-masks-floorball-summer-sports-sports","11":"first","12":"instock","13":"shipping-taxable","14":"purchasable","15":"product-type-simple"},"_links":{"self":[{"href":"https:\/\/sezona.lv\/en\/wp-json\/wp\/v2\/product\/79260","targetHints":{"allow":["GET"]}}],"collection":[{"href":"https:\/\/sezona.lv\/en\/wp-json\/wp\/v2\/product"}],"about":[{"href":"https:\/\/sezona.lv\/en\/wp-json\/wp\/v2\/types\/product"}],"wp:attachment":[{"href":"https:\/\/sezona.lv\/en\/wp-json\/wp\/v2\/media?parent=79260"}],"wp:term":[{"taxonomy":"product_brand","embeddable":true,"href":"https:\/\/sezona.lv\/en\/wp-json\/wp\/v2\/product_brand?post=79260"},{"taxonomy":"product_cat","embeddable":true,"href":"https:\/\/sezona.lv\/en\/wp-json\/wp\/v2\/product_cat?post=79260"},{"taxonomy":"product_tag","embeddable":true,"href":"https:\/\/sezona.lv\/en\/wp-json\/wp\/v2\/product_tag?post=79260"}],"curies":[{"name":"wp","href":"https:\/\/api.w.org\/{rel}","templated":true}]}}