{"id":79261,"date":"2025-07-14T15:37:20","date_gmt":"2025-07-14T12:37:20","guid":{"rendered":"https:\/\/demo8.ecube.lv\/sezona.lv\/products\/winnwell-72in-1-82m-pro-steel-regulation-hockey-net-terauda-hokeja-varti\/"},"modified":"2025-07-14T15:37:20","modified_gmt":"2025-07-14T12:37:20","slug":"winnwell-72in-1-82m-pro-steel-regulation-hockey-net-terauda-hokeja-varti","status":"publish","type":"product","link":"https:\/\/sezona.lv\/en\/products\/winnwell-72in-1-82m-pro-steel-regulation-hockey-net-terauda-hokeja-varti\/","title":{"rendered":"Winnwell 72IN\/1.82M Pro Steel Regulation Hockey Net t\u0113rauda hokeja v\u0101rti"},"content":{"rendered":"<p>Winnwell hokeja invent\u0101rs ir viens no sen\u0101kajiem z\u012bmoliem Kan\u0101das  hokej\u0101. S\u0101kotn\u0113ji uz\u0146\u0113mums bija Wellinger Limited komp\u0101nijas sast\u0101v\u0101,  bet v\u0113l\u0101k piedz\u012bvoja nosaukuma mai\u0146u, k\u013c\u016bstot par Wellinger &amp; Dunn,  kas notika pag\u0101ju&scaron;\u0101 gadsimta 50.gadu vid\u016b. 1978.gad\u0101 Winnwell tiek  p\u0101rdots Cooper Canada, kas bija liel\u0101k\u0101 hokeja aizsargekip\u0113juma ra\u017eotne  pasaul\u0113. Cooper bija \u012bpa&scaron;i ieinteres\u0113ti att\u012bst\u012bt jaun\u0101s Winnwell hokeja  \u0137iveres, kas ieguva pasaules slavu, kad to uzvilka NHL zvaigzne Mark  Messier un citi vi\u0146a kol\u0113\u0123i. Brimatin Holdings Inc. ieg\u0101d\u0101j\u0101s Winnwell  pre\u010du z\u012bmi 2003.gad\u0101. V\u0113l joproj\u0101m uz\u0146\u0113muma rad\u012bt\u0101s preces akt\u012bvi  izmanto NHL zvaigznes Rick Nash, Scott Gomez,u.c.<\/p>\n<p><span style=\"font-weight: bold\">Specifik\u0101cija<\/span><br \/>* Ielas hokeja profesion\u0101l\u0101 l\u012bme\u0146a v\u0101rti.<br \/>* Speci\u0101li metin\u0101tas, iztur\u012bgas un biezas met\u0101la caurules.<br \/>* Met\u0101la cauru\u013cu diametrs: 5cm.<br \/>* Klip&scaron;u savienojo&scaron;\u0101 konstrukcija (bez instrumentiem).<br \/>* QuickNet sieta stiprin\u0101&scaron;anas sist\u0113ma ar lipeni.<br \/>* Iztur\u012bga un stabila konstrukcija.<br \/>* Komplekt\u0101 n\u0101k aizmugur\u0113jais t\u012bkls.<br \/>* V\u0101rti n\u0101k iepakoti kast\u0113 ar salik&scaron;anas instrukciju.<\/p>\n<p><span style=\"font-weight: bold\">Materi\u0101ls\/Izm\u0113rs\/Kr\u0101sa<\/span><br \/>* T\u012bkla materi\u0101ls: 18.000D.<br \/>* V\u0101rtu izm\u0113ri: P183cm x A122cm x D68cm.<br \/>* Kr\u0101sa: sarkana\/balta.<\/p>\n","protected":false},"excerpt":{"rendered":"<p>Winnwell hokeja invent\u0101rs ir viens no sen\u0101kajiem z\u012bmoliem Kan\u0101das hokej\u0101. S\u0101kotn\u0113ji uz\u0146\u0113mums bija Wellinger Limited komp\u0101nijas sast\u0101v\u0101, bet v\u0113l\u0101k piedz\u012bvoja nosaukuma mai\u0146u, k\u013c\u016bstot par Wellinger &amp; Dunn, kas notika pag\u0101ju&scaron;\u0101 gadsimta 50.gadu vid\u016b. 1978.gad\u0101 Winnwell tiek p\u0101rdots Cooper Canada, kas bija liel\u0101k\u0101 hokeja aizsargekip\u0113juma ra\u017eotne pasaul\u0113. Cooper bija \u012bpa&scaron;i ieinteres\u0113ti att\u012bst\u012bt jaun\u0101s Winnwell hokeja \u0137iveres, [&hellip;]<\/p>\n","protected":false},"featured_media":0,"template":"","meta":[],"product_brand":[],"product_cat":[4587,4602,4633,4643],"product_tag":[],"class_list":{"0":"post-79261","1":"product","2":"type-product","3":"status-publish","5":"product_cat-sports","6":"product_cat-summer-sports-sports","7":"product_cat-floorball-summer-sports-sports","8":"product_cat-floorball-accessories-floorball-summer-sports-sports","10":"first","11":"instock","12":"shipping-taxable","13":"purchasable","14":"product-type-simple"},"_links":{"self":[{"href":"https:\/\/sezona.lv\/en\/wp-json\/wp\/v2\/product\/79261","targetHints":{"allow":["GET"]}}],"collection":[{"href":"https:\/\/sezona.lv\/en\/wp-json\/wp\/v2\/product"}],"about":[{"href":"https:\/\/sezona.lv\/en\/wp-json\/wp\/v2\/types\/product"}],"wp:attachment":[{"href":"https:\/\/sezona.lv\/en\/wp-json\/wp\/v2\/media?parent=79261"}],"wp:term":[{"taxonomy":"product_brand","embeddable":true,"href":"https:\/\/sezona.lv\/en\/wp-json\/wp\/v2\/product_brand?post=79261"},{"taxonomy":"product_cat","embeddable":true,"href":"https:\/\/sezona.lv\/en\/wp-json\/wp\/v2\/product_cat?post=79261"},{"taxonomy":"product_tag","embeddable":true,"href":"https:\/\/sezona.lv\/en\/wp-json\/wp\/v2\/product_tag?post=79261"}],"curies":[{"name":"wp","href":"https:\/\/api.w.org\/{rel}","templated":true}]}}