{"id":79264,"date":"2025-07-14T15:37:23","date_gmt":"2025-07-14T12:37:23","guid":{"rendered":"https:\/\/demo8.ecube.lv\/sezona.lv\/products\/salming-protech-elbow-pads-florbola-vartsarga-elkonsargi\/"},"modified":"2025-07-14T15:37:23","modified_gmt":"2025-07-14T12:37:23","slug":"salming-protech-elbow-pads-florbola-vartsarga-elkonsargi","status":"publish","type":"product","link":"https:\/\/sezona.lv\/en\/products\/salming-protech-elbow-pads-florbola-vartsarga-elkonsargi\/","title":{"rendered":"Salming ProTech\u2122 Elbow Pads florbola v\u0101rtsarga elko\u0146sargi"},"content":{"rendered":"<p>Firma Salming dibin\u0101ta 90 gadu s\u0101kum\u0101. T\u0101s dibinat\u0101js ir pasaule  slaven\u0101kais zviedru hokejists Bj\u0113re Salming. P\u0113c veiksm\u012bgi pabeigt\u0101s  karjeras, tas nodibina savu uz\u0146\u0113mumu, kas veiksmigi att\u012bst\u0101s joproj\u0101m.  Tiek palaista hokeja l\u012bnija, stil\u012bgas apak&scaron;ve\u013cas kolekcijas un floorbola  novirziens. Pieliekot p\u016bles un sp\u0113kus, bizness rit veiksm\u012bgi. Hokeja  n\u016bjas un cimdi ir veiksm\u012bgi start\u0113ju&scaron;i NHL un augstak\u0101s l\u012bgas komand\u0101s.  \u013boti spec\u012bgs ir palicis florbols. Produkcija ir nost\u0101jusies viena l\u012bmen\u012b  ar Zona, Fat Pipe, Exel, Canadiens un c.<\/p>\n<p><strong>Specifik\u0101cija<\/strong><br \/>* Efekt\u012bvs l\u012bdzeklis elko\u0146u traumu nov\u0113r&scaron;anai.<br \/>* Izmantojami ar\u012b citos sporta veidos.<br \/>* \u0112rti un viegli ar papildus Eva pild\u012bjumu.<\/p>\n<p><strong>Materi\u0101ls\/Kr\u0101sa\/Izm\u0113rs<\/strong><br \/>* Materi\u0101ls: 100% funkcion\u0101li viegls materi\u0101ls.<br \/>* Kr\u0101sa: melna.<br \/>* Izm\u0113rs: XS; M; XL.<\/p>\n","protected":false},"excerpt":{"rendered":"<p>Firma Salming dibin\u0101ta 90 gadu s\u0101kum\u0101. T\u0101s dibinat\u0101js ir pasaule slaven\u0101kais zviedru hokejists Bj\u0113re Salming. P\u0113c veiksm\u012bgi pabeigt\u0101s karjeras, tas nodibina savu uz\u0146\u0113mumu, kas veiksmigi att\u012bst\u0101s joproj\u0101m. Tiek palaista hokeja l\u012bnija, stil\u012bgas apak&scaron;ve\u013cas kolekcijas un floorbola novirziens. Pieliekot p\u016bles un sp\u0113kus, bizness rit veiksm\u012bgi. Hokeja n\u016bjas un cimdi ir veiksm\u012bgi start\u0113ju&scaron;i NHL un augstak\u0101s l\u012bgas [&hellip;]<\/p>\n","protected":false},"featured_media":0,"template":"","meta":[],"product_brand":[912],"product_cat":[4587,4602,4633,4645],"product_tag":[],"class_list":{"0":"post-79264","1":"product","2":"type-product","3":"status-publish","5":"product_brand-salming","6":"product_cat-sports","7":"product_cat-summer-sports-sports","8":"product_cat-floorball-summer-sports-sports","9":"product_cat-floorball-clothes-floorball-summer-sports-sports","11":"first","12":"instock","13":"shipping-taxable","14":"purchasable","15":"product-type-simple"},"_links":{"self":[{"href":"https:\/\/sezona.lv\/en\/wp-json\/wp\/v2\/product\/79264","targetHints":{"allow":["GET"]}}],"collection":[{"href":"https:\/\/sezona.lv\/en\/wp-json\/wp\/v2\/product"}],"about":[{"href":"https:\/\/sezona.lv\/en\/wp-json\/wp\/v2\/types\/product"}],"wp:attachment":[{"href":"https:\/\/sezona.lv\/en\/wp-json\/wp\/v2\/media?parent=79264"}],"wp:term":[{"taxonomy":"product_brand","embeddable":true,"href":"https:\/\/sezona.lv\/en\/wp-json\/wp\/v2\/product_brand?post=79264"},{"taxonomy":"product_cat","embeddable":true,"href":"https:\/\/sezona.lv\/en\/wp-json\/wp\/v2\/product_cat?post=79264"},{"taxonomy":"product_tag","embeddable":true,"href":"https:\/\/sezona.lv\/en\/wp-json\/wp\/v2\/product_tag?post=79264"}],"curies":[{"name":"wp","href":"https:\/\/api.w.org\/{rel}","templated":true}]}}