{"id":79265,"date":"2025-07-14T15:37:24","date_gmt":"2025-07-14T12:37:24","guid":{"rendered":"https:\/\/demo8.ecube.lv\/sezona.lv\/products\/salming-protech-throat-protection-florbola-vartsarga-kakla-sargs\/"},"modified":"2025-07-14T15:37:24","modified_gmt":"2025-07-14T12:37:24","slug":"salming-protech-throat-protection-florbola-vartsarga-kakla-sargs","status":"publish","type":"product","link":"https:\/\/sezona.lv\/en\/products\/salming-protech-throat-protection-florbola-vartsarga-kakla-sargs\/","title":{"rendered":"Salming ProTech\u2122 Throat Protection florbola v\u0101rtsarga kakla sargs"},"content":{"rendered":"<div>Firma Salming dibin\u0101ta devi\u0146desmito gadu s\u0101kum\u0101. T\u0101s dibin\u0101t\u0101js ir  pasaul\u0113 slaven\u0101kais zviedru hokejists Bj\u0113re Salmings. P\u0113c veiksm\u012bgi  pabeigt\u0101s karjeras, vi\u0146&scaron; nodibina savu uz\u0146\u0113mumu, kas veiksm\u012bgi att\u012bst\u0101s  joproj\u0101m. Tiek atkl\u0101ta hokeja l\u012bnija, stil\u012bgas apak&scaron;ve\u013cas kolekcijas un  florbola novirziens. Pieliekot p\u016bles un sp\u0113kus, bizness rit veiksm\u012bgi.  Hokeja n\u016bjas un cimdi ir veiksm\u012bgi start\u0113ju&scaron;i NHL un augstak\u0101s l\u012bgas  komand\u0101s. \u013boti p\u0101rliecino&scaron;i tirgu ir iekarojis florbola ekip\u0113jums.  Produkcija nost\u0101jusies vien\u0101 l\u012bmen\u012b ar Zona, Fat Pipe, Exel, Canadiens  produkciju u.c.<\/div>\n<div><\/div>\n<div><strong>Specifik\u0101cija<\/strong><br \/>* V\u0101rtsarga kakla sargs ar pagarin\u0101jumu.<br \/>* Aizsarg\u0101 kaklu no bumbi\u0146as tr\u0101pijuma.<br \/>* Viegli mazg\u0101jams un izmantojams.<\/div>\n<div><\/div>\n<div><strong>Materi\u0101ls\/Izm\u0113rs\/Kr\u0101sa<\/strong><br \/>* Materi\u0101ls: 100% mikro&scaron;\u0137iedra.<br \/>* Izm\u0113rs: viens izm\u0113rs.<br \/>* Kr\u0101sa: melna.<\/div>\n","protected":false},"excerpt":{"rendered":"<p>Firma Salming dibin\u0101ta devi\u0146desmito gadu s\u0101kum\u0101. T\u0101s dibin\u0101t\u0101js ir pasaul\u0113 slaven\u0101kais zviedru hokejists Bj\u0113re Salmings. P\u0113c veiksm\u012bgi pabeigt\u0101s karjeras, vi\u0146&scaron; nodibina savu uz\u0146\u0113mumu, kas veiksm\u012bgi att\u012bst\u0101s joproj\u0101m. Tiek atkl\u0101ta hokeja l\u012bnija, stil\u012bgas apak&scaron;ve\u013cas kolekcijas un florbola novirziens. Pieliekot p\u016bles un sp\u0113kus, bizness rit veiksm\u012bgi. Hokeja n\u016bjas un cimdi ir veiksm\u012bgi start\u0113ju&scaron;i NHL un augstak\u0101s l\u012bgas [&hellip;]<\/p>\n","protected":false},"featured_media":0,"template":"","meta":[],"product_brand":[912],"product_cat":[4587,4602,4633,4645],"product_tag":[],"class_list":{"0":"post-79265","1":"product","2":"type-product","3":"status-publish","5":"product_brand-salming","6":"product_cat-sports","7":"product_cat-summer-sports-sports","8":"product_cat-floorball-summer-sports-sports","9":"product_cat-floorball-clothes-floorball-summer-sports-sports","11":"first","12":"instock","13":"shipping-taxable","14":"purchasable","15":"product-type-simple"},"_links":{"self":[{"href":"https:\/\/sezona.lv\/en\/wp-json\/wp\/v2\/product\/79265","targetHints":{"allow":["GET"]}}],"collection":[{"href":"https:\/\/sezona.lv\/en\/wp-json\/wp\/v2\/product"}],"about":[{"href":"https:\/\/sezona.lv\/en\/wp-json\/wp\/v2\/types\/product"}],"wp:attachment":[{"href":"https:\/\/sezona.lv\/en\/wp-json\/wp\/v2\/media?parent=79265"}],"wp:term":[{"taxonomy":"product_brand","embeddable":true,"href":"https:\/\/sezona.lv\/en\/wp-json\/wp\/v2\/product_brand?post=79265"},{"taxonomy":"product_cat","embeddable":true,"href":"https:\/\/sezona.lv\/en\/wp-json\/wp\/v2\/product_cat?post=79265"},{"taxonomy":"product_tag","embeddable":true,"href":"https:\/\/sezona.lv\/en\/wp-json\/wp\/v2\/product_tag?post=79265"}],"curies":[{"name":"wp","href":"https:\/\/api.w.org\/{rel}","templated":true}]}}