{"id":79268,"date":"2025-07-11T16:56:14","date_gmt":"2025-07-11T13:56:14","guid":{"rendered":"https:\/\/demo8.ecube.lv\/sezona.lv\/products\/salming-core-goalie-pant-sr-florbola-vartsarga-bikses\/"},"modified":"2025-07-14T15:37:26","modified_gmt":"2025-07-14T12:37:26","slug":"salming-core-goalie-pant-sr-florbola-vartsarga-bikses","status":"publish","type":"product","link":"https:\/\/sezona.lv\/en\/products\/salming-core-goalie-pant-sr-florbola-vartsarga-bikses\/","title":{"rendered":"Salming Core Goalie Pant Sr florbola v\u0101rtsarga bikses"},"content":{"rendered":"<p>Firma Salming dibin\u0101ta 90 gadu s\u0101kum\u0101. T\u0101s dibinat\u0101js ir pasaule  slaven\u0101kais zviedru hokejists Bj\u0113re Salming. P\u0113c veiksm\u012bgi pabeigt\u0101s  karjeras, tas nodibina savu uz\u0146\u0113mumu, kas veiksmigi att\u012bst\u0101s joproj\u0101m.  Tiek palaista hokeja l\u012bnija, stil\u012bgas apak&scaron;ve\u013cas kolekcijas un floorbola  novirziens. Pieliekot p\u016bles un sp\u0113kus, bizness rit veiksm\u012bgi. Hokeja  n\u016bjas un cimdi ir veiksm\u012bgi start\u0113ju&scaron;i NHL un augstak\u0101s l\u012bgas komand\u0101s.  \u013boti spec\u012bgs ir palicis florbols. Produkcija ir nost\u0101jusies viena l\u012bmen\u012b  ar Zona, Fat Pipe, Exel, Canadiens un c.<\/p>\n<p><strong>Specifik\u0101cija<\/strong><br \/>* Ies\u0101c\u0113ja l\u012bme\u0146a v\u0101rtsarga bikses.<br \/>* Stiepjas aizmugur\u0113 un s\u0101nos lab\u0101kam kust\u012bbu sp\u0113j\u0101m.<br \/>* Savilc\u0113jsiksna ar fiks\u0101toru.<br \/>* Vieglas un \u0113rtas ar labu ventil\u0101ciju.<\/p>\n<p><strong>Kr\u0101sa\/Izm\u0113rs<\/strong><br \/>* Kr\u0101sa: melna\/balta.<br \/>* Izm\u0113ri: M; XL.<\/p>\n","protected":false},"excerpt":{"rendered":"<p>Firma Salming dibin\u0101ta 90 gadu s\u0101kum\u0101. T\u0101s dibinat\u0101js ir pasaule slaven\u0101kais zviedru hokejists Bj\u0113re Salming. P\u0113c veiksm\u012bgi pabeigt\u0101s karjeras, tas nodibina savu uz\u0146\u0113mumu, kas veiksmigi att\u012bst\u0101s joproj\u0101m. Tiek palaista hokeja l\u012bnija, stil\u012bgas apak&scaron;ve\u013cas kolekcijas un floorbola novirziens. Pieliekot p\u016bles un sp\u0113kus, bizness rit veiksm\u012bgi. Hokeja n\u016bjas un cimdi ir veiksm\u012bgi start\u0113ju&scaron;i NHL un augstak\u0101s l\u012bgas [&hellip;]<\/p>\n","protected":false},"featured_media":71664,"template":"","meta":[],"product_brand":[912],"product_cat":[4602,4633,4645],"product_tag":[],"class_list":{"0":"post-79268","1":"product","2":"type-product","3":"status-publish","4":"has-post-thumbnail","6":"product_brand-salming","7":"product_cat-summer-sports-sports","8":"product_cat-floorball-summer-sports-sports","9":"product_cat-floorball-clothes-floorball-summer-sports-sports","11":"first","12":"instock","13":"shipping-taxable","14":"purchasable","15":"product-type-simple"},"_links":{"self":[{"href":"https:\/\/sezona.lv\/en\/wp-json\/wp\/v2\/product\/79268","targetHints":{"allow":["GET"]}}],"collection":[{"href":"https:\/\/sezona.lv\/en\/wp-json\/wp\/v2\/product"}],"about":[{"href":"https:\/\/sezona.lv\/en\/wp-json\/wp\/v2\/types\/product"}],"wp:featuredmedia":[{"embeddable":true,"href":"https:\/\/sezona.lv\/en\/wp-json\/wp\/v2\/media\/71664"}],"wp:attachment":[{"href":"https:\/\/sezona.lv\/en\/wp-json\/wp\/v2\/media?parent=79268"}],"wp:term":[{"taxonomy":"product_brand","embeddable":true,"href":"https:\/\/sezona.lv\/en\/wp-json\/wp\/v2\/product_brand?post=79268"},{"taxonomy":"product_cat","embeddable":true,"href":"https:\/\/sezona.lv\/en\/wp-json\/wp\/v2\/product_cat?post=79268"},{"taxonomy":"product_tag","embeddable":true,"href":"https:\/\/sezona.lv\/en\/wp-json\/wp\/v2\/product_tag?post=79268"}],"curies":[{"name":"wp","href":"https:\/\/api.w.org\/{rel}","templated":true}]}}