{"id":79273,"date":"2025-07-11T16:56:17","date_gmt":"2025-07-11T13:56:17","guid":{"rendered":"https:\/\/demo8.ecube.lv\/sezona.lv\/products\/salming-phoenix-goalie-pant-sr-florbola-vartsarga-bikses-balta-spilgti-zala\/"},"modified":"2025-07-14T15:37:32","modified_gmt":"2025-07-14T12:37:32","slug":"salming-phoenix-goalie-pant-sr-florbola-vartsarga-bikses-balta-spilgti-zala","status":"publish","type":"product","link":"https:\/\/sezona.lv\/en\/products\/salming-phoenix-goalie-pant-sr-florbola-vartsarga-bikses-balta-spilgti-zala\/","title":{"rendered":"Salming Phoenix Goalie Pant Sr florbola v\u0101rtsarga bikses, balta\/spilgti za\u013ca"},"content":{"rendered":"<p>Firma Salming dibin\u0101ta 90 gadu s\u0101kum\u0101. T\u0101s dibinat\u0101js ir pasaule  slaven\u0101kais zviedru hokejists Bj\u0113re Salming. P\u0113c veiksm\u012bgi pabeigt\u0101s  karjeras, tas nodibina savu uz\u0146\u0113mumu, kas veiksmigi att\u012bst\u0101s joproj\u0101m.  Tiek palaista hokeja l\u012bnija, stil\u012bgas apak&scaron;ve\u013cas kolekcijas un floorbola  novirziens. Pieliekot p\u016bles un sp\u0113kus, bizness rit veiksm\u012bgi. Hokeja  n\u016bjas un cimdi ir veiksm\u012bgi start\u0113ju&scaron;i NHL un augstak\u0101s l\u012bgas komand\u0101s.  \u013boti spec\u012bgs ir palicis florbols. Produkcija ir nost\u0101jusies viena l\u012bmen\u012b  ar Zona, Fat Pipe, Exel, Canadiens un c.<\/p>\n<p><strong>Specifik\u0101cija<\/strong><br \/>* Bikses ieteicamas akt\u012bviem amatieriem un profesion\u0101\u013ciem.<br \/>* Stiepjas aizmugur\u0113 un s\u0101nos lab\u0101kam kust\u012bbu sp\u0113j\u0101m.<br \/>* Dubults materi\u0101la poliesters kas veidots iztur\u012bbai.<br \/>* Bik&scaron;u s\u0101nos savilc\u0113jlipenes.<br \/>* Vieglas un \u0113rtas ar labu ventil\u0101ciju.<br \/>* Sl\u0113pts r\u0101v\u0113jsl\u0113dz\u0113js aug&scaron;\u0113j\u0101 da\u013c\u0101.<br \/>* R\u0101v\u0113jsl\u0113dz\u0113ji bik&scaron;u apak&scaron;\u0113j\u0101 da\u013c\u0101.<\/p>\n<p><strong>Kr\u0101sa\/Materi\u0101ls\/Izm\u0113rs<\/strong><br \/>* Kr\u0101sa: balta\/spilgti za\u013ca.<br \/>* Materi\u0101ls: 100% neilons.<br \/>* Izm\u0113ri: S-XXL.<\/p>\n","protected":false},"excerpt":{"rendered":"<p>Firma Salming dibin\u0101ta 90 gadu s\u0101kum\u0101. T\u0101s dibinat\u0101js ir pasaule slaven\u0101kais zviedru hokejists Bj\u0113re Salming. P\u0113c veiksm\u012bgi pabeigt\u0101s karjeras, tas nodibina savu uz\u0146\u0113mumu, kas veiksmigi att\u012bst\u0101s joproj\u0101m. Tiek palaista hokeja l\u012bnija, stil\u012bgas apak&scaron;ve\u013cas kolekcijas un floorbola novirziens. Pieliekot p\u016bles un sp\u0113kus, bizness rit veiksm\u012bgi. Hokeja n\u016bjas un cimdi ir veiksm\u012bgi start\u0113ju&scaron;i NHL un augstak\u0101s l\u012bgas [&hellip;]<\/p>\n","protected":false},"featured_media":71667,"template":"","meta":[],"product_brand":[912],"product_cat":[4602,4633,4645],"product_tag":[],"class_list":{"0":"post-79273","1":"product","2":"type-product","3":"status-publish","4":"has-post-thumbnail","6":"product_brand-salming","7":"product_cat-summer-sports-sports","8":"product_cat-floorball-summer-sports-sports","9":"product_cat-floorball-clothes-floorball-summer-sports-sports","11":"first","12":"instock","13":"shipping-taxable","14":"purchasable","15":"product-type-simple"},"_links":{"self":[{"href":"https:\/\/sezona.lv\/en\/wp-json\/wp\/v2\/product\/79273","targetHints":{"allow":["GET"]}}],"collection":[{"href":"https:\/\/sezona.lv\/en\/wp-json\/wp\/v2\/product"}],"about":[{"href":"https:\/\/sezona.lv\/en\/wp-json\/wp\/v2\/types\/product"}],"wp:featuredmedia":[{"embeddable":true,"href":"https:\/\/sezona.lv\/en\/wp-json\/wp\/v2\/media\/71667"}],"wp:attachment":[{"href":"https:\/\/sezona.lv\/en\/wp-json\/wp\/v2\/media?parent=79273"}],"wp:term":[{"taxonomy":"product_brand","embeddable":true,"href":"https:\/\/sezona.lv\/en\/wp-json\/wp\/v2\/product_brand?post=79273"},{"taxonomy":"product_cat","embeddable":true,"href":"https:\/\/sezona.lv\/en\/wp-json\/wp\/v2\/product_cat?post=79273"},{"taxonomy":"product_tag","embeddable":true,"href":"https:\/\/sezona.lv\/en\/wp-json\/wp\/v2\/product_tag?post=79273"}],"curies":[{"name":"wp","href":"https:\/\/api.w.org\/{rel}","templated":true}]}}