{"id":79274,"date":"2025-07-14T15:37:34","date_gmt":"2025-07-14T12:37:34","guid":{"rendered":"https:\/\/demo8.ecube.lv\/sezona.lv\/products\/salming-kobra-shoe-woman-sieviesu-apavi-telpu-sportam\/"},"modified":"2025-07-14T15:37:34","modified_gmt":"2025-07-14T12:37:34","slug":"salming-kobra-shoe-woman-sieviesu-apavi-telpu-sportam","status":"publish","type":"product","link":"https:\/\/sezona.lv\/en\/products\/salming-kobra-shoe-woman-sieviesu-apavi-telpu-sportam\/","title":{"rendered":"Salming Kobra Shoe Woman sievie\u0161u apavi telpu sportam"},"content":{"rendered":"<p><span id=\"result_box\" lang=\"lv\"><span><span id=\"result_box\" lang=\"lv\"><span>Salming Kobra ir  \u0101tri att\u012bst\u012bta unik\u0101la kombin\u0101cija, kas sast\u0101v no viegluma,  amortiz\u0101cijas un stabilit\u0101tes. Kop\u0101 ar vis\u0101m unik\u0101laj\u0101m tehnolo\u0123ij\u0101m,  viss tas tiek izmantots vien\u0101 apav\u0101.<\/span><\/span><\/span><\/span><\/p>\n<p><span style=\"font-weight: bold\">Jaun\u0101 aptvero&scaron;\u0101 sist\u0113ma\/The Wrap Around System Design (Was Design)<\/span><br \/>*  Lai uzlabotu dinamismu un stabilit\u0101ti, bet nepalielin\u0101tu apavu svaru,  viduszoles aizmugur\u0113j\u0101s da\u013cas s\u0101niir padar\u012bti augst\u0101ki, kas \u013cauj apaviem  ietvert pap\u0113\u017ea zonu. Apvienojum\u0101 ar LMS Plus 8&deg; un jauno integr\u0113to  \u0101rskeletu apavi lieliski piegu\u013c un garant\u0113 izcilu stabilit\u0101ti.<\/p>\n<p><span style=\"font-weight: bold\">V\u0113rpes vad\u012bbas sist\u0113ma\/T.G.S 62\/75&trade;<\/span><br \/>*  V\u0113rpes vad\u012bbas sist\u0113ma (Torsion Guide System\/TGS). Att\u0101lums no pap\u0113\u017ea  l\u012bdz p\u0113das velves pac\u0113lumam (62% no apavu garuma) ir speci\u0101li veidots,  lai nodro&scaron;in\u0101tu papildus stabilit\u0101ti, un beidzas ar t\u0101 saukto &bdquo;baleta&rdquo;  l\u012bniju 75&deg; le\u0146\u0137\u012b. Apavu priek&scaron;puse ir lokan\u0101ka, lai lab\u0101k stimul\u0113tu  p\u0113das dabisk\u0101s kust\u012bbas skrie&scaron;anas laik\u0101. TGS 62\/75&deg; uzb\u016bve nodro&scaron;ina  apavu kust\u012bbu tikai pareizaj\u0101s viet\u0101s, lai veicin\u0101tu p\u0113das dabisk\u0101s  kust\u012bbas uz s\u0101niem un uz priek&scaron;u, kas padara skrie&scaron;anu \u0113rt\u0101ku.<\/p>\n<p><span style=\"font-weight: bold\">Palielin\u0101ts zoles iek&scaron;da\u013cas radiuss\/RollBar&trade;<\/span><br \/>* Palielin\u0101ts zoles iek&scaron;da\u013cas radiuss optim\u0101l\u0101k atbalsta p\u0113du asos izr\u0101vienos uz priek&scaron;u, k\u0101 ar\u012b \u0101tr\u0101s \u0101pst\u0101&scaron;an\u0101s situ\u0101cij\u0101s.<\/p>\n<p><span style=\"font-weight: bold\">S\u0101nkust\u012bbu stabiliz\u0101cija\/LMS+<\/span><br \/>*  S\u0101nkust\u012bbu Stabiliz\u0101cija Plus sniedz dro&scaron;u apst\u0101&scaron;anos, jo zole ir  izv\u0113rsta un atrodas 11&deg; le\u0146\u0137\u012b, t\u0101d\u0113j\u0101di nepie\u013caujot apavu sasv\u0113r&scaron;anos uz  \u0101ru un samazinot ievainojumu g\u016b&scaron;anas risku.<\/p>\n<p><span style=\"font-weight: bold\">Pap\u0113\u017ea kausi\u0146&scaron;\/ErgoHeelCup&trade;<\/span><br \/>*  Lai stabiliz\u0113tu un nofiks\u0113tu pap\u0113di, t\u0101d\u0113j\u0101di sniedzot perfektu  kompforta l\u012bmeni, Salming ir izstr\u0101d\u0101ju&scaron;i jaunu, anatomiski prec\u012bzu  pap\u0113\u017ea kausi\u0146u ErgoHeelCup, kas ir liel\u0101ks un stingr\u0101ks. Visu lieliskai  sp\u0113lei!<\/p>\n<p><span style=\"font-weight: bold\">S\u0101nkust\u012bbu stabiliz\u0101cijas sist\u0113ma\/LMS&trade;<\/span><br \/>*  Lateral Movement Stabilizer jeb s\u0101nkust\u012bbu stabiliz\u0101cijas sist\u0113ma ir  \u012bpa&scaron;i viegls, speci\u0101li izstr\u0101d\u0101ts divk\u0101r&scaron;ais v\u0113rpes elements, kas  lieliski balsta p\u0113du \u0101tru, asu un neregul\u0101ru s\u0101nkust\u012bbu gad\u012bjum\u0101.<\/p>\n<p><span style=\"font-weight: bold\">Exo skelets\/Exo Skeleton&trade;<\/span><br \/>*  Exo Skeleton \u0101r\u0113j\u0101 skeleta sl\u0101nis stabiliz\u0113 p\u0113das later\u0101l\u0101s (s\u0101nu)  kust\u012bbas un atvieglo spiedienu uz MTF (metatarsofalange\u0101laj\u0101m)  loc\u012btav\u0101m. &Scaron;\u012b konstrukcijas sast\u0101vda\u013ca samazina berzi un s\u0101nu triecienus  p\u0113das maig\u0101kaj\u0101m da\u013c\u0101m, it \u012bpa&scaron;i zem p\u0113das priek&scaron;da\u013cas.<\/p>\n<p><span style=\"font-weight: bold\">Gumijas materi\u0101ls\/HexaGrip&trade;<\/span><br \/>* \u013boti iztur\u012bgs un viegls gumijas materi\u0101ls ar Salmings HexaGrip&trade; dizainu nodro&scaron;ina nep\u0101rsp\u0113jamu sa\u0137eri uz iek&scaron;telpu segumiem.<\/p>\n<p><span style=\"font-weight: bold\">Viduszoles materi\u0101ls\/Recoil&trade; + Recoil R&trade;<\/span><br \/>*  Viduszole ir veidota no jauna materi\u0101la Recoil&trade;, kas ir \u012bpa&scaron;i viegls un  triecienu absorb\u0113jo&scaron;s materi\u0101ls un nodro&scaron;ina liel\u0101ku ener\u0123iju  atsp\u0113riena veik&scaron;anai. Recoil R&trade; (atsitiena samazin\u0101&scaron;ana) ir pap\u0113\u017ea  trieciena da\u013c\u0101 izmantots materi\u0101ls, kas samazina triecienu un uzlabo  komfortu izr\u0101viena laik\u0101.<\/p>\n<p><span style=\"font-weight: bold\">Izm\u0113rs\/Kr\u0101sa\/Svars<\/span><br \/>* Izm\u0113ri: UK 3.5-8.5; US 5.5-10.5; EU 36-42 2\/3.<br \/>* Kr\u0101sa: tirk\u012bza\/roz\u0101.<br \/>* Svars: aptuveni 250gr\/UK izm\u0113rs 6.<\/p>\n<ul>\n<\/ul>\n","protected":false},"excerpt":{"rendered":"<p>Salming Kobra ir \u0101tri att\u012bst\u012bta unik\u0101la kombin\u0101cija, kas sast\u0101v no viegluma, amortiz\u0101cijas un stabilit\u0101tes. Kop\u0101 ar vis\u0101m unik\u0101laj\u0101m tehnolo\u0123ij\u0101m, viss tas tiek izmantots vien\u0101 apav\u0101. Jaun\u0101 aptvero&scaron;\u0101 sist\u0113ma\/The Wrap Around System Design (Was Design)* Lai uzlabotu dinamismu un stabilit\u0101ti, bet nepalielin\u0101tu apavu svaru, viduszoles aizmugur\u0113j\u0101s da\u013cas s\u0101niir padar\u012bti augst\u0101ki, kas \u013cauj apaviem ietvert pap\u0113\u017ea zonu. [&hellip;]<\/p>\n","protected":false},"featured_media":0,"template":"","meta":[],"product_brand":[912],"product_cat":[4587,4633,4645],"product_tag":[],"class_list":{"0":"post-79274","1":"product","2":"type-product","3":"status-publish","5":"product_brand-salming","6":"product_cat-sports","7":"product_cat-floorball-summer-sports-sports","8":"product_cat-floorball-clothes-floorball-summer-sports-sports","10":"first","11":"instock","12":"shipping-taxable","13":"purchasable","14":"product-type-simple"},"_links":{"self":[{"href":"https:\/\/sezona.lv\/en\/wp-json\/wp\/v2\/product\/79274","targetHints":{"allow":["GET"]}}],"collection":[{"href":"https:\/\/sezona.lv\/en\/wp-json\/wp\/v2\/product"}],"about":[{"href":"https:\/\/sezona.lv\/en\/wp-json\/wp\/v2\/types\/product"}],"wp:attachment":[{"href":"https:\/\/sezona.lv\/en\/wp-json\/wp\/v2\/media?parent=79274"}],"wp:term":[{"taxonomy":"product_brand","embeddable":true,"href":"https:\/\/sezona.lv\/en\/wp-json\/wp\/v2\/product_brand?post=79274"},{"taxonomy":"product_cat","embeddable":true,"href":"https:\/\/sezona.lv\/en\/wp-json\/wp\/v2\/product_cat?post=79274"},{"taxonomy":"product_tag","embeddable":true,"href":"https:\/\/sezona.lv\/en\/wp-json\/wp\/v2\/product_tag?post=79274"}],"curies":[{"name":"wp","href":"https:\/\/api.w.org\/{rel}","templated":true}]}}