{"id":79276,"date":"2025-07-14T15:37:36","date_gmt":"2025-07-14T12:37:36","guid":{"rendered":"https:\/\/demo8.ecube.lv\/sezona.lv\/products\/salming-ninetyone-shoe-men-viriesu-apavi-telpu-sportam-zila-sarkana\/"},"modified":"2025-07-14T15:37:36","modified_gmt":"2025-07-14T12:37:36","slug":"salming-ninetyone-shoe-men-viriesu-apavi-telpu-sportam-zila-sarkana","status":"publish","type":"product","link":"https:\/\/sezona.lv\/en\/products\/salming-ninetyone-shoe-men-viriesu-apavi-telpu-sportam-zila-sarkana\/","title":{"rendered":"Salming Ninetyone Shoe Men v\u012brie\u0161u apavi telpu sportam, zila\/sarkana"},"content":{"rendered":"<p>Firma Salming dibin\u0101ta 90 gadu s\u0101kum\u0101. T\u0101s dibinat\u0101js ir pasaule  slaven\u0101kais zviedru hokejists Bj\u0113re Salming. P\u0113c veiksm\u012bgi pabeigt\u0101s  karjeras, tas nodibina savu uz\u0146\u0113mumu, kas veiksmigi att\u012bst\u0101s joproj\u0101m.  Tiek palaista hokeja l\u012bnija, stil\u012bgas apak&scaron;ve\u013cas kolekcijas un floorbola  novirziens. Pieliekot p\u016bles un sp\u0113kus, bizness rit veiksm\u012bgi. Hokeja  n\u016bjas un cimdi ir veiksm\u012bgi start\u0113ju&scaron;i NHL un augstak\u0101s l\u012bgas komand\u0101s.  \u013boti spec\u012bgs ir palicis florbols. Produkcija ir nost\u0101jusies viena l\u012bmen\u012b  ar Zona, Fat Pipe, Exel, Canadiens un c.<\/p>\n<p><span style=\"font-weight: bold\">Specifik\u0101cija<\/span><br \/>* Iek&scaron;telpu apavi ir veidoti no super m\u012bkstas zam&scaron;\u0101das, kas sniedz patiesi lielisku komfortu un apavu lokan\u012bbu.<br \/>* \u0100r\u0113j\u0101 zole ir veidota no t\u012bras gumijas un lai nodro&scaron;in\u0101tu maksim\u0101lu sa\u0137eri ar virsmu.<br \/>*  Gumijas zoles vid\u016b ir iestr\u0101d\u0101ts \u012bpa&scaron;s, \u013coti viegls EVA putu viduszoles  elements, kas padara tos gan par elit\u0101riem, augstas veiktsp\u0113jas  florbola, gan \u013coti stil\u012bgiem ikdienas apaviem.<br \/>* Zam&scaron;s ir dabisks  materi\u0101ls, t\u0101d\u0113\u013c, ja apavi ir sasm\u0113r\u0113ti nogaidi l\u012bdz net\u012brumi un apavi  ir sausi un tad not\u012bri tos ar sausu oti\u0146u. P\u0113c tam not\u012bri tos ar \u012bpa&scaron;u  zam&scaron;\u0101das oti\u0146u un nek\u0101d\u0101 gad\u012bjum\u0101 neizmanto mazg\u0101&scaron;anas l\u012bdzek\u013cus.<br \/>*  Katram Ninetyone apavu p\u0101rim l\u012bdzi d\u0101van\u0101 tiek sniegts papildus &scaron;\u0146oru  komplekts, lai tu var\u0113tu izveidot pats savu \u012bpa&scaron;o izskatu.<\/p>\n<p><span style=\"font-weight: bold\">Izm\u0113rs\/Kr\u0101sa<\/span><br \/>* Izm\u0113ri: 44.<br \/>* Kr\u0101sa: zila\/sarkana.<\/p>\n<ul>\n<\/ul>\n","protected":false},"excerpt":{"rendered":"<p>Firma Salming dibin\u0101ta 90 gadu s\u0101kum\u0101. T\u0101s dibinat\u0101js ir pasaule slaven\u0101kais zviedru hokejists Bj\u0113re Salming. P\u0113c veiksm\u012bgi pabeigt\u0101s karjeras, tas nodibina savu uz\u0146\u0113mumu, kas veiksmigi att\u012bst\u0101s joproj\u0101m. Tiek palaista hokeja l\u012bnija, stil\u012bgas apak&scaron;ve\u013cas kolekcijas un floorbola novirziens. Pieliekot p\u016bles un sp\u0113kus, bizness rit veiksm\u012bgi. Hokeja n\u016bjas un cimdi ir veiksm\u012bgi start\u0113ju&scaron;i NHL un augstak\u0101s l\u012bgas [&hellip;]<\/p>\n","protected":false},"featured_media":0,"template":"","meta":[],"product_brand":[912],"product_cat":[4587,4633,4645],"product_tag":[],"class_list":{"0":"post-79276","1":"product","2":"type-product","3":"status-publish","5":"product_brand-salming","6":"product_cat-sports","7":"product_cat-floorball-summer-sports-sports","8":"product_cat-floorball-clothes-floorball-summer-sports-sports","10":"first","11":"instock","12":"shipping-taxable","13":"purchasable","14":"product-type-simple"},"_links":{"self":[{"href":"https:\/\/sezona.lv\/en\/wp-json\/wp\/v2\/product\/79276","targetHints":{"allow":["GET"]}}],"collection":[{"href":"https:\/\/sezona.lv\/en\/wp-json\/wp\/v2\/product"}],"about":[{"href":"https:\/\/sezona.lv\/en\/wp-json\/wp\/v2\/types\/product"}],"wp:attachment":[{"href":"https:\/\/sezona.lv\/en\/wp-json\/wp\/v2\/media?parent=79276"}],"wp:term":[{"taxonomy":"product_brand","embeddable":true,"href":"https:\/\/sezona.lv\/en\/wp-json\/wp\/v2\/product_brand?post=79276"},{"taxonomy":"product_cat","embeddable":true,"href":"https:\/\/sezona.lv\/en\/wp-json\/wp\/v2\/product_cat?post=79276"},{"taxonomy":"product_tag","embeddable":true,"href":"https:\/\/sezona.lv\/en\/wp-json\/wp\/v2\/product_tag?post=79276"}],"curies":[{"name":"wp","href":"https:\/\/api.w.org\/{rel}","templated":true}]}}