{"id":79277,"date":"2025-07-11T16:56:26","date_gmt":"2025-07-11T13:56:26","guid":{"rendered":"https:\/\/demo8.ecube.lv\/sezona.lv\/products\/salming-viper-3-shoe-kid-bernu-apavi-telpu-sportam\/"},"modified":"2025-07-14T15:37:37","modified_gmt":"2025-07-14T12:37:37","slug":"salming-viper-3-shoe-kid-bernu-apavi-telpu-sportam","status":"publish","type":"product","link":"https:\/\/sezona.lv\/en\/products\/salming-viper-3-shoe-kid-bernu-apavi-telpu-sportam\/","title":{"rendered":"Salming Viper 3 Shoe Kid b\u0113rnu apavi telpu sportam"},"content":{"rendered":"<p>Firma Salming dibin\u0101ta 90 gadu s\u0101kum\u0101. T\u0101s dibinat\u0101js ir pasaule  slaven\u0101kais zviedru hokejists Bj\u0113re Salming. P\u0113c veiksm\u012bgi pabeigt\u0101s  karjeras, tas nodibina savu uz\u0146\u0113mumu, kas veiksmigi att\u012bst\u0101s joproj\u0101m.  Tiek palaista hokeja l\u012bnija, stil\u012bgas apak&scaron;ve\u013cas kolekcijas un floorbola  novirziens. Pieliekot p\u016bles un sp\u0113kus, bizness rit veiksm\u012bgi. Hokeja  n\u016bjas un cimdi ir veiksm\u012bgi start\u0113ju&scaron;i NHL un augstak\u0101s l\u012bgas komand\u0101s.  \u013boti spec\u012bgs ir palicis florbols. Produkcija ir nost\u0101jusies viena l\u012bmen\u012b  ar Zona, Fat Pipe, Exel, Canadiens un c.<\/p>\n<p><span style=\"font-weight: bold\">V\u0113rpes vad\u012bbas sist\u0113ma\/T.G.S 62\/75&trade;<\/span><br \/>*  V\u0113rpes vad\u012bbas sist\u0113ma (Torsion Guide System\/TGS). Att\u0101lums no pap\u0113\u017ea  l\u012bdz p\u0113das velves pac\u0113lumam (62% no apavu garuma) ir speci\u0101li veidots,  lai nodro&scaron;in\u0101tu papildus stabilit\u0101ti, un beidzas ar t\u0101 saukto &bdquo;baleta&rdquo;  l\u012bniju 75&deg; le\u0146\u0137\u012b. Apavu priek&scaron;puse ir lokan\u0101ka, lai lab\u0101k stimul\u0113tu  p\u0113das dabisk\u0101s kust\u012bbas skrie&scaron;anas laik\u0101. TGS 62\/75&deg; uzb\u016bve nodro&scaron;ina  apavu kust\u012bbu tikai pareizaj\u0101s viet\u0101s, lai veicin\u0101tu p\u0113das dabisk\u0101s  kust\u012bbas uz s\u0101niem un uz priek&scaron;u, kas padara skrie&scaron;anu \u0113rt\u0101ku.<\/p>\n<p><span style=\"font-weight: bold\">Palielin\u0101ts zoles iek&scaron;da\u013cas radiuss\/RollBar&trade;<\/span><br \/>* Palielin\u0101ts zoles iek&scaron;da\u013cas radiuss optim\u0101l\u0101k atbalsta p\u0113du asos izr\u0101vienos uz priek&scaron;u, k\u0101 ar\u012b \u0101tr\u0101s \u0101pst\u0101&scaron;an\u0101s situ\u0101cij\u0101s.<\/p>\n<p><span style=\"font-weight: bold\">S\u0101nkust\u012bbu stabiliz\u0101cija\/LMS+&trade;<\/span><br \/>*  S\u0101nkust\u012bbu Stabiliz\u0101cija Plus sniedz dro&scaron;u apst\u0101&scaron;anos, jo zole ir  izv\u0113rsta un atrodas 11&deg; le\u0146\u0137\u012b, t\u0101d\u0113j\u0101di nepie\u013caujot apavu sasv\u0113r&scaron;anos uz  \u0101ru un samazinot ievainojumu g\u016b&scaron;anas risku.<\/p>\n<p><span style=\"font-weight: bold\">S\u0101nkust\u012bbu stabiliz\u0101cijas sist\u0113ma\/LMS&trade;<\/span><br \/>*  Lateral Movement Stabilizer jeb s\u0101nkust\u012bbu stabiliz\u0101cijas sist\u0113ma ir  \u012bpa&scaron;i viegls, speci\u0101li izstr\u0101d\u0101ts divk\u0101r&scaron;ais v\u0113rpes elements, kas  lieliski balsta p\u0113du \u0101tru, asu un neregul\u0101ru s\u0101nkust\u012bbu gad\u012bjum\u0101.<\/p>\n<p><span style=\"font-weight: bold\">\u012apa&scaron;ais gumijas savienojums\/XR110&trade;<\/span><br \/>*  Lai lab\u0101k kontrol\u0113tu savas kust\u012bbas \u0101tros manevros uz laukuma, Race  apavi ir apr\u012bkoti ar \u012bpa&scaron;u gumijas savienojumu, kuram ir par 25% lab\u0101kas  sa\u0137eres \u012bpa&scaron;\u012bbas.<\/p>\n<p><span style=\"font-weight: bold\">Pap\u0113\u017ea kausi\u0146&scaron;\/ErgoHeelCup&trade;<\/span><br \/>*  Lai stabiliz\u0113tu un nofiks\u0113tu pap\u0113di, t\u0101d\u0113j\u0101di sniedzot perfektu  kompforta l\u012bmeni, Salming ir izstr\u0101d\u0101ju&scaron;i jaunu, anatomiski prec\u012bzu  pap\u0113\u017ea kausi\u0146u ErgoHeelCup, kas ir liel\u0101ks un stingr\u0101ks. Visu lieliskai  sp\u0113lei!<\/p>\n<p><span style=\"font-weight: bold\">Exo skelets\/Exo Skeleton&trade;<\/span><br \/>*  Exo Skeleton \u0101r\u0113j\u0101 skeleta sl\u0101nis stabiliz\u0113 p\u0113das later\u0101l\u0101s (s\u0101nu)  kust\u012bbas un atvieglo spiedienu uz MTF (metatarsofalange\u0101laj\u0101m)  loc\u012btav\u0101m. &Scaron;\u012b konstrukcijas sast\u0101vda\u013ca samazina berzi un s\u0101nu triecienus  p\u0113das maig\u0101kaj\u0101m da\u013c\u0101m, it \u012bpa&scaron;i zem p\u0113das priek&scaron;da\u013cas.<\/p>\n<p><span style=\"font-weight: bold\">Viduszole\/RunLite&trade;<\/span><br \/>*  RunLite&trade; viduszole ir veidota no speci\u0101la High Abrasion Injection EVA  putu materi\u0101la, lai sniegtu lielisku atsauc\u012bbu no skrienam\u0101 seguma.  Vidus zoles da\u013ca ir viegla, lokana un rea\u0123\u0113 ar virsmu jau no pirm\u0101 so\u013ca.<\/p>\n<p><span style=\"font-weight: bold\">Purngala aizsardz\u012bba\/Toe Drag Guard&trade;<\/span><br \/>*&nbsp; Pastiprin\u0101ta PU materi\u0101la purngala aizsardz\u012bba.<\/p>\n<p><span style=\"font-weight: bold\">Izm\u0113rs\/Kr\u0101sa\/Svars<\/span><br \/>* Izm\u0113ri: UK 13-4.5; US 13.5-5; EU 31 1\/3-37 1\/3.<br \/>* Kr\u0101sa: zila\/za\u013ca<br \/>* Svars: aptuveni 191gr\/UK izm\u0113rs 1.5.<br \/>* Saturo&scaron;\u0101 lipenes: 31 1\/3-32 2\/3.<br \/>* &Scaron;\u0146ores: 33 1\/3-37 1\/3.<\/p>\n<ul>\n<\/ul>\n","protected":false},"excerpt":{"rendered":"<p>Firma Salming dibin\u0101ta 90 gadu s\u0101kum\u0101. T\u0101s dibinat\u0101js ir pasaule slaven\u0101kais zviedru hokejists Bj\u0113re Salming. P\u0113c veiksm\u012bgi pabeigt\u0101s karjeras, tas nodibina savu uz\u0146\u0113mumu, kas veiksmigi att\u012bst\u0101s joproj\u0101m. Tiek palaista hokeja l\u012bnija, stil\u012bgas apak&scaron;ve\u013cas kolekcijas un floorbola novirziens. Pieliekot p\u016bles un sp\u0113kus, bizness rit veiksm\u012bgi. Hokeja n\u016bjas un cimdi ir veiksm\u012bgi start\u0113ju&scaron;i NHL un augstak\u0101s l\u012bgas [&hellip;]<\/p>\n","protected":false},"featured_media":71675,"template":"","meta":[],"product_brand":[912],"product_cat":[4633,4645],"product_tag":[],"class_list":{"0":"post-79277","1":"product","2":"type-product","3":"status-publish","4":"has-post-thumbnail","6":"product_brand-salming","7":"product_cat-floorball-summer-sports-sports","8":"product_cat-floorball-clothes-floorball-summer-sports-sports","10":"first","11":"instock","12":"shipping-taxable","13":"purchasable","14":"product-type-simple"},"_links":{"self":[{"href":"https:\/\/sezona.lv\/en\/wp-json\/wp\/v2\/product\/79277","targetHints":{"allow":["GET"]}}],"collection":[{"href":"https:\/\/sezona.lv\/en\/wp-json\/wp\/v2\/product"}],"about":[{"href":"https:\/\/sezona.lv\/en\/wp-json\/wp\/v2\/types\/product"}],"wp:featuredmedia":[{"embeddable":true,"href":"https:\/\/sezona.lv\/en\/wp-json\/wp\/v2\/media\/71675"}],"wp:attachment":[{"href":"https:\/\/sezona.lv\/en\/wp-json\/wp\/v2\/media?parent=79277"}],"wp:term":[{"taxonomy":"product_brand","embeddable":true,"href":"https:\/\/sezona.lv\/en\/wp-json\/wp\/v2\/product_brand?post=79277"},{"taxonomy":"product_cat","embeddable":true,"href":"https:\/\/sezona.lv\/en\/wp-json\/wp\/v2\/product_cat?post=79277"},{"taxonomy":"product_tag","embeddable":true,"href":"https:\/\/sezona.lv\/en\/wp-json\/wp\/v2\/product_tag?post=79277"}],"curies":[{"name":"wp","href":"https:\/\/api.w.org\/{rel}","templated":true}]}}