{"id":79278,"date":"2025-07-14T15:37:38","date_gmt":"2025-07-14T12:37:38","guid":{"rendered":"https:\/\/demo8.ecube.lv\/sezona.lv\/products\/babolat-overgrips-tourna-grip-3-gab\/"},"modified":"2025-07-14T15:37:38","modified_gmt":"2025-07-14T12:37:38","slug":"babolat-overgrips-tourna-grip-3-gab","status":"publish","type":"product","link":"https:\/\/sezona.lv\/en\/products\/babolat-overgrips-tourna-grip-3-gab\/","title":{"rendered":"Babolat Overgrips Tourna Grip (3 gab.)"},"content":{"rendered":"<p>Tenisa overgrips Tourna Grip. Iepakojum\u0101 3 gab. Mitrumu vislab\u0101k  uzs\u016bco&scaron;ais un nesl\u012bdo&scaron;ais overgrips Pasaul\u0113. Piem\u0113rots tenisa, skvo&scaron;a un  badmintona raket\u0113m.<\/p>\n<p>&nbsp;<\/p>\n<p><strong>K\u0101 uzt\u012bt overgripu:<\/strong><\/p>\n<ol>\n<li>T\u012b&scaron;ana j\u0101s\u0101k no raketes roktura gala, ar vienu roku pieturot  overgripu, ar otru to tinot apk\u0101rt rokturim. Turot raketi, ar raketes  galvu pret sevi, overgrips j\u0101tin uz labo pusi.<\/li>\n<li>2. Katr\u0101 ri\u0146\u0137\u012b uzt\u012btajam overgripam nedaudz j\u0101p\u0101rkl\u0101j\u0101s ar  iepriek&scaron;\u0113j\u0101 ri\u0146\u0137\u012b uzt\u012bto. Tinot overgripu, tas visu laiku cie&scaron;i  j\u0101pievelk.<\/li>\n<li>P\u0101ri paliku&scaron;o overgripu ieteicams nogriezt sl\u012bp\u0101 le\u0146\u0137\u012b, ta\u010du to var  ar\u012b atst\u0101t t\u0101du, k\u0101ds tas ir. Beig\u0101s overgripa gals j\u0101piel\u012bm\u0113 ar  l\u012bmlenti, kas n\u0101k l\u012bdzi iepakojum\u0101.<\/li>\n<\/ol>\n<p><a href=\"http:\/\/www.teniss.lv\/katalogs\/11-gt-tehnoloija\"><img decoding=\"async\" src=\"http:\/\/www.teniss.lv\/images\/stories\/cortex_active.jpg\" alt=\"\" \/><\/a><a href=\"http:\/\/www.teniss.lv\/katalogs\/11-gt-tehnoloija\"><\/a><a href=\"http:\/\/www.teniss.lv\/katalogs\/12-woofer-tehnoloija\"><img decoding=\"async\" src=\"http:\/\/www.teniss.lv\/images\/stories\/katalogs\/junior\/woofer.jpg\" alt=\"\" \/><\/a><\/p>\n","protected":false},"excerpt":{"rendered":"<p>Tenisa overgrips Tourna Grip. Iepakojum\u0101 3 gab. Mitrumu vislab\u0101k uzs\u016bco&scaron;ais un nesl\u012bdo&scaron;ais overgrips Pasaul\u0113. Piem\u0113rots tenisa, skvo&scaron;a un badmintona raket\u0113m. &nbsp; K\u0101 uzt\u012bt overgripu: T\u012b&scaron;ana j\u0101s\u0101k no raketes roktura gala, ar vienu roku pieturot overgripu, ar otru to tinot apk\u0101rt rokturim. Turot raketi, ar raketes galvu pret sevi, overgrips j\u0101tin uz labo pusi. 2. Katr\u0101 [&hellip;]<\/p>\n","protected":false},"featured_media":0,"template":"","meta":[],"product_brand":[3416],"product_cat":[4587,4602,4673,4674],"product_tag":[],"class_list":{"0":"post-79278","1":"product","2":"type-product","3":"status-publish","5":"product_brand-babolat","6":"product_cat-sports","7":"product_cat-summer-sports-sports","8":"product_cat-tennis-summer-sports-sports","9":"product_cat-tennis-rackets-tennis-summer-sports-sports","11":"first","12":"instock","13":"shipping-taxable","14":"purchasable","15":"product-type-simple"},"_links":{"self":[{"href":"https:\/\/sezona.lv\/en\/wp-json\/wp\/v2\/product\/79278","targetHints":{"allow":["GET"]}}],"collection":[{"href":"https:\/\/sezona.lv\/en\/wp-json\/wp\/v2\/product"}],"about":[{"href":"https:\/\/sezona.lv\/en\/wp-json\/wp\/v2\/types\/product"}],"wp:attachment":[{"href":"https:\/\/sezona.lv\/en\/wp-json\/wp\/v2\/media?parent=79278"}],"wp:term":[{"taxonomy":"product_brand","embeddable":true,"href":"https:\/\/sezona.lv\/en\/wp-json\/wp\/v2\/product_brand?post=79278"},{"taxonomy":"product_cat","embeddable":true,"href":"https:\/\/sezona.lv\/en\/wp-json\/wp\/v2\/product_cat?post=79278"},{"taxonomy":"product_tag","embeddable":true,"href":"https:\/\/sezona.lv\/en\/wp-json\/wp\/v2\/product_tag?post=79278"}],"curies":[{"name":"wp","href":"https:\/\/api.w.org\/{rel}","templated":true}]}}