{"id":79279,"date":"2025-07-14T15:37:38","date_gmt":"2025-07-14T12:37:38","guid":{"rendered":"https:\/\/demo8.ecube.lv\/sezona.lv\/products\/bauer-x-ls-sr-slidas\/"},"modified":"2025-07-14T15:37:38","modified_gmt":"2025-07-14T12:37:38","slug":"bauer-x-ls-sr-slidas","status":"publish","type":"product","link":"https:\/\/sezona.lv\/en\/products\/bauer-x-ls-sr-slidas\/","title":{"rendered":"Bauer X-LS SR slidas"},"content":{"rendered":"<p>Bauer X-LS SR slidas.<\/p>\n<p><span>2021. gada jaunums!<\/span><span>&nbsp;Bauer X-LS<\/span><span>&nbsp;slidas ir paredz\u0113ts jaunajiem hokejistiem. Slidas ir veidotas t\u0101, lai pal\u012bdz\u0113tu notur\u0113t l\u012bdzsvaru un apg\u016btu slido&scaron;anas so\u013cu pamatus.<\/span><\/p>\n<p>Specifik\u0101cija:<br \/>Korpuss:<br \/>+ Slidas purngals: speci\u0101la aizsargplastmasa.<br \/>+ \u010cetrda\u013c\u012bgs iepakojums: izcils neilons.<br \/>+ Oderes materi\u0101ls: mikro&scaron;\u0137iedra.<br \/>+ Pap\u0113\u017ea atbalsts: no \u0101rpuses aizkl\u0101ta pap\u0113\u017ea b\u013codi\u0146a.<br \/>+ Pot\u012btes polster\u0113jums: patent\u0113ts anatomiski piem\u0113rots pap\u0113\u017ea\/pot\u012btes atbalsts.<br \/>+ M\u0113l\u012btes konstrukcija: anatomiski piel\u0101gots &scaron;\u0137\u0113lums.<br \/>+ P\u0113das gultne: \u012bpa&scaron;i veidots Eva materi\u0101ls.<\/p>\n<p>Pamatne:<\/p>\n<p>+&nbsp;<span>Ner\u016bs\u0113jo&scaron;\u0101 t\u0113rauda asmens ar viegli l\u012bdzsvarojamu 13 collu r\u0101diusu.<\/span><br \/>+ Stabila t\u0113rauda pamatne.<br \/>+ Ieteicams lietot slidu uzlikas. T\u0101s pasarg\u0101s asmeni no r\u016bsas un rokas no savainojumiem.<\/p>\n","protected":false},"excerpt":{"rendered":"<p>Bauer X-LS SR slidas. 2021. gada jaunums!&nbsp;Bauer X-LS&nbsp;slidas ir paredz\u0113ts jaunajiem hokejistiem. Slidas ir veidotas t\u0101, lai pal\u012bdz\u0113tu notur\u0113t l\u012bdzsvaru un apg\u016btu slido&scaron;anas so\u013cu pamatus. Specifik\u0101cija:Korpuss:+ Slidas purngals: speci\u0101la aizsargplastmasa.+ \u010cetrda\u013c\u012bgs iepakojums: izcils neilons.+ Oderes materi\u0101ls: mikro&scaron;\u0137iedra.+ Pap\u0113\u017ea atbalsts: no \u0101rpuses aizkl\u0101ta pap\u0113\u017ea b\u013codi\u0146a.+ Pot\u012btes polster\u0113jums: patent\u0113ts anatomiski piem\u0113rots pap\u0113\u017ea\/pot\u012btes atbalsts.+ M\u0113l\u012btes konstrukcija: anatomiski piel\u0101gots [&hellip;]<\/p>\n","protected":false},"featured_media":0,"template":"","meta":[],"product_brand":[910],"product_cat":[4587,4603,4617,4795],"product_tag":[],"class_list":{"0":"post-79279","1":"product","2":"type-product","3":"status-publish","5":"product_brand-bauer","6":"product_cat-sports","7":"product_cat-ice-hockey-winter-sports","8":"product_cat-skates-ice-hockey-winter-sports","9":"product_cat-winter-sports-sports","11":"first","12":"instock","13":"shipping-taxable","14":"purchasable","15":"product-type-simple"},"_links":{"self":[{"href":"https:\/\/sezona.lv\/en\/wp-json\/wp\/v2\/product\/79279","targetHints":{"allow":["GET"]}}],"collection":[{"href":"https:\/\/sezona.lv\/en\/wp-json\/wp\/v2\/product"}],"about":[{"href":"https:\/\/sezona.lv\/en\/wp-json\/wp\/v2\/types\/product"}],"wp:attachment":[{"href":"https:\/\/sezona.lv\/en\/wp-json\/wp\/v2\/media?parent=79279"}],"wp:term":[{"taxonomy":"product_brand","embeddable":true,"href":"https:\/\/sezona.lv\/en\/wp-json\/wp\/v2\/product_brand?post=79279"},{"taxonomy":"product_cat","embeddable":true,"href":"https:\/\/sezona.lv\/en\/wp-json\/wp\/v2\/product_cat?post=79279"},{"taxonomy":"product_tag","embeddable":true,"href":"https:\/\/sezona.lv\/en\/wp-json\/wp\/v2\/product_tag?post=79279"}],"curies":[{"name":"wp","href":"https:\/\/api.w.org\/{rel}","templated":true}]}}