{"id":79280,"date":"2025-07-14T15:37:39","date_gmt":"2025-07-14T12:37:39","guid":{"rendered":"https:\/\/demo8.ecube.lv\/sezona.lv\/products\/rsl-badmintona-volanini-classic-tourney\/"},"modified":"2025-07-14T15:37:39","modified_gmt":"2025-07-14T12:37:39","slug":"rsl-badmintona-volanini-classic-tourney","status":"publish","type":"product","link":"https:\/\/sezona.lv\/en\/products\/rsl-badmintona-volanini-classic-tourney\/","title":{"rendered":"RSL badmintona vol\u0101ni\u0146i Classic Tourney"},"content":{"rendered":"<p>Badmintona vol\u0101ni\u0146i RSL Classic Tourney. Augst\u0101k\u0101 l\u012bme\u0146a spalvu  vol\u0101ni\u0146i ar kor\u0137a galvu. \u012apa&scaron;i iztur\u012bgi vol\u0101ni\u0146i, ar izcilu lidojuma  trajektoriju. Izgatavoti no zosu spalv\u0101m. Tiek izmantoti liel\u0101kajos un  presti\u017eakajos badmintona turn\u012bros vis\u0101 pasaul\u0113.<\/p>\n<p>Kr\u0101sas: balta<\/p>\n<p>\u0100trumi: 78 (vid\u0113js), 79(\u0101trs)<\/p>\n<p>Iepakojum\u0101 12gab.<\/p>\n<p>&nbsp;<\/p>\n<p>RSL n\u0101k no D\u0101nijas, un ir liel\u0101kais spalvu vol\u0101ni\u0146u ra\u017eot\u0101js pasaul\u0113. RSL- eksperi badmintona vol\u0101ni\u0146u ra\u017eo&scaron;an\u0101 kop&scaron; 1928 gada.<\/p>\n","protected":false},"excerpt":{"rendered":"<p>Badmintona vol\u0101ni\u0146i RSL Classic Tourney. Augst\u0101k\u0101 l\u012bme\u0146a spalvu vol\u0101ni\u0146i ar kor\u0137a galvu. \u012apa&scaron;i iztur\u012bgi vol\u0101ni\u0146i, ar izcilu lidojuma trajektoriju. Izgatavoti no zosu spalv\u0101m. Tiek izmantoti liel\u0101kajos un presti\u017eakajos badmintona turn\u012bros vis\u0101 pasaul\u0113. Kr\u0101sas: balta \u0100trumi: 78 (vid\u0113js), 79(\u0101trs) Iepakojum\u0101 12gab. &nbsp; RSL n\u0101k no D\u0101nijas, un ir liel\u0101kais spalvu vol\u0101ni\u0146u ra\u017eot\u0101js pasaul\u0113. RSL- eksperi badmintona [&hellip;]<\/p>\n","protected":false},"featured_media":0,"template":"","meta":[],"product_brand":[920],"product_cat":[4587,4602,4980],"product_tag":[],"class_list":{"0":"post-79280","1":"product","2":"type-product","3":"status-publish","5":"product_brand-wilson","6":"product_cat-sports","7":"product_cat-summer-sports-sports","8":"product_cat-badminton-summer-sports-sports","10":"first","11":"instock","12":"shipping-taxable","13":"purchasable","14":"product-type-simple"},"_links":{"self":[{"href":"https:\/\/sezona.lv\/en\/wp-json\/wp\/v2\/product\/79280","targetHints":{"allow":["GET"]}}],"collection":[{"href":"https:\/\/sezona.lv\/en\/wp-json\/wp\/v2\/product"}],"about":[{"href":"https:\/\/sezona.lv\/en\/wp-json\/wp\/v2\/types\/product"}],"wp:attachment":[{"href":"https:\/\/sezona.lv\/en\/wp-json\/wp\/v2\/media?parent=79280"}],"wp:term":[{"taxonomy":"product_brand","embeddable":true,"href":"https:\/\/sezona.lv\/en\/wp-json\/wp\/v2\/product_brand?post=79280"},{"taxonomy":"product_cat","embeddable":true,"href":"https:\/\/sezona.lv\/en\/wp-json\/wp\/v2\/product_cat?post=79280"},{"taxonomy":"product_tag","embeddable":true,"href":"https:\/\/sezona.lv\/en\/wp-json\/wp\/v2\/product_tag?post=79280"}],"curies":[{"name":"wp","href":"https:\/\/api.w.org\/{rel}","templated":true}]}}