{"id":79281,"date":"2025-07-14T15:37:40","date_gmt":"2025-07-14T12:37:40","guid":{"rendered":"https:\/\/demo8.ecube.lv\/sezona.lv\/products\/donic-galda-tenisa-rakete-waldner-700\/"},"modified":"2025-07-14T15:37:40","modified_gmt":"2025-07-14T12:37:40","slug":"donic-galda-tenisa-rakete-waldner-700","status":"publish","type":"product","link":"https:\/\/sezona.lv\/en\/products\/donic-galda-tenisa-rakete-waldner-700\/","title":{"rendered":"Donic Galda tenisa rakete Waldner 700"},"content":{"rendered":"<div class=\"tab-content\">&ldquo;Donic&rdquo; galda tenisa invent\u0101rs ir viens no popul\u0101r\u0101kajiem galda tenisa  invent\u0101ra ra\u017eot\u0101jiem pasaul\u0113. Tas ir \u012bpa&scaron;i iecien\u012bts ies\u0101c\u0113ju un  amatieru sp\u0113l\u0113tju vid\u016b, jo &ldquo;Donic&rdquo; galda tenisa raketes apvieno gan  sp\u0113ku, gan kontroli un ra\u017eo raketes visiem sp\u0113l\u0113t&rsquo;ju l\u012bme\u0146iem, vis\u0101m  gaum\u0113m un vis\u0101s cen\u0101s.<\/div>\n<div class=\"tab-content\">Galda tenisa rakete, kas piem\u0113rota, lai iem\u0101c\u012btos tehniku un apg\u016btu sp\u0113li.&nbsp; Rakete ar labu griezienu un kontroli.<br \/> <strong>Koks<\/strong>: Tactic (5T)<br \/> <strong>Rokturis<\/strong>: Ieliekts<br \/> <strong>Gumija<\/strong>: Donic<br \/> <strong>&Scaron;vammes biezums:<\/strong>&nbsp;2,0mm<\/p>\n<div class=\"tab-content\"><img loading=\"lazy\" decoding=\"async\" class=\"alignnone size-medium wp-image-11383\" src=\"https:\/\/www.teniss.lv\/wp-content\/uploads\/2018\/11\/waldner_700-300x97.png\" alt=\"\" width=\"300\" height=\"97\" \/><\/div>\n<\/div>\n","protected":false},"excerpt":{"rendered":"<p>&ldquo;Donic&rdquo; galda tenisa invent\u0101rs ir viens no popul\u0101r\u0101kajiem galda tenisa invent\u0101ra ra\u017eot\u0101jiem pasaul\u0113. Tas ir \u012bpa&scaron;i iecien\u012bts ies\u0101c\u0113ju un amatieru sp\u0113l\u0113tju vid\u016b, jo &ldquo;Donic&rdquo; galda tenisa raketes apvieno gan sp\u0113ku, gan kontroli un ra\u017eo raketes visiem sp\u0113l\u0113t&rsquo;ju l\u012bme\u0146iem, vis\u0101m gaum\u0113m un vis\u0101s cen\u0101s. Galda tenisa rakete, kas piem\u0113rota, lai iem\u0101c\u012btos tehniku un apg\u016btu sp\u0113li.&nbsp; Rakete [&hellip;]<\/p>\n","protected":false},"featured_media":0,"template":"","meta":[],"product_brand":[],"product_cat":[4587,4602,4635],"product_tag":[],"class_list":{"0":"post-79281","1":"product","2":"type-product","3":"status-publish","5":"product_cat-sports","6":"product_cat-summer-sports-sports","7":"product_cat-ping-pong-summer-sports-sports","9":"first","10":"instock","11":"shipping-taxable","12":"purchasable","13":"product-type-simple"},"_links":{"self":[{"href":"https:\/\/sezona.lv\/en\/wp-json\/wp\/v2\/product\/79281","targetHints":{"allow":["GET"]}}],"collection":[{"href":"https:\/\/sezona.lv\/en\/wp-json\/wp\/v2\/product"}],"about":[{"href":"https:\/\/sezona.lv\/en\/wp-json\/wp\/v2\/types\/product"}],"wp:attachment":[{"href":"https:\/\/sezona.lv\/en\/wp-json\/wp\/v2\/media?parent=79281"}],"wp:term":[{"taxonomy":"product_brand","embeddable":true,"href":"https:\/\/sezona.lv\/en\/wp-json\/wp\/v2\/product_brand?post=79281"},{"taxonomy":"product_cat","embeddable":true,"href":"https:\/\/sezona.lv\/en\/wp-json\/wp\/v2\/product_cat?post=79281"},{"taxonomy":"product_tag","embeddable":true,"href":"https:\/\/sezona.lv\/en\/wp-json\/wp\/v2\/product_tag?post=79281"}],"curies":[{"name":"wp","href":"https:\/\/api.w.org\/{rel}","templated":true}]}}