{"id":79287,"date":"2025-07-14T15:37:45","date_gmt":"2025-07-14T12:37:45","guid":{"rendered":"https:\/\/demo8.ecube.lv\/sezona.lv\/products\/bresser-juniors-4x30-kompakts-kabatas-binoklis-berniem\/"},"modified":"2025-07-14T15:37:45","modified_gmt":"2025-07-14T12:37:45","slug":"bresser-juniors-4x30-kompakts-kabatas-binoklis-berniem","status":"publish","type":"product","link":"https:\/\/sezona.lv\/en\/products\/bresser-juniors-4x30-kompakts-kabatas-binoklis-berniem\/","title":{"rendered":"Bresser Juniors 4&#215;30 Kompakts Kabatas Binoklis  b\u0113rniem"},"content":{"rendered":"<p><span style=\"vertical-align: baseline\"><span style=\"vertical-align: baseline\"><span style=\"font-size: 12pt;font-family: Tahoma, Arial;font-weight: bold;color: #000000\">Kompakts  b\u0113rnu binoklis ar 4 rei\u017eu palielin\u0101jumu un 30mm l\u0113cu diametru.  Piem\u0113rots b\u0113rniem no 4 gadu vecuma. Binoklim ir centr\u0101l\u0101 fokus\u0113&scaron;ana.<\/span><span style=\"color: #000000;font-family: Arial;font-size: 14px;font-weight: bold\"><br \/><\/span><\/span><\/span><\/p>\n<p style=\"margin-top: 0pt;margin-bottom: 0pt;line-height: 1.38\" dir=\"ltr\"><span style=\"vertical-align: baseline\"><span style=\"vertical-align: baseline\"><span style=\"color: #000000;font-family: Arial;font-size: 14px;font-weight: bold\"><br \/><\/span><br \/><\/span><\/span><\/p>\n<p style=\"line-height: 1.38;margin-top: 0pt;margin-bottom: 0pt\" dir=\"ltr\"><span style=\"font-size: 11pt;font-family: Arial;color: #212121;background-color: #ffffff;font-weight: 400;font-style: normal;font-variant: normal;text-decoration: none;vertical-align: baseline\">BRESSER JUNIORS 4&#215;30 B\u0113rnu binoklis ir pirm\u0101 iece\u013co&scaron;anas modelis par god\u012bgu cenu. Kompakts ar centr\u0101l\u0101 rite\u0146a fokus\u0113&scaron;anu. Ide\u0101la d\u0101vana b\u0113rniem!<\/span><\/p>\n<p style=\"line-height: 1.38;margin-top: 0pt;margin-bottom: 0pt\" dir=\"ltr\"><span style=\"font-size: 11pt;font-family: Arial;color: #212121;background-color: #ffffff;font-weight: 400;font-style: normal;font-variant: normal;text-decoration: none;vertical-align: baseline\"> <\/span><\/p>\n<p style=\"line-height: 1.38;margin-top: 0pt;margin-bottom: 0pt\" dir=\"ltr\"><span style=\"font-size: 11pt;font-family: Arial;color: #212121;background-color: #ffffff;font-weight: 400;font-style: normal;font-variant: normal;text-decoration: none;vertical-align: baseline\"> &nbsp;&nbsp;&nbsp;&nbsp;&nbsp;&nbsp;&nbsp;&nbsp;&nbsp;&nbsp;<\/span><span style=\"font-size: 11pt;font-family: Arial;color: #212121;background-color: #ffffff;font-weight: 400;font-style: normal;font-variant: normal;text-decoration: none;vertical-align: baseline\"><span class=\"Apple-tab-span\"> <\/span><\/span><span style=\"font-size: 11pt;font-family: Arial;color: #212121;background-color: #ffffff;font-weight: 400;font-style: normal;font-variant: normal;text-decoration: none;vertical-align: baseline\"> Kompakts ies\u0101c\u0113ja binoklis ar centr\u0101l\u0101 rite\u0146a fokus\u0113&scaron;anu<\/span><\/p>\n<p style=\"line-height: 1.38;margin-top: 0pt;margin-bottom: 0pt\" dir=\"ltr\"><span style=\"font-size: 11pt;font-family: Arial;color: #212121;background-color: #ffffff;font-weight: 400;font-style: normal;font-variant: normal;text-decoration: none;vertical-align: baseline\"> &nbsp;&nbsp;&nbsp;&nbsp;&nbsp;&nbsp;&nbsp;&nbsp;&nbsp;&nbsp;<\/span><span style=\"font-size: 11pt;font-family: Arial;color: #212121;background-color: #ffffff;font-weight: 400;font-style: normal;font-variant: normal;text-decoration: none;vertical-align: baseline\"><span class=\"Apple-tab-span\"> <\/span><\/span><span style=\"font-size: 11pt;font-family: Arial;color: #212121;background-color: #ffffff;font-weight: 400;font-style: normal;font-variant: normal;text-decoration: none;vertical-align: baseline\"> Palielin\u0101jums: 4x \/ Objekt\u012bva diametrs: 30mm<\/span><\/p>\n<p style=\"line-height: 1.38;margin-top: 0pt;margin-bottom: 0pt\" dir=\"ltr\"><span style=\"font-size: 11pt;font-family: Arial;color: #212121;background-color: #ffffff;font-weight: 400;font-style: normal;font-variant: normal;text-decoration: none;vertical-align: baseline\"> &nbsp;&nbsp;&nbsp;&nbsp;&nbsp;&nbsp;&nbsp;&nbsp;&nbsp;&nbsp;<\/span><span style=\"font-size: 11pt;font-family: Arial;color: #212121;background-color: #ffffff;font-weight: 400;font-style: normal;font-variant: normal;text-decoration: none;vertical-align: baseline\"><span class=\"Apple-tab-span\"> <\/span><\/span><span style=\"font-size: 11pt;font-family: Arial;color: #212121;background-color: #ffffff;font-weight: 400;font-style: normal;font-variant: normal;text-decoration: none;vertical-align: baseline\"> L\u0113cas izgatavotas no optisk\u0101s plastmasas<\/span><\/p>\n<p style=\"line-height: 1.38;margin-top: 0pt;margin-bottom: 0pt\" dir=\"ltr\"><span style=\"font-size: 11pt;font-family: Arial;color: #212121;background-color: #ffffff;font-weight: 400;font-style: normal;font-variant: normal;text-decoration: none;vertical-align: baseline\"> &nbsp;&nbsp;&nbsp;&nbsp;&nbsp;&nbsp;&nbsp;&nbsp;&nbsp;&nbsp;<\/span><span style=\"font-size: 11pt;font-family: Arial;color: #212121;background-color: #ffffff;font-weight: 400;font-style: normal;font-variant: normal;text-decoration: none;vertical-align: baseline\"><span class=\"Apple-tab-span\"> <\/span><\/span><span style=\"font-size: 11pt;font-family: Arial;color: #212121;background-color: #ffffff;font-weight: 400;font-style: normal;font-variant: normal;text-decoration: none;vertical-align: baseline\"> Izm\u0113rs: 10,3 x 11 x 4 cm \/ Svars: 120 g<\/span><\/p>\n<p style=\"line-height: 1.38;margin-top: 0pt;margin-bottom: 0pt\" dir=\"ltr\"><span style=\"font-size: 11pt;font-family: Arial;color: #212121;background-color: #ffffff;font-weight: 400;font-style: normal;font-variant: normal;text-decoration: none;vertical-align: baseline\"> &nbsp;&nbsp;&nbsp;&nbsp;&nbsp;&nbsp;&nbsp;&nbsp;&nbsp;&nbsp;<\/span><span style=\"font-size: 11pt;font-family: Arial;color: #212121;background-color: #ffffff;font-weight: 400;font-style: normal;font-variant: normal;text-decoration: none;vertical-align: baseline\"><span class=\"Apple-tab-span\"> <\/span><\/span><span style=\"font-size: 11pt;font-family: Arial;color: #212121;background-color: #ffffff;font-weight: 400;font-style: normal;font-variant: normal;text-decoration: none;vertical-align: baseline\"> Komplekt\u0101 ietilpst: binok\u013ci, rokas siksna, l\u0113cas audums, rokasgr\u0101mata<\/span><\/p>\n<p style=\"line-height: 1.38;margin-top: 0pt;margin-bottom: 0pt\" dir=\"ltr\"><span style=\"font-size: 11pt;font-family: Arial;color: #212121;background-color: #ffffff;font-weight: 400;font-style: normal;font-variant: normal;text-decoration: none;vertical-align: baseline\"> <\/span><\/p>\n<p style=\"line-height: 1.38;margin-top: 0pt;margin-bottom: 0pt\" dir=\"ltr\"><span style=\"font-size: 11pt;font-family: Arial;color: #212121;background-color: #ffffff;font-weight: 700;font-style: normal;font-variant: normal;text-decoration: none;vertical-align: baseline\">Komplekt\u0101 ietilpst:<\/span><\/p>\n<p style=\"line-height: 1.38;margin-top: 0pt;margin-bottom: 0pt;margin-left: 36pt;text-indent: -18pt;padding: 0pt 0pt 0pt 18pt\" dir=\"ltr\"><span style=\"font-size: 11pt;font-family: Arial;color: #212121;background-color: #ffffff;font-weight: 700;font-style: normal;font-variant: normal;text-decoration: none;vertical-align: baseline\">1.<\/span><span style=\"font-size: 6.999999999999999pt;font-family: 'Times New Roman';color: #212121;background-color: #ffffff;font-weight: 400;font-style: normal;font-variant: normal;text-decoration: none;vertical-align: baseline\"><span class=\"Apple-tab-span\"> <\/span><\/span><span style=\"font-size: 11pt;font-family: Arial;color: #212121;background-color: #ffffff;font-weight: 400;font-style: normal;font-variant: normal;text-decoration: none;vertical-align: baseline\">Binoklis<\/span><\/p>\n<p style=\"line-height: 1.38;margin-top: 0pt;margin-bottom: 0pt;margin-left: 36pt;text-indent: -18pt;padding: 0pt 0pt 0pt 18pt\" dir=\"ltr\"><span style=\"font-size: 11pt;font-family: Arial;color: #212121;background-color: #ffffff;font-weight: 700;font-style: normal;font-variant: normal;text-decoration: none;vertical-align: baseline\">2.<\/span><span style=\"font-size: 6.999999999999999pt;font-family: 'Times New Roman';color: #212121;background-color: #ffffff;font-weight: 400;font-style: normal;font-variant: normal;text-decoration: none;vertical-align: baseline\"><span class=\"Apple-tab-span\"> <\/span><\/span><span style=\"font-size: 11pt;font-family: Arial;color: #212121;background-color: #ffffff;font-weight: 400;font-style: normal;font-variant: normal;text-decoration: none;vertical-align: baseline\">Rokas Siksna<\/span><\/p>\n<p style=\"line-height: 1.38;margin-top: 0pt;margin-bottom: 0pt;margin-left: 36pt;text-indent: -18pt;padding: 0pt 0pt 0pt 18pt\" dir=\"ltr\"><span style=\"font-size: 11pt;font-family: Arial;color: #212121;background-color: #ffffff;font-weight: 700;font-style: normal;font-variant: normal;text-decoration: none;vertical-align: baseline\">3.<\/span><span style=\"font-size: 6.999999999999999pt;font-family: 'Times New Roman';color: #212121;background-color: #ffffff;font-weight: 400;font-style: normal;font-variant: normal;text-decoration: none;vertical-align: baseline\"><span class=\"Apple-tab-span\"> <\/span><\/span><span style=\"font-size: 11pt;font-family: Arial;color: #212121;background-color: #ffffff;font-weight: 400;font-style: normal;font-variant: normal;text-decoration: none;vertical-align: baseline\">L\u0113cas audums<\/span><\/p>\n<p style=\"margin-top: 0pt;margin-bottom: 0pt;line-height: 1.38\" dir=\"ltr\">&nbsp;<\/p>\n<p style=\"line-height: 1.38;margin-top: 0pt;margin-bottom: 0pt;margin-left: 36pt;text-indent: -18pt;padding: 0pt 0pt 0pt 18pt\" dir=\"ltr\"><span style=\"font-size: 11pt;font-family: Arial;color: #212121;background-color: #ffffff;font-weight: 700;font-style: normal;font-variant: normal;text-decoration: none;vertical-align: baseline\">4.<\/span><span style=\"font-size: 6.999999999999999pt;font-family: 'Times New Roman';color: #212121;background-color: #ffffff;font-weight: 400;font-style: normal;font-variant: normal;text-decoration: none;vertical-align: baseline\"><span class=\"Apple-tab-span\"> <\/span><\/span><span style=\"font-size: 11pt;font-family: Arial;color: #212121;background-color: #ffffff;font-weight: 400;font-style: normal;font-variant: normal;text-decoration: none;vertical-align: baseline\">Rokasgr\u0101mata<\/span><\/p>\n<p><span style=\"color: #000000;font-family: Arial;font-size: 14px\"><br \/><\/span><\/p>\n","protected":false},"excerpt":{"rendered":"<p>Kompakts b\u0113rnu binoklis ar 4 rei\u017eu palielin\u0101jumu un 30mm l\u0113cu diametru. Piem\u0113rots b\u0113rniem no 4 gadu vecuma. Binoklim ir centr\u0101l\u0101 fokus\u0113&scaron;ana. BRESSER JUNIORS 4&#215;30 B\u0113rnu binoklis ir pirm\u0101 iece\u013co&scaron;anas modelis par god\u012bgu cenu. Kompakts ar centr\u0101l\u0101 rite\u0146a fokus\u0113&scaron;anu. Ide\u0101la d\u0101vana b\u0113rniem! &nbsp;&nbsp;&nbsp;&nbsp;&nbsp;&nbsp;&nbsp;&nbsp;&nbsp;&nbsp; Kompakts ies\u0101c\u0113ja binoklis ar centr\u0101l\u0101 rite\u0146a fokus\u0113&scaron;anu &nbsp;&nbsp;&nbsp;&nbsp;&nbsp;&nbsp;&nbsp;&nbsp;&nbsp;&nbsp; Palielin\u0101jums: 4x \/ Objekt\u012bva diametrs: [&hellip;]<\/p>\n","protected":false},"featured_media":0,"template":"","meta":[],"product_brand":[],"product_cat":[4640,4938,4939],"product_tag":[],"class_list":{"0":"post-79287","1":"product","2":"type-product","3":"status-publish","5":"product_cat-recreation","6":"product_cat-optics-recreation","7":"product_cat-binoculars-optics-recreation","9":"first","10":"instock","11":"shipping-taxable","12":"purchasable","13":"product-type-simple"},"_links":{"self":[{"href":"https:\/\/sezona.lv\/en\/wp-json\/wp\/v2\/product\/79287","targetHints":{"allow":["GET"]}}],"collection":[{"href":"https:\/\/sezona.lv\/en\/wp-json\/wp\/v2\/product"}],"about":[{"href":"https:\/\/sezona.lv\/en\/wp-json\/wp\/v2\/types\/product"}],"wp:attachment":[{"href":"https:\/\/sezona.lv\/en\/wp-json\/wp\/v2\/media?parent=79287"}],"wp:term":[{"taxonomy":"product_brand","embeddable":true,"href":"https:\/\/sezona.lv\/en\/wp-json\/wp\/v2\/product_brand?post=79287"},{"taxonomy":"product_cat","embeddable":true,"href":"https:\/\/sezona.lv\/en\/wp-json\/wp\/v2\/product_cat?post=79287"},{"taxonomy":"product_tag","embeddable":true,"href":"https:\/\/sezona.lv\/en\/wp-json\/wp\/v2\/product_tag?post=79287"}],"curies":[{"name":"wp","href":"https:\/\/api.w.org\/{rel}","templated":true}]}}