{"id":79288,"date":"2025-07-14T15:37:46","date_gmt":"2025-07-14T12:37:46","guid":{"rendered":"https:\/\/demo8.ecube.lv\/sezona.lv\/products\/barska-binocular-tripod-adaptor-binoklu-stativs\/"},"modified":"2025-07-14T15:37:46","modified_gmt":"2025-07-14T12:37:46","slug":"barska-binocular-tripod-adaptor-binoklu-stativs","status":"publish","type":"product","link":"https:\/\/sezona.lv\/en\/products\/barska-binocular-tripod-adaptor-binoklu-stativs\/","title":{"rendered":"Barska Binocular Tripod Adaptor binok\u013cu stat\u012bvs"},"content":{"rendered":"<p><span>Binok\u013cu stat\u012bvs, der vair\u0101kumam binok\u013cu, kas ir apr\u012bkoti ar adapteru skr\u016bv\u0113m.<\/span><\/p>\n","protected":false},"excerpt":{"rendered":"<p>Binok\u013cu stat\u012bvs, der vair\u0101kumam binok\u013cu, kas ir apr\u012bkoti ar adapteru skr\u016bv\u0113m.<\/p>\n","protected":false},"featured_media":0,"template":"","meta":[],"product_brand":[],"product_cat":[4640,4938,4939],"product_tag":[],"class_list":{"0":"post-79288","1":"product","2":"type-product","3":"status-publish","5":"product_cat-recreation","6":"product_cat-optics-recreation","7":"product_cat-binoculars-optics-recreation","9":"first","10":"instock","11":"shipping-taxable","12":"purchasable","13":"product-type-simple"},"_links":{"self":[{"href":"https:\/\/sezona.lv\/en\/wp-json\/wp\/v2\/product\/79288","targetHints":{"allow":["GET"]}}],"collection":[{"href":"https:\/\/sezona.lv\/en\/wp-json\/wp\/v2\/product"}],"about":[{"href":"https:\/\/sezona.lv\/en\/wp-json\/wp\/v2\/types\/product"}],"wp:attachment":[{"href":"https:\/\/sezona.lv\/en\/wp-json\/wp\/v2\/media?parent=79288"}],"wp:term":[{"taxonomy":"product_brand","embeddable":true,"href":"https:\/\/sezona.lv\/en\/wp-json\/wp\/v2\/product_brand?post=79288"},{"taxonomy":"product_cat","embeddable":true,"href":"https:\/\/sezona.lv\/en\/wp-json\/wp\/v2\/product_cat?post=79288"},{"taxonomy":"product_tag","embeddable":true,"href":"https:\/\/sezona.lv\/en\/wp-json\/wp\/v2\/product_tag?post=79288"}],"curies":[{"name":"wp","href":"https:\/\/api.w.org\/{rel}","templated":true}]}}