{"id":79289,"date":"2025-07-14T15:37:47","date_gmt":"2025-07-14T12:37:47","guid":{"rendered":"https:\/\/demo8.ecube.lv\/sezona.lv\/products\/levenhuk-labzz-b2-6-x-21-kompakts-kabatas-binoklis-berniem\/"},"modified":"2025-07-14T15:37:47","modified_gmt":"2025-07-14T12:37:47","slug":"levenhuk-labzz-b2-6-x-21-kompakts-kabatas-binoklis-berniem","status":"publish","type":"product","link":"https:\/\/sezona.lv\/en\/products\/levenhuk-labzz-b2-6-x-21-kompakts-kabatas-binoklis-berniem\/","title":{"rendered":"Levenhuk LabZZ B2 6 x 21 Kompakts Kabatas Binoklis B\u0113rniem"},"content":{"rendered":"<p style=\"margin-bottom: 10px;padding: 0px;color: #3a3a3a;font-family: Vardana, sans-serif;font-size: 14px\">Levenhuk  LabZZ B2 binok\u013ci liks jebkuram b\u0113rnam justies k\u0101 patiesam ce\u013cot\u0101jam un  p\u0113tniekam. &Scaron;ie kompaktie binok\u013ci ir \u012bpa&scaron;i izstr\u0101d\u0101ti jauniem  nov\u0113rot\u0101jiem. Korpusa forma un binok\u013cu izm\u0113rs ir ide\u0101ls priek&scaron; mazu  b\u0113rnu rok\u0101m, bet optiskais izpild\u012bjums ir piel\u012bdzin\u0101ms da\u017eiem  &ldquo;pieaugu&scaron;o&rdquo; mode\u013ciem.<\/p>\n<p style=\"margin-bottom: 10px;padding: 0px;color: #3a3a3a;font-family: Vardana, sans-serif;font-size: 14px\">Binok\u013ciem  ir m\u016bsdien\u012bgas jumta prizmas dizains, kas nodro&scaron;ina 6x palielin\u0101jumu.  21 mm objekt\u012bva l\u0113cas diametrs \u013cauj skaidri saskat\u012bt pat vismaz\u0101k\u0101s  deta\u013cas uz objektiem veicot nov\u0113rojumus dienas laik\u0101. No stikla veidotie  optiskie elementi nodro&scaron;ina asus un dzidrus att\u0113lus. Pret atstarojo&scaron;ais  p\u0101rkl\u0101jums b\u016btiski palielina att\u0113la spilgtumu.<\/p>\n<p style=\"margin-bottom: 10px;padding: 0px;color: #3a3a3a;font-family: Vardana, sans-serif;font-size: 14px\">Fokus\u0113&scaron;anas  gredzens atrodas centr\u0101, l\u012bdz ar to ir viegli piel\u0101got fokusu gan ar  labo, gan ar kreiso roku. Korpuss ir veidots no plastmasas ar gumijas  p\u0101rkl\u0101jumu, l\u012bdz ar to tas ir viegls, bet \u013coti iztur\u012bgs. &Scaron;ie binok\u013ci ir  ieteicami b\u0113rniem, kuri ir vec\u0101ki par \u010detriem gadiem.<\/p>\n<p style=\"margin-bottom: 10px;padding: 0px;color: #3a3a3a;font-family: Vardana, sans-serif;font-size: 14px\"><strong style=\"margin: 0px;padding: 0px\">Komplekt\u0101 iek\u013cauts:<\/strong><br style=\"margin: 0px;padding: 0px\" \/><\/p>\n<ul class=\"vikas-list-u\" style=\"margin-right: 0px;margin-bottom: 15px;margin-left: 20px;padding: 0px;color: #3a3a3a;font-family: Vardana, sans-serif;font-size: 14px\">\n<li style=\"margin: 0px;padding: 0px\">Binoklis<\/li>\n<li style=\"margin: 0px;padding: 0px\">M\u012bksts maks<\/li>\n<li style=\"margin: 0px;padding: 0px\">Rokas siksni\u0146a<\/li>\n<li style=\"margin: 0px;padding: 0px\">T\u012br\u012b&scaron;anas noslauc\u012bt<\/li>\n<li style=\"margin: 0px;padding: 0px\">Lietot\u0101ja rokasgr\u0101mata un m\u016b\u017ea garantija<\/li>\n<\/ul>\n<div>\n<table class=\"table table-bordered\" border=\"0\">\n<thead>\n<tr>\n<td colspan=\"2\"><strong>Atrib\u016bti<\/strong><\/td>\n<\/tr>\n<tr>\n<td>Fokus\u0113&scaron;ana<\/td>\n<td>centr\u0101l\u0101<\/td>\n<\/tr>\n<tr>\n<td>Garantija<\/td>\n<td>999 months<\/td>\n<\/tr>\n<tr>\n<td>Iepakojuma izm\u0113ri (GxPxA):<\/td>\n<td>10.3 x 5.3 x 11.8 cm<\/td>\n<\/tr>\n<tr>\n<td>Korpusa materi\u0101ls<\/td>\n<td>plastmasa<\/td>\n<\/tr>\n<tr>\n<td>Objekt\u012bva l\u0113cas diametrs (atv\u0113rums)<\/td>\n<td>21 mm<\/td>\n<\/tr>\n<tr>\n<td>Okul\u0101ru kausi\u0146i<\/td>\n<td>gumijas<\/td>\n<\/tr>\n<tr>\n<td>Optikas materi\u0101ls<\/td>\n<td>optiskais stikls<\/td>\n<\/tr>\n<tr>\n<td>Optikas p\u0101rkl\u0101jums<\/td>\n<td>pret-atstarojo&scaron;s<\/td>\n<\/tr>\n<tr>\n<td>Palielin\u0101jums<\/td>\n<td>6 x<\/td>\n<\/tr>\n<tr>\n<td>Ra\u017eot\u0101ja valsts<\/td>\n<td>PRC, controlled by Levenhuk, Inc. (USA)<\/td>\n<\/tr>\n<tr>\n<td>Redzes lauks, m\/1000 m<\/td>\n<td>120<\/td>\n<\/tr>\n<tr>\n<td>Starp-z\u012bl\u012b&scaron;u  att\u0101lums (IPD)<\/td>\n<td>65&ndash;50 mm<\/td>\n<\/tr>\n<tr>\n<td>Svars<\/td>\n<td>0.272 kg<\/td>\n<\/tr>\n<tr>\n<td>Tips<\/td>\n<td>prizmas<\/td>\n<\/tr>\n<\/thead>\n<\/table>\n<\/div>\n","protected":false},"excerpt":{"rendered":"<p>Levenhuk LabZZ B2 binok\u013ci liks jebkuram b\u0113rnam justies k\u0101 patiesam ce\u013cot\u0101jam un p\u0113tniekam. &Scaron;ie kompaktie binok\u013ci ir \u012bpa&scaron;i izstr\u0101d\u0101ti jauniem nov\u0113rot\u0101jiem. Korpusa forma un binok\u013cu izm\u0113rs ir ide\u0101ls priek&scaron; mazu b\u0113rnu rok\u0101m, bet optiskais izpild\u012bjums ir piel\u012bdzin\u0101ms da\u017eiem &ldquo;pieaugu&scaron;o&rdquo; mode\u013ciem. Binok\u013ciem ir m\u016bsdien\u012bgas jumta prizmas dizains, kas nodro&scaron;ina 6x palielin\u0101jumu. 21 mm objekt\u012bva l\u0113cas diametrs [&hellip;]<\/p>\n","protected":false},"featured_media":0,"template":"","meta":[],"product_brand":[3372],"product_cat":[4640,4938,4939],"product_tag":[],"class_list":{"0":"post-79289","1":"product","2":"type-product","3":"status-publish","5":"product_brand-levenhuk","6":"product_cat-recreation","7":"product_cat-optics-recreation","8":"product_cat-binoculars-optics-recreation","10":"first","11":"instock","12":"shipping-taxable","13":"purchasable","14":"product-type-simple"},"_links":{"self":[{"href":"https:\/\/sezona.lv\/en\/wp-json\/wp\/v2\/product\/79289","targetHints":{"allow":["GET"]}}],"collection":[{"href":"https:\/\/sezona.lv\/en\/wp-json\/wp\/v2\/product"}],"about":[{"href":"https:\/\/sezona.lv\/en\/wp-json\/wp\/v2\/types\/product"}],"wp:attachment":[{"href":"https:\/\/sezona.lv\/en\/wp-json\/wp\/v2\/media?parent=79289"}],"wp:term":[{"taxonomy":"product_brand","embeddable":true,"href":"https:\/\/sezona.lv\/en\/wp-json\/wp\/v2\/product_brand?post=79289"},{"taxonomy":"product_cat","embeddable":true,"href":"https:\/\/sezona.lv\/en\/wp-json\/wp\/v2\/product_cat?post=79289"},{"taxonomy":"product_tag","embeddable":true,"href":"https:\/\/sezona.lv\/en\/wp-json\/wp\/v2\/product_tag?post=79289"}],"curies":[{"name":"wp","href":"https:\/\/api.w.org\/{rel}","templated":true}]}}